{"id":561,"date":"2021-05-19T23:37:47","date_gmt":"2021-05-19T21:37:47","guid":{"rendered":"https:\/\/jmyo.fi\/paasivusto\/?page_id=561"},"modified":"2021-08-02T17:11:14","modified_gmt":"2021-08-02T14:11:14","slug":"ifsa","status":"publish","type":"page","link":"https:\/\/jmyo.fi\/en\/ainejarjesto\/ifsa\/","title":{"rendered":"IFSA"},"content":{"rendered":"<div data-elementor-type=\"wp-page\" data-elementor-id=\"561\" class=\"elementor elementor-561\">\n\t\t\t\t\t\t<section class=\"elementor-section elementor-top-section elementor-element elementor-element-57189885 elementor-section-boxed elementor-section-height-default elementor-section-height-default\" data-id=\"57189885\" data-element_type=\"section\">\n\t\t\t\t\t\t<div class=\"elementor-container elementor-column-gap-default\">\n\t\t\t\t\t<div class=\"elementor-column elementor-col-100 elementor-top-column elementor-element elementor-element-35bd5e1b\" data-id=\"35bd5e1b\" data-element_type=\"column\">\n\t\t\t<div class=\"elementor-widget-wrap elementor-element-populated\">\n\t\t\t\t\t\t<div class=\"elementor-element elementor-element-2aaa39c3 elementor-widget elementor-widget-text-editor\" data-id=\"2aaa39c3\" data-element_type=\"widget\" data-widget_type=\"text-editor.default\">\n\t\t\t\t<div class=\"elementor-widget-container\">\n\t\t\t\t\t\t\t\t\t<p><img fetchpriority=\"high\" decoding=\"async\" class=\"wp-image-562 alignright\" src=\"https:\/\/jmyo.fi\/paasivusto\/wp-content\/uploads\/2021\/05\/Logo-IFSA_color.png\" alt=\"\" width=\"242\" height=\"208\" \/><\/p>\n<p>The International Forestry Students\u2019 Association is a joint organization of forest students around the world, run by students on a voluntary basis. IFSA is headquartered in Freiburg, Germany, but is run by an annually elected president, vice president and other trustees. All forest student organizations can apply for membership in IFSA. Joensuun Mets\u00e4ylioppilaat ry is a member of IFSA.<\/p>\n<p>IFSA's activities include organizing various events around the world. The events are organized by local committees, one of which is Joensuu. Annual events affecting the people of Joensuu are the IFSS World Conference, which elects trustees for the following year. In addition, European events include the NERM in Northern Europe and the Winter Meeting in Slovenia. The events have a specific theme that introduces the area to forestry. In addition, participants will give presentations on forest-related issues in their area. At the events, the area's forests and forest industry will be explored through presentations and visits. In addition, local committees may organize and invite IFSA members to seminars or other events.<\/p>\n<p>IFSA also has an exchange program that offers internships around the world. In addition, IFSA publishes its own magazine. More detailed information on IFSA's activities is available at\u00a0<a href=\"http:\/\/www.ifsa.net\/\">www.ifsa.net<\/a>.<\/p>\t\t\t\t\t\t\t\t<\/div>\n\t\t\t\t<\/div>\n\t\t\t\t\t<\/div>\n\t\t<\/div>\n\t\t\t\t\t<\/div>\n\t\t<\/section>\n\t\t\t\t<\/div>","protected":false},"excerpt":{"rendered":"<p>International Forestry Students\u2019 Association on maailman mets\u00e4opiskelijoiden yhteinen j\u00e4rjest\u00f6, jota opiskelijat py\u00f6ritt\u00e4v\u00e4t vapaaehtoisvoimin. IFSA:lla on p\u00e4\u00e4maja Freiburgissa, Saksassa, mutta toimintaa johtavat vuosittain vaaleilla valittavat presidentti, varapresidentti ja muut luottamushenkil\u00f6t. J\u00e4seneksi [&hellip;]<\/p>","protected":false},"author":4,"featured_media":0,"parent":501,"menu_order":8,"comment_status":"closed","ping_status":"closed","template":"","meta":{"_acf_changed":false,"footnotes":""},"class_list":["post-561","page","type-page","status-publish","hentry"],"acf":[],"yoast_head":"<!-- This site is optimized with the Yoast SEO plugin v24.7 - https:\/\/yoast.com\/wordpress\/plugins\/seo\/ -->\n<title>IFSA - Joensuun Mets\u00e4ylioppilaat ry<\/title>\n<meta name=\"robots\" content=\"index, follow, max-snippet:-1, max-image-preview:large, max-video-preview:-1\" \/>\n<link rel=\"canonical\" href=\"https:\/\/jmyo.fi\/en\/ainejarjesto\/ifsa\/\" \/>\n<meta property=\"og:locale\" content=\"en_US\" \/>\n<meta property=\"og:type\" content=\"article\" \/>\n<meta property=\"og:title\" content=\"IFSA - Joensuun Mets\u00e4ylioppilaat ry\" \/>\n<meta property=\"og:description\" content=\"International Forestry Students\u2019 Association on maailman mets\u00e4opiskelijoiden yhteinen j\u00e4rjest\u00f6, jota opiskelijat py\u00f6ritt\u00e4v\u00e4t vapaaehtoisvoimin. IFSA:lla on p\u00e4\u00e4maja Freiburgissa, Saksassa, mutta toimintaa johtavat vuosittain vaaleilla valittavat presidentti, varapresidentti ja muut luottamushenkil\u00f6t. J\u00e4seneksi [&hellip;]\" \/>\n<meta property=\"og:url\" content=\"https:\/\/jmyo.fi\/en\/ainejarjesto\/ifsa\/\" \/>\n<meta property=\"og:site_name\" content=\"Joensuun Mets\u00e4ylioppilaat ry\" \/>\n<meta property=\"article:modified_time\" content=\"2021-08-02T14:11:14+00:00\" \/>\n<meta property=\"og:image\" content=\"https:\/\/jmyo.fi\/paasivusto\/wp-content\/uploads\/2021\/05\/Logo-IFSA_color.png\" \/>\n<meta name=\"twitter:card\" content=\"summary_large_image\" \/>\n<meta name=\"twitter:label1\" content=\"Est. reading time\" \/>\n\t<meta name=\"twitter:data1\" content=\"1 minute\" \/>\n<script type=\"application\/ld+json\" class=\"yoast-schema-graph\">{\"@context\":\"https:\/\/schema.org\",\"@graph\":[{\"@type\":\"WebPage\",\"@id\":\"https:\/\/jmyo.fi\/en\/ainejarjesto\/ifsa\/\",\"url\":\"https:\/\/jmyo.fi\/en\/ainejarjesto\/ifsa\/\",\"name\":\"IFSA - Joensuun Mets\u00e4ylioppilaat ry\",\"isPartOf\":{\"@id\":\"https:\/\/jmyo.fi\/#website\"},\"primaryImageOfPage\":{\"@id\":\"https:\/\/jmyo.fi\/en\/ainejarjesto\/ifsa\/#primaryimage\"},\"image\":{\"@id\":\"https:\/\/jmyo.fi\/en\/ainejarjesto\/ifsa\/#primaryimage\"},\"thumbnailUrl\":\"https:\/\/jmyo.fi\/paasivusto\/wp-content\/uploads\/2021\/05\/Logo-IFSA_color.png\",\"datePublished\":\"2021-05-19T21:37:47+00:00\",\"dateModified\":\"2021-08-02T14:11:14+00:00\",\"breadcrumb\":{\"@id\":\"https:\/\/jmyo.fi\/en\/ainejarjesto\/ifsa\/#breadcrumb\"},\"inLanguage\":\"en-US\",\"potentialAction\":[{\"@type\":\"ReadAction\",\"target\":[\"https:\/\/jmyo.fi\/en\/ainejarjesto\/ifsa\/\"]}]},{\"@type\":\"ImageObject\",\"inLanguage\":\"en-US\",\"@id\":\"https:\/\/jmyo.fi\/en\/ainejarjesto\/ifsa\/#primaryimage\",\"url\":\"https:\/\/jmyo.fi\/paasivusto\/wp-content\/uploads\/2021\/05\/Logo-IFSA_color.png\",\"contentUrl\":\"https:\/\/jmyo.fi\/paasivusto\/wp-content\/uploads\/2021\/05\/Logo-IFSA_color.png\"},{\"@type\":\"BreadcrumbList\",\"@id\":\"https:\/\/jmyo.fi\/en\/ainejarjesto\/ifsa\/#breadcrumb\",\"itemListElement\":[{\"@type\":\"ListItem\",\"position\":1,\"name\":\"Etusivu\",\"item\":\"https:\/\/jmyo.fi\/\"},{\"@type\":\"ListItem\",\"position\":2,\"name\":\"Ainej\u00e4rjest\u00f6\",\"item\":\"https:\/\/jmyo.fi\/ainejarjesto\/\"},{\"@type\":\"ListItem\",\"position\":3,\"name\":\"IFSA\"}]},{\"@type\":\"WebSite\",\"@id\":\"https:\/\/jmyo.fi\/#website\",\"url\":\"https:\/\/jmyo.fi\/\",\"name\":\"Joensuun Mets\u00e4ylioppilaat ry\",\"description\":\"Mets\u00e4tieteiden ainej\u00e4rjest\u00f6 vuodesta 1982\",\"publisher\":{\"@id\":\"https:\/\/jmyo.fi\/#organization\"},\"potentialAction\":[{\"@type\":\"SearchAction\",\"target\":{\"@type\":\"EntryPoint\",\"urlTemplate\":\"https:\/\/jmyo.fi\/?s={search_term_string}\"},\"query-input\":{\"@type\":\"PropertyValueSpecification\",\"valueRequired\":true,\"valueName\":\"search_term_string\"}}],\"inLanguage\":\"en-US\"},{\"@type\":\"Organization\",\"@id\":\"https:\/\/jmyo.fi\/#organization\",\"name\":\"Joensuun Mets\u00e4ylioppilaat ry\",\"url\":\"https:\/\/jmyo.fi\/\",\"logo\":{\"@type\":\"ImageObject\",\"inLanguage\":\"en-US\",\"@id\":\"https:\/\/jmyo.fi\/#\/schema\/logo\/image\/\",\"url\":\"https:\/\/jmyo.fi\/paasivusto\/wp-content\/uploads\/2021\/02\/cropped-cropped-logo_lehti_ympyra.png\",\"contentUrl\":\"https:\/\/jmyo.fi\/paasivusto\/wp-content\/uploads\/2021\/02\/cropped-cropped-logo_lehti_ympyra.png\",\"width\":512,\"height\":512,\"caption\":\"Joensuun Mets\u00e4ylioppilaat ry\"},\"image\":{\"@id\":\"https:\/\/jmyo.fi\/#\/schema\/logo\/image\/\"}}]}<\/script>\n<!-- \/ Yoast SEO plugin. -->","yoast_head_json":{"title":"IFSA - Joensuun Mets\u00e4ylioppilaat ry","robots":{"index":"index","follow":"follow","max-snippet":"max-snippet:-1","max-image-preview":"max-image-preview:large","max-video-preview":"max-video-preview:-1"},"canonical":"https:\/\/jmyo.fi\/en\/ainejarjesto\/ifsa\/","og_locale":"en_US","og_type":"article","og_title":"IFSA - Joensuun Mets\u00e4ylioppilaat ry","og_description":"International Forestry Students\u2019 Association on maailman mets\u00e4opiskelijoiden yhteinen j\u00e4rjest\u00f6, jota opiskelijat py\u00f6ritt\u00e4v\u00e4t vapaaehtoisvoimin. IFSA:lla on p\u00e4\u00e4maja Freiburgissa, Saksassa, mutta toimintaa johtavat vuosittain vaaleilla valittavat presidentti, varapresidentti ja muut luottamushenkil\u00f6t. J\u00e4seneksi [&hellip;]","og_url":"https:\/\/jmyo.fi\/en\/ainejarjesto\/ifsa\/","og_site_name":"Joensuun Mets\u00e4ylioppilaat ry","article_modified_time":"2021-08-02T14:11:14+00:00","og_image":[{"url":"https:\/\/jmyo.fi\/paasivusto\/wp-content\/uploads\/2021\/05\/Logo-IFSA_color.png","type":"","width":"","height":""}],"twitter_card":"summary_large_image","twitter_misc":{"Est. reading time":"1 minute"},"schema":{"@context":"https:\/\/schema.org","@graph":[{"@type":"WebPage","@id":"https:\/\/jmyo.fi\/en\/ainejarjesto\/ifsa\/","url":"https:\/\/jmyo.fi\/en\/ainejarjesto\/ifsa\/","name":"IFSA - Joensuun Mets\u00e4ylioppilaat ry","isPartOf":{"@id":"https:\/\/jmyo.fi\/#website"},"primaryImageOfPage":{"@id":"https:\/\/jmyo.fi\/en\/ainejarjesto\/ifsa\/#primaryimage"},"image":{"@id":"https:\/\/jmyo.fi\/en\/ainejarjesto\/ifsa\/#primaryimage"},"thumbnailUrl":"https:\/\/jmyo.fi\/paasivusto\/wp-content\/uploads\/2021\/05\/Logo-IFSA_color.png","datePublished":"2021-05-19T21:37:47+00:00","dateModified":"2021-08-02T14:11:14+00:00","breadcrumb":{"@id":"https:\/\/jmyo.fi\/en\/ainejarjesto\/ifsa\/#breadcrumb"},"inLanguage":"en-US","potentialAction":[{"@type":"ReadAction","target":["https:\/\/jmyo.fi\/en\/ainejarjesto\/ifsa\/"]}]},{"@type":"ImageObject","inLanguage":"en-US","@id":"https:\/\/jmyo.fi\/en\/ainejarjesto\/ifsa\/#primaryimage","url":"https:\/\/jmyo.fi\/paasivusto\/wp-content\/uploads\/2021\/05\/Logo-IFSA_color.png","contentUrl":"https:\/\/jmyo.fi\/paasivusto\/wp-content\/uploads\/2021\/05\/Logo-IFSA_color.png"},{"@type":"BreadcrumbList","@id":"https:\/\/jmyo.fi\/en\/ainejarjesto\/ifsa\/#breadcrumb","itemListElement":[{"@type":"ListItem","position":1,"name":"Etusivu","item":"https:\/\/jmyo.fi\/"},{"@type":"ListItem","position":2,"name":"Ainej\u00e4rjest\u00f6","item":"https:\/\/jmyo.fi\/ainejarjesto\/"},{"@type":"ListItem","position":3,"name":"IFSA"}]},{"@type":"WebSite","@id":"https:\/\/jmyo.fi\/#website","url":"https:\/\/jmyo.fi\/","name":"Joensuun Mets\u00e4ylioppilaat ry","description":"Mets\u00e4tieteiden ainej\u00e4rjest\u00f6 vuodesta 1982","publisher":{"@id":"https:\/\/jmyo.fi\/#organization"},"potentialAction":[{"@type":"SearchAction","target":{"@type":"EntryPoint","urlTemplate":"https:\/\/jmyo.fi\/?s={search_term_string}"},"query-input":{"@type":"PropertyValueSpecification","valueRequired":true,"valueName":"search_term_string"}}],"inLanguage":"en-US"},{"@type":"Organization","@id":"https:\/\/jmyo.fi\/#organization","name":"Joensuun Mets\u00e4ylioppilaat ry","url":"https:\/\/jmyo.fi\/","logo":{"@type":"ImageObject","inLanguage":"en-US","@id":"https:\/\/jmyo.fi\/#\/schema\/logo\/image\/","url":"https:\/\/jmyo.fi\/paasivusto\/wp-content\/uploads\/2021\/02\/cropped-cropped-logo_lehti_ympyra.png","contentUrl":"https:\/\/jmyo.fi\/paasivusto\/wp-content\/uploads\/2021\/02\/cropped-cropped-logo_lehti_ympyra.png","width":512,"height":512,"caption":"Joensuun Mets\u00e4ylioppilaat ry"},"image":{"@id":"https:\/\/jmyo.fi\/#\/schema\/logo\/image\/"}}]}},"_links":{"self":[{"href":"https:\/\/jmyo.fi\/en\/wp-json\/wp\/v2\/pages\/561","targetHints":{"allow":["GET"]}}],"collection":[{"href":"https:\/\/jmyo.fi\/en\/wp-json\/wp\/v2\/pages"}],"about":[{"href":"https:\/\/jmyo.fi\/en\/wp-json\/wp\/v2\/types\/page"}],"author":[{"embeddable":true,"href":"https:\/\/jmyo.fi\/en\/wp-json\/wp\/v2\/users\/4"}],"replies":[{"embeddable":true,"href":"https:\/\/jmyo.fi\/en\/wp-json\/wp\/v2\/comments?post=561"}],"version-history":[{"count":0,"href":"https:\/\/jmyo.fi\/en\/wp-json\/wp\/v2\/pages\/561\/revisions"}],"up":[{"embeddable":true,"href":"https:\/\/jmyo.fi\/en\/wp-json\/wp\/v2\/pages\/501"}],"wp:attachment":[{"href":"https:\/\/jmyo.fi\/en\/wp-json\/wp\/v2\/media?parent=561"}],"curies":[{"name":"wp","href":"https:\/\/api.w.org\/{rel}","templated":true}]}}