{"id":537,"date":"2021-05-19T23:14:36","date_gmt":"2021-05-19T21:14:36","guid":{"rendered":"https:\/\/jmyo.fi\/paasivusto\/?page_id=537"},"modified":"2024-06-07T21:36:32","modified_gmt":"2024-06-07T18:36:32","slug":"rakaposkella","status":"publish","type":"page","link":"https:\/\/jmyo.fi\/en\/rakaposkella\/","title":{"rendered":"R\u00e4k\u00e4poskella"},"content":{"rendered":"<div data-elementor-type=\"wp-page\" data-elementor-id=\"537\" class=\"elementor elementor-537\">\n\t\t\t\t\t\t<section class=\"elementor-section elementor-top-section elementor-element elementor-element-a5ec017 elementor-section-boxed elementor-section-height-default elementor-section-height-default\" data-id=\"a5ec017\" data-element_type=\"section\">\n\t\t\t\t\t\t<div class=\"elementor-container elementor-column-gap-default\">\n\t\t\t\t\t<div class=\"elementor-column elementor-col-50 elementor-top-column elementor-element elementor-element-7b0a135\" data-id=\"7b0a135\" data-element_type=\"column\">\n\t\t\t<div class=\"elementor-widget-wrap elementor-element-populated\">\n\t\t\t\t\t\t<div class=\"elementor-element elementor-element-8194f67 elementor-widget elementor-widget-heading\" data-id=\"8194f67\" data-element_type=\"widget\" data-widget_type=\"heading.default\">\n\t\t\t\t<div class=\"elementor-widget-container\">\n\t\t\t\t\t<h2 class=\"elementor-heading-title elementor-size-default\">Skiing for 12 hours<\/h2>\t\t\t\t<\/div>\n\t\t\t\t<\/div>\n\t\t\t\t<div class=\"elementor-element elementor-element-0955a0e elementor-widget elementor-widget-text-editor\" data-id=\"0955a0e\" data-element_type=\"widget\" data-widget_type=\"text-editor.default\">\n\t\t\t\t<div class=\"elementor-widget-container\">\n\t\t\t\t\t\t\t\t\t<p><span style=\"color: var( --e-global-color-text );\">R\u00e4k\u00e4poskella is a traditional 12 hour skiing event at the \"Crazy's triangle\" 1,6 km  skitrack at Mehtim\u00e4ki. The skiing is done in teams, so that at least one person from said team is always on the track. It is recommended that the teams have a recognizable theme. You don't have to be a student to participate, everyone is welcome! The event is held every year during february or march.<\/span><br><\/p>\n<p>The skiing starts at 7 o'clock in the morning at the crossing of ski tracks behind Natura building and continues until 7 pm. There is no limit for the freezing temperatures, so you must keep yourself moving. It is also possible to use a sauna,  bathe in a finnish hot tub and do all kinds of appropriate side activities, such as hydrating.<\/p>\n<p>Spectators are very welcome to join the wild nature of a unique sporting event and cheer everyone on. As a spectator you can observe how Finland is being skied back on to the map of world and sporting history is being made live!<\/p>\t\t\t\t\t\t\t\t<\/div>\n\t\t\t\t<\/div>\n\t\t\t\t<div class=\"elementor-element elementor-element-6a46c26 elementor-widget elementor-widget-heading\" data-id=\"6a46c26\" data-element_type=\"widget\" data-widget_type=\"heading.default\">\n\t\t\t\t<div class=\"elementor-widget-container\">\n\t\t\t\t\t<h3 class=\"elementor-heading-title elementor-size-default\">Sanomalehti Karjalainen 2013<\/h3>\t\t\t\t<\/div>\n\t\t\t\t<\/div>\n\t\t\t\t<div class=\"elementor-element elementor-element-0bffddd elementor-widget elementor-widget-video\" data-id=\"0bffddd\" data-element_type=\"widget\" data-settings=\"{&quot;youtube_url&quot;:&quot;https:\\\/\\\/www.youtube.com\\\/watch?v=zbl2OJyf4K8&quot;,&quot;loop&quot;:&quot;yes&quot;,&quot;video_type&quot;:&quot;youtube&quot;,&quot;controls&quot;:&quot;yes&quot;}\" data-widget_type=\"video.default\">\n\t\t\t\t<div class=\"elementor-widget-container\">\n\t\t\t\t\t\t\t<div class=\"elementor-wrapper elementor-open-inline\">\n\t\t\t<div class=\"elementor-video\"><\/div>\t\t<\/div>\n\t\t\t\t\t\t<\/div>\n\t\t\t\t<\/div>\n\t\t\t\t<div class=\"elementor-element elementor-element-edbe59a elementor-widget elementor-widget-heading\" data-id=\"edbe59a\" data-element_type=\"widget\" data-widget_type=\"heading.default\">\n\t\t\t\t<div class=\"elementor-widget-container\">\n\t\t\t\t\t<h3 class=\"elementor-heading-title elementor-size-default\">Sanomalehti Karjalainen 2012<\/h3>\t\t\t\t<\/div>\n\t\t\t\t<\/div>\n\t\t\t\t<div class=\"elementor-element elementor-element-e42b80d elementor-widget elementor-widget-video\" data-id=\"e42b80d\" data-element_type=\"widget\" data-settings=\"{&quot;youtube_url&quot;:&quot;https:\\\/\\\/www.youtube.com\\\/watch?v=k7uLQvCC_vk&quot;,&quot;video_type&quot;:&quot;youtube&quot;,&quot;controls&quot;:&quot;yes&quot;}\" data-widget_type=\"video.default\">\n\t\t\t\t<div class=\"elementor-widget-container\">\n\t\t\t\t\t\t\t<div class=\"elementor-wrapper elementor-open-inline\">\n\t\t\t<div class=\"elementor-video\"><\/div>\t\t<\/div>\n\t\t\t\t\t\t<\/div>\n\t\t\t\t<\/div>\n\t\t\t\t\t<\/div>\n\t\t<\/div>\n\t\t\t\t<div class=\"elementor-column elementor-col-50 elementor-top-column elementor-element elementor-element-04e47a1\" data-id=\"04e47a1\" data-element_type=\"column\">\n\t\t\t<div class=\"elementor-widget-wrap elementor-element-populated\">\n\t\t\t\t\t\t<div class=\"elementor-element elementor-element-2c49541 elementor-widget elementor-widget-image\" data-id=\"2c49541\" data-element_type=\"widget\" data-widget_type=\"image.default\">\n\t\t\t\t<div class=\"elementor-widget-container\">\n\t\t\t\t\t\t\t\t\t\t\t\t\t\t\t<img fetchpriority=\"high\" decoding=\"async\" width=\"960\" height=\"683\" src=\"https:\/\/jmyo.fi\/paasivusto\/wp-content\/uploads\/2021\/05\/0e01a3105e02550aa1a2cedbf045d8c1_XL.jpg\" class=\"attachment-large size-large wp-image-539\" alt=\"\" srcset=\"https:\/\/jmyo.fi\/paasivusto\/wp-content\/uploads\/2021\/05\/0e01a3105e02550aa1a2cedbf045d8c1_XL.jpg 960w, https:\/\/jmyo.fi\/paasivusto\/wp-content\/uploads\/2021\/05\/0e01a3105e02550aa1a2cedbf045d8c1_XL-600x427.jpg 600w, https:\/\/jmyo.fi\/paasivusto\/wp-content\/uploads\/2021\/05\/0e01a3105e02550aa1a2cedbf045d8c1_XL-300x213.jpg 300w, https:\/\/jmyo.fi\/paasivusto\/wp-content\/uploads\/2021\/05\/0e01a3105e02550aa1a2cedbf045d8c1_XL-768x546.jpg 768w\" sizes=\"(max-width: 960px) 100vw, 960px\" \/>\t\t\t\t\t\t\t\t\t\t\t\t\t\t\t<\/div>\n\t\t\t\t<\/div>\n\t\t\t\t<div class=\"elementor-element elementor-element-ed53e04 elementor-widget elementor-widget-text-editor\" data-id=\"ed53e04\" data-element_type=\"widget\" data-widget_type=\"text-editor.default\">\n\t\t\t\t<div class=\"elementor-widget-container\">\n\t\t\t\t\t\t\t\t\t<p>R\u00e4k\u00e4poskella 2014 \u00a9 Karjalainen, 2014<\/p>\t\t\t\t\t\t\t\t<\/div>\n\t\t\t\t<\/div>\n\t\t\t\t<div class=\"elementor-element elementor-element-7069ee9 elementor-widget elementor-widget-image\" data-id=\"7069ee9\" data-element_type=\"widget\" data-widget_type=\"image.default\">\n\t\t\t\t<div class=\"elementor-widget-container\">\n\t\t\t\t\t\t\t\t\t\t\t\t\t\t\t<img decoding=\"async\" width=\"96\" height=\"96\" src=\"https:\/\/jmyo.fi\/paasivusto\/wp-content\/uploads\/2021\/05\/16174387_10208478544306088_2509726333078158550_n.jpg\" class=\"attachment-thumbnail size-thumbnail wp-image-541\" alt=\"\" srcset=\"https:\/\/jmyo.fi\/paasivusto\/wp-content\/uploads\/2021\/05\/16174387_10208478544306088_2509726333078158550_n.jpg 300w, https:\/\/jmyo.fi\/paasivusto\/wp-content\/uploads\/2021\/05\/16174387_10208478544306088_2509726333078158550_n-100x100.jpg 100w\" sizes=\"(max-width: 96px) 100vw, 96px\" \/>\t\t\t\t\t\t\t\t\t\t\t\t\t\t\t<\/div>\n\t\t\t\t<\/div>\n\t\t\t\t<div class=\"elementor-element elementor-element-80fec99 elementor-widget elementor-widget-text-editor\" data-id=\"80fec99\" data-element_type=\"widget\" data-widget_type=\"text-editor.default\">\n\t\t\t\t<div class=\"elementor-widget-container\">\n\t\t\t\t\t\t\t\t\t<p>After the official race there is an after ski. During the after ski the best ski performance and other performances that the jury thinks are worthy are being presented with prizes. All participants will receive a yearly changing overall badge for the event.<\/p>\t\t\t\t\t\t\t\t<\/div>\n\t\t\t\t<\/div>\n\t\t\t\t<div class=\"elementor-element elementor-element-fd142da elementor-widget elementor-widget-heading\" data-id=\"fd142da\" data-element_type=\"widget\" data-widget_type=\"heading.default\">\n\t\t\t\t<div class=\"elementor-widget-container\">\n\t\t\t\t\t<h3 class=\"elementor-heading-title elementor-size-default\">Previous results<\/h3>\t\t\t\t<\/div>\n\t\t\t\t<\/div>\n\t\t\t\t<div class=\"elementor-element elementor-element-8057975 elementor-widget elementor-widget-text-editor\" data-id=\"8057975\" data-element_type=\"widget\" data-widget_type=\"text-editor.default\">\n\t\t\t\t<div class=\"elementor-widget-container\">\n\t\t\t\t\t\t\t\t\t<p><a href=\"https:\/\/jmyo.fi\/paasivusto\/wp-content\/uploads\/2021\/05\/rakaposkella_tulokset2021.pdf\">R\u00e4k\u00e4poskella 2021 tulokset<\/a><\/p>\t\t\t\t\t\t\t\t<\/div>\n\t\t\t\t<\/div>\n\t\t\t\t\t<\/div>\n\t\t<\/div>\n\t\t\t\t\t<\/div>\n\t\t<\/section>\n\t\t\t\t<\/div>","protected":false},"excerpt":{"rendered":"<p>Hiihdet\u00e4\u00e4n 12h r\u00e4k\u00e4poskella! R\u00e4k\u00e4poskella on perinteik\u00e4s 12 tunnin hiihtotapahtuma Joensuun Mehtim\u00e4en Hullunkolmion 1,6 km hiihtobaanalla. Hiihto tapahtuu joukkueittain, siten ett\u00e4 v\u00e4hint\u00e4\u00e4n yksi hiiht\u00e4j\u00e4 joukkueesta on aina ladulla.&nbsp;Joukkueiden olisi suotavaa kehitt\u00e4\u00e4 [&hellip;]<\/p>","protected":false},"author":4,"featured_media":0,"parent":0,"menu_order":10,"comment_status":"closed","ping_status":"closed","template":"","meta":{"_acf_changed":false,"footnotes":""},"class_list":["post-537","page","type-page","status-publish","hentry"],"acf":[],"yoast_head":"<!-- This site is optimized with the Yoast SEO plugin v24.7 - https:\/\/yoast.com\/wordpress\/plugins\/seo\/ -->\n<title>R\u00e4k\u00e4poskella - Joensuun Mets\u00e4ylioppilaat ry<\/title>\n<meta name=\"robots\" content=\"index, follow, max-snippet:-1, max-image-preview:large, max-video-preview:-1\" \/>\n<link rel=\"canonical\" href=\"https:\/\/jmyo.fi\/en\/rakaposkella\/\" \/>\n<meta property=\"og:locale\" content=\"en_US\" \/>\n<meta property=\"og:type\" content=\"article\" \/>\n<meta property=\"og:title\" content=\"R\u00e4k\u00e4poskella - Joensuun Mets\u00e4ylioppilaat ry\" \/>\n<meta property=\"og:description\" content=\"Hiihdet\u00e4\u00e4n 12h r\u00e4k\u00e4poskella! R\u00e4k\u00e4poskella on perinteik\u00e4s 12 tunnin hiihtotapahtuma Joensuun Mehtim\u00e4en Hullunkolmion 1,6 km hiihtobaanalla. Hiihto tapahtuu joukkueittain, siten ett\u00e4 v\u00e4hint\u00e4\u00e4n yksi hiiht\u00e4j\u00e4 joukkueesta on aina ladulla.&nbsp;Joukkueiden olisi suotavaa kehitt\u00e4\u00e4 [&hellip;]\" \/>\n<meta property=\"og:url\" content=\"https:\/\/jmyo.fi\/en\/rakaposkella\/\" \/>\n<meta property=\"og:site_name\" content=\"Joensuun Mets\u00e4ylioppilaat ry\" \/>\n<meta property=\"article:modified_time\" content=\"2024-06-07T18:36:32+00:00\" \/>\n<meta property=\"og:image\" content=\"https:\/\/jmyo.fi\/paasivusto\/wp-content\/uploads\/2021\/05\/0e01a3105e02550aa1a2cedbf045d8c1_XL.jpg\" \/>\n<meta name=\"twitter:card\" content=\"summary_large_image\" \/>\n<meta name=\"twitter:label1\" content=\"Est. reading time\" \/>\n\t<meta name=\"twitter:data1\" content=\"2 minutes\" \/>\n<script type=\"application\/ld+json\" class=\"yoast-schema-graph\">{\"@context\":\"https:\/\/schema.org\",\"@graph\":[{\"@type\":\"WebPage\",\"@id\":\"https:\/\/jmyo.fi\/rakaposkella\/\",\"url\":\"https:\/\/jmyo.fi\/rakaposkella\/\",\"name\":\"R\u00e4k\u00e4poskella - Joensuun Mets\u00e4ylioppilaat ry\",\"isPartOf\":{\"@id\":\"https:\/\/jmyo.fi\/#website\"},\"primaryImageOfPage\":{\"@id\":\"https:\/\/jmyo.fi\/rakaposkella\/#primaryimage\"},\"image\":{\"@id\":\"https:\/\/jmyo.fi\/rakaposkella\/#primaryimage\"},\"thumbnailUrl\":\"https:\/\/jmyo.fi\/paasivusto\/wp-content\/uploads\/2021\/05\/0e01a3105e02550aa1a2cedbf045d8c1_XL.jpg\",\"datePublished\":\"2021-05-19T21:14:36+00:00\",\"dateModified\":\"2024-06-07T18:36:32+00:00\",\"breadcrumb\":{\"@id\":\"https:\/\/jmyo.fi\/rakaposkella\/#breadcrumb\"},\"inLanguage\":\"en-US\",\"potentialAction\":[{\"@type\":\"ReadAction\",\"target\":[\"https:\/\/jmyo.fi\/rakaposkella\/\"]}]},{\"@type\":\"ImageObject\",\"inLanguage\":\"en-US\",\"@id\":\"https:\/\/jmyo.fi\/rakaposkella\/#primaryimage\",\"url\":\"https:\/\/jmyo.fi\/paasivusto\/wp-content\/uploads\/2021\/05\/0e01a3105e02550aa1a2cedbf045d8c1_XL.jpg\",\"contentUrl\":\"https:\/\/jmyo.fi\/paasivusto\/wp-content\/uploads\/2021\/05\/0e01a3105e02550aa1a2cedbf045d8c1_XL.jpg\"},{\"@type\":\"BreadcrumbList\",\"@id\":\"https:\/\/jmyo.fi\/rakaposkella\/#breadcrumb\",\"itemListElement\":[{\"@type\":\"ListItem\",\"position\":1,\"name\":\"Etusivu\",\"item\":\"https:\/\/jmyo.fi\/\"},{\"@type\":\"ListItem\",\"position\":2,\"name\":\"R\u00e4k\u00e4poskella\"}]},{\"@type\":\"WebSite\",\"@id\":\"https:\/\/jmyo.fi\/#website\",\"url\":\"https:\/\/jmyo.fi\/\",\"name\":\"Joensuun Mets\u00e4ylioppilaat ry\",\"description\":\"Mets\u00e4tieteiden ainej\u00e4rjest\u00f6 vuodesta 1982\",\"publisher\":{\"@id\":\"https:\/\/jmyo.fi\/#organization\"},\"potentialAction\":[{\"@type\":\"SearchAction\",\"target\":{\"@type\":\"EntryPoint\",\"urlTemplate\":\"https:\/\/jmyo.fi\/?s={search_term_string}\"},\"query-input\":{\"@type\":\"PropertyValueSpecification\",\"valueRequired\":true,\"valueName\":\"search_term_string\"}}],\"inLanguage\":\"en-US\"},{\"@type\":\"Organization\",\"@id\":\"https:\/\/jmyo.fi\/#organization\",\"name\":\"Joensuun Mets\u00e4ylioppilaat ry\",\"url\":\"https:\/\/jmyo.fi\/\",\"logo\":{\"@type\":\"ImageObject\",\"inLanguage\":\"en-US\",\"@id\":\"https:\/\/jmyo.fi\/#\/schema\/logo\/image\/\",\"url\":\"https:\/\/jmyo.fi\/paasivusto\/wp-content\/uploads\/2021\/02\/cropped-cropped-logo_lehti_ympyra.png\",\"contentUrl\":\"https:\/\/jmyo.fi\/paasivusto\/wp-content\/uploads\/2021\/02\/cropped-cropped-logo_lehti_ympyra.png\",\"width\":512,\"height\":512,\"caption\":\"Joensuun Mets\u00e4ylioppilaat ry\"},\"image\":{\"@id\":\"https:\/\/jmyo.fi\/#\/schema\/logo\/image\/\"}}]}<\/script>\n<!-- \/ Yoast SEO plugin. -->","yoast_head_json":{"title":"R\u00e4k\u00e4poskella - Joensuun Mets\u00e4ylioppilaat ry","robots":{"index":"index","follow":"follow","max-snippet":"max-snippet:-1","max-image-preview":"max-image-preview:large","max-video-preview":"max-video-preview:-1"},"canonical":"https:\/\/jmyo.fi\/en\/rakaposkella\/","og_locale":"en_US","og_type":"article","og_title":"R\u00e4k\u00e4poskella - Joensuun Mets\u00e4ylioppilaat ry","og_description":"Hiihdet\u00e4\u00e4n 12h r\u00e4k\u00e4poskella! R\u00e4k\u00e4poskella on perinteik\u00e4s 12 tunnin hiihtotapahtuma Joensuun Mehtim\u00e4en Hullunkolmion 1,6 km hiihtobaanalla. Hiihto tapahtuu joukkueittain, siten ett\u00e4 v\u00e4hint\u00e4\u00e4n yksi hiiht\u00e4j\u00e4 joukkueesta on aina ladulla.&nbsp;Joukkueiden olisi suotavaa kehitt\u00e4\u00e4 [&hellip;]","og_url":"https:\/\/jmyo.fi\/en\/rakaposkella\/","og_site_name":"Joensuun Mets\u00e4ylioppilaat ry","article_modified_time":"2024-06-07T18:36:32+00:00","og_image":[{"url":"https:\/\/jmyo.fi\/paasivusto\/wp-content\/uploads\/2021\/05\/0e01a3105e02550aa1a2cedbf045d8c1_XL.jpg","type":"","width":"","height":""}],"twitter_card":"summary_large_image","twitter_misc":{"Est. reading time":"2 minutes"},"schema":{"@context":"https:\/\/schema.org","@graph":[{"@type":"WebPage","@id":"https:\/\/jmyo.fi\/rakaposkella\/","url":"https:\/\/jmyo.fi\/rakaposkella\/","name":"R\u00e4k\u00e4poskella - Joensuun Mets\u00e4ylioppilaat ry","isPartOf":{"@id":"https:\/\/jmyo.fi\/#website"},"primaryImageOfPage":{"@id":"https:\/\/jmyo.fi\/rakaposkella\/#primaryimage"},"image":{"@id":"https:\/\/jmyo.fi\/rakaposkella\/#primaryimage"},"thumbnailUrl":"https:\/\/jmyo.fi\/paasivusto\/wp-content\/uploads\/2021\/05\/0e01a3105e02550aa1a2cedbf045d8c1_XL.jpg","datePublished":"2021-05-19T21:14:36+00:00","dateModified":"2024-06-07T18:36:32+00:00","breadcrumb":{"@id":"https:\/\/jmyo.fi\/rakaposkella\/#breadcrumb"},"inLanguage":"en-US","potentialAction":[{"@type":"ReadAction","target":["https:\/\/jmyo.fi\/rakaposkella\/"]}]},{"@type":"ImageObject","inLanguage":"en-US","@id":"https:\/\/jmyo.fi\/rakaposkella\/#primaryimage","url":"https:\/\/jmyo.fi\/paasivusto\/wp-content\/uploads\/2021\/05\/0e01a3105e02550aa1a2cedbf045d8c1_XL.jpg","contentUrl":"https:\/\/jmyo.fi\/paasivusto\/wp-content\/uploads\/2021\/05\/0e01a3105e02550aa1a2cedbf045d8c1_XL.jpg"},{"@type":"BreadcrumbList","@id":"https:\/\/jmyo.fi\/rakaposkella\/#breadcrumb","itemListElement":[{"@type":"ListItem","position":1,"name":"Etusivu","item":"https:\/\/jmyo.fi\/"},{"@type":"ListItem","position":2,"name":"R\u00e4k\u00e4poskella"}]},{"@type":"WebSite","@id":"https:\/\/jmyo.fi\/#website","url":"https:\/\/jmyo.fi\/","name":"Joensuun Mets\u00e4ylioppilaat ry","description":"Mets\u00e4tieteiden ainej\u00e4rjest\u00f6 vuodesta 1982","publisher":{"@id":"https:\/\/jmyo.fi\/#organization"},"potentialAction":[{"@type":"SearchAction","target":{"@type":"EntryPoint","urlTemplate":"https:\/\/jmyo.fi\/?s={search_term_string}"},"query-input":{"@type":"PropertyValueSpecification","valueRequired":true,"valueName":"search_term_string"}}],"inLanguage":"en-US"},{"@type":"Organization","@id":"https:\/\/jmyo.fi\/#organization","name":"Joensuun Mets\u00e4ylioppilaat ry","url":"https:\/\/jmyo.fi\/","logo":{"@type":"ImageObject","inLanguage":"en-US","@id":"https:\/\/jmyo.fi\/#\/schema\/logo\/image\/","url":"https:\/\/jmyo.fi\/paasivusto\/wp-content\/uploads\/2021\/02\/cropped-cropped-logo_lehti_ympyra.png","contentUrl":"https:\/\/jmyo.fi\/paasivusto\/wp-content\/uploads\/2021\/02\/cropped-cropped-logo_lehti_ympyra.png","width":512,"height":512,"caption":"Joensuun Mets\u00e4ylioppilaat ry"},"image":{"@id":"https:\/\/jmyo.fi\/#\/schema\/logo\/image\/"}}]}},"_links":{"self":[{"href":"https:\/\/jmyo.fi\/en\/wp-json\/wp\/v2\/pages\/537","targetHints":{"allow":["GET"]}}],"collection":[{"href":"https:\/\/jmyo.fi\/en\/wp-json\/wp\/v2\/pages"}],"about":[{"href":"https:\/\/jmyo.fi\/en\/wp-json\/wp\/v2\/types\/page"}],"author":[{"embeddable":true,"href":"https:\/\/jmyo.fi\/en\/wp-json\/wp\/v2\/users\/4"}],"replies":[{"embeddable":true,"href":"https:\/\/jmyo.fi\/en\/wp-json\/wp\/v2\/comments?post=537"}],"version-history":[{"count":1,"href":"https:\/\/jmyo.fi\/en\/wp-json\/wp\/v2\/pages\/537\/revisions"}],"predecessor-version":[{"id":119678,"href":"https:\/\/jmyo.fi\/en\/wp-json\/wp\/v2\/pages\/537\/revisions\/119678"}],"wp:attachment":[{"href":"https:\/\/jmyo.fi\/en\/wp-json\/wp\/v2\/media?parent=537"}],"curies":[{"name":"wp","href":"https:\/\/api.w.org\/{rel}","templated":true}]}}