{"id":530,"date":"2021-05-19T23:09:59","date_gmt":"2021-05-19T21:09:59","guid":{"rendered":"https:\/\/jmyo.fi\/paasivusto\/?page_id=530"},"modified":"2022-02-16T21:05:35","modified_gmt":"2022-02-16T19:05:35","slug":"vappusoudut","status":"publish","type":"page","link":"https:\/\/jmyo.fi\/en\/vappusoudut\/","title":{"rendered":"1st of May Rowing Event In Joensuu"},"content":{"rendered":"<div data-elementor-type=\"wp-page\" data-elementor-id=\"530\" class=\"elementor elementor-530\">\n\t\t\t\t\t\t<section class=\"elementor-section elementor-top-section elementor-element elementor-element-0843f56 elementor-section-boxed elementor-section-height-default elementor-section-height-default\" data-id=\"0843f56\" data-element_type=\"section\">\n\t\t\t\t\t\t<div class=\"elementor-container elementor-column-gap-default\">\n\t\t\t\t\t<div class=\"elementor-column elementor-col-50 elementor-top-column elementor-element elementor-element-af8438f\" data-id=\"af8438f\" data-element_type=\"column\">\n\t\t\t<div class=\"elementor-widget-wrap elementor-element-populated\">\n\t\t\t\t\t\t<div class=\"elementor-element elementor-element-30a6ecf elementor-widget elementor-widget-heading\" data-id=\"30a6ecf\" data-element_type=\"widget\" data-widget_type=\"heading.default\">\n\t\t\t\t<div class=\"elementor-widget-container\">\n\t\t\t\t\t<h2 class=\"elementor-heading-title elementor-size-default\">Church boats<\/h2>\t\t\t\t<\/div>\n\t\t\t\t<\/div>\n\t\t\t\t<div class=\"elementor-element elementor-element-4d44b13 elementor-widget elementor-widget-text-editor\" data-id=\"4d44b13\" data-element_type=\"widget\" data-widget_type=\"text-editor.default\">\n\t\t\t\t<div class=\"elementor-widget-container\">\n\t\t\t\t\t\t\t\t\t<p>Which team has the broadest backs and strongest arms?!<\/p><p>JMYO organizes a church boat rowing event during the Vappu happenings around 1st of May yearly.<\/p><p>Everyone is welcome to build their own team and join the fabulous race down the Pielisjoki river.<\/p>\t\t\t\t\t\t\t\t<\/div>\n\t\t\t\t<\/div>\n\t\t\t\t\t<\/div>\n\t\t<\/div>\n\t\t\t\t<div class=\"elementor-column elementor-col-50 elementor-top-column elementor-element elementor-element-e117e92\" data-id=\"e117e92\" data-element_type=\"column\">\n\t\t\t<div class=\"elementor-widget-wrap elementor-element-populated\">\n\t\t\t\t\t\t<div class=\"elementor-element elementor-element-3585fa9 elementor-widget elementor-widget-image\" data-id=\"3585fa9\" data-element_type=\"widget\" data-widget_type=\"image.default\">\n\t\t\t\t<div class=\"elementor-widget-container\">\n\t\t\t\t\t\t\t\t\t\t\t\t\t\t\t<img fetchpriority=\"high\" decoding=\"async\" width=\"708\" height=\"480\" src=\"https:\/\/jmyo.fi\/paasivusto\/wp-content\/uploads\/2021\/05\/Vappusoutu.jpg\" class=\"attachment-large size-large wp-image-532\" alt=\"\" srcset=\"https:\/\/jmyo.fi\/paasivusto\/wp-content\/uploads\/2021\/05\/Vappusoutu.jpg 708w, https:\/\/jmyo.fi\/paasivusto\/wp-content\/uploads\/2021\/05\/Vappusoutu-600x407.jpg 600w, https:\/\/jmyo.fi\/paasivusto\/wp-content\/uploads\/2021\/05\/Vappusoutu-300x203.jpg 300w\" sizes=\"(max-width: 708px) 100vw, 708px\" \/>\t\t\t\t\t\t\t\t\t\t\t\t\t\t\t<\/div>\n\t\t\t\t<\/div>\n\t\t\t\t<div class=\"elementor-element elementor-element-99ddb96 elementor-widget elementor-widget-image\" data-id=\"99ddb96\" data-element_type=\"widget\" data-widget_type=\"image.default\">\n\t\t\t\t<div class=\"elementor-widget-container\">\n\t\t\t\t\t\t\t\t\t\t\t\t\t\t\t<img decoding=\"async\" width=\"1024\" height=\"576\" src=\"https:\/\/jmyo.fi\/paasivusto\/wp-content\/uploads\/2021\/05\/Soutupokaali-1024x576.jpg\" class=\"attachment-large size-large wp-image-533\" alt=\"\" srcset=\"https:\/\/jmyo.fi\/paasivusto\/wp-content\/uploads\/2021\/05\/Soutupokaali-1024x576.jpg 1024w, https:\/\/jmyo.fi\/paasivusto\/wp-content\/uploads\/2021\/05\/Soutupokaali-600x338.jpg 600w, https:\/\/jmyo.fi\/paasivusto\/wp-content\/uploads\/2021\/05\/Soutupokaali-300x169.jpg 300w, https:\/\/jmyo.fi\/paasivusto\/wp-content\/uploads\/2021\/05\/Soutupokaali-768x432.jpg 768w, https:\/\/jmyo.fi\/paasivusto\/wp-content\/uploads\/2021\/05\/Soutupokaali-1536x864.jpg 1536w, https:\/\/jmyo.fi\/paasivusto\/wp-content\/uploads\/2021\/05\/Soutupokaali.jpg 2048w\" sizes=\"(max-width: 1024px) 100vw, 1024px\" \/>\t\t\t\t\t\t\t\t\t\t\t\t\t\t\t<\/div>\n\t\t\t\t<\/div>\n\t\t\t\t\t<\/div>\n\t\t<\/div>\n\t\t\t\t\t<\/div>\n\t\t<\/section>\n\t\t\t\t<\/div>","protected":false},"excerpt":{"rendered":"<p>Kilpaa kirkkovenein Tapahtumassa katsotaan, miss\u00e4 ainej\u00e4rjest\u00f6ss\u00e4 on leveimm\u00e4t sel\u00e4t ja vahvimmat k\u00e4sivarret. Joensuun Mets\u00e4ylioppilaat ry j\u00e4rjest\u00e4\u00e4 vappuisin Joensuussa suositun opiskelijoiden kirkkovenesoutumittel\u00f6n. Tapahtuman ideana on soutaa nelj\u00e4ntoista hengen joukkueissa kirkkoveneell\u00e4 noin [&hellip;]<\/p>","protected":false},"author":4,"featured_media":0,"parent":0,"menu_order":11,"comment_status":"closed","ping_status":"closed","template":"","meta":{"_acf_changed":false,"footnotes":""},"class_list":["post-530","page","type-page","status-publish","hentry"],"acf":[],"yoast_head":"<!-- This site is optimized with the Yoast SEO plugin v24.7 - https:\/\/yoast.com\/wordpress\/plugins\/seo\/ -->\n<title>Joensuun vappusoudut - Joensuun Mets\u00e4ylioppilaat ry<\/title>\n<meta name=\"robots\" content=\"index, follow, max-snippet:-1, max-image-preview:large, max-video-preview:-1\" \/>\n<link rel=\"canonical\" href=\"https:\/\/jmyo.fi\/en\/vappusoudut\/\" \/>\n<meta property=\"og:locale\" content=\"en_US\" \/>\n<meta property=\"og:type\" content=\"article\" \/>\n<meta property=\"og:title\" content=\"Joensuun vappusoudut - Joensuun Mets\u00e4ylioppilaat ry\" \/>\n<meta property=\"og:description\" content=\"Kilpaa kirkkovenein Tapahtumassa katsotaan, miss\u00e4 ainej\u00e4rjest\u00f6ss\u00e4 on leveimm\u00e4t sel\u00e4t ja vahvimmat k\u00e4sivarret. Joensuun Mets\u00e4ylioppilaat ry j\u00e4rjest\u00e4\u00e4 vappuisin Joensuussa suositun opiskelijoiden kirkkovenesoutumittel\u00f6n. Tapahtuman ideana on soutaa nelj\u00e4ntoista hengen joukkueissa kirkkoveneell\u00e4 noin [&hellip;]\" \/>\n<meta property=\"og:url\" content=\"https:\/\/jmyo.fi\/en\/vappusoudut\/\" \/>\n<meta property=\"og:site_name\" content=\"Joensuun Mets\u00e4ylioppilaat ry\" \/>\n<meta property=\"article:modified_time\" content=\"2022-02-16T19:05:35+00:00\" \/>\n<meta property=\"og:image\" content=\"https:\/\/jmyo.fi\/paasivusto\/wp-content\/uploads\/2021\/05\/Vappusoutu.jpg\" \/>\n<meta name=\"twitter:card\" content=\"summary_large_image\" \/>\n<meta name=\"twitter:label1\" content=\"Est. reading time\" \/>\n\t<meta name=\"twitter:data1\" content=\"2 minutes\" \/>\n<script type=\"application\/ld+json\" class=\"yoast-schema-graph\">{\"@context\":\"https:\/\/schema.org\",\"@graph\":[{\"@type\":\"WebPage\",\"@id\":\"https:\/\/jmyo.fi\/vappusoudut\/\",\"url\":\"https:\/\/jmyo.fi\/vappusoudut\/\",\"name\":\"Joensuun vappusoudut - Joensuun Mets\u00e4ylioppilaat ry\",\"isPartOf\":{\"@id\":\"https:\/\/jmyo.fi\/#website\"},\"primaryImageOfPage\":{\"@id\":\"https:\/\/jmyo.fi\/vappusoudut\/#primaryimage\"},\"image\":{\"@id\":\"https:\/\/jmyo.fi\/vappusoudut\/#primaryimage\"},\"thumbnailUrl\":\"https:\/\/jmyo.fi\/paasivusto\/wp-content\/uploads\/2021\/05\/Vappusoutu.jpg\",\"datePublished\":\"2021-05-19T21:09:59+00:00\",\"dateModified\":\"2022-02-16T19:05:35+00:00\",\"breadcrumb\":{\"@id\":\"https:\/\/jmyo.fi\/vappusoudut\/#breadcrumb\"},\"inLanguage\":\"en-US\",\"potentialAction\":[{\"@type\":\"ReadAction\",\"target\":[\"https:\/\/jmyo.fi\/vappusoudut\/\"]}]},{\"@type\":\"ImageObject\",\"inLanguage\":\"en-US\",\"@id\":\"https:\/\/jmyo.fi\/vappusoudut\/#primaryimage\",\"url\":\"https:\/\/jmyo.fi\/paasivusto\/wp-content\/uploads\/2021\/05\/Vappusoutu.jpg\",\"contentUrl\":\"https:\/\/jmyo.fi\/paasivusto\/wp-content\/uploads\/2021\/05\/Vappusoutu.jpg\"},{\"@type\":\"BreadcrumbList\",\"@id\":\"https:\/\/jmyo.fi\/vappusoudut\/#breadcrumb\",\"itemListElement\":[{\"@type\":\"ListItem\",\"position\":1,\"name\":\"Etusivu\",\"item\":\"https:\/\/jmyo.fi\/\"},{\"@type\":\"ListItem\",\"position\":2,\"name\":\"Joensuun vappusoudut\"}]},{\"@type\":\"WebSite\",\"@id\":\"https:\/\/jmyo.fi\/#website\",\"url\":\"https:\/\/jmyo.fi\/\",\"name\":\"Joensuun Mets\u00e4ylioppilaat ry\",\"description\":\"Mets\u00e4tieteiden ainej\u00e4rjest\u00f6 vuodesta 1982\",\"publisher\":{\"@id\":\"https:\/\/jmyo.fi\/#organization\"},\"potentialAction\":[{\"@type\":\"SearchAction\",\"target\":{\"@type\":\"EntryPoint\",\"urlTemplate\":\"https:\/\/jmyo.fi\/?s={search_term_string}\"},\"query-input\":{\"@type\":\"PropertyValueSpecification\",\"valueRequired\":true,\"valueName\":\"search_term_string\"}}],\"inLanguage\":\"en-US\"},{\"@type\":\"Organization\",\"@id\":\"https:\/\/jmyo.fi\/#organization\",\"name\":\"Joensuun Mets\u00e4ylioppilaat ry\",\"url\":\"https:\/\/jmyo.fi\/\",\"logo\":{\"@type\":\"ImageObject\",\"inLanguage\":\"en-US\",\"@id\":\"https:\/\/jmyo.fi\/#\/schema\/logo\/image\/\",\"url\":\"https:\/\/jmyo.fi\/paasivusto\/wp-content\/uploads\/2021\/02\/cropped-cropped-logo_lehti_ympyra.png\",\"contentUrl\":\"https:\/\/jmyo.fi\/paasivusto\/wp-content\/uploads\/2021\/02\/cropped-cropped-logo_lehti_ympyra.png\",\"width\":512,\"height\":512,\"caption\":\"Joensuun Mets\u00e4ylioppilaat ry\"},\"image\":{\"@id\":\"https:\/\/jmyo.fi\/#\/schema\/logo\/image\/\"}}]}<\/script>\n<!-- \/ Yoast SEO plugin. -->","yoast_head_json":{"title":"Joensuun vappusoudut - Joensuun Mets\u00e4ylioppilaat ry","robots":{"index":"index","follow":"follow","max-snippet":"max-snippet:-1","max-image-preview":"max-image-preview:large","max-video-preview":"max-video-preview:-1"},"canonical":"https:\/\/jmyo.fi\/en\/vappusoudut\/","og_locale":"en_US","og_type":"article","og_title":"Joensuun vappusoudut - Joensuun Mets\u00e4ylioppilaat ry","og_description":"Kilpaa kirkkovenein Tapahtumassa katsotaan, miss\u00e4 ainej\u00e4rjest\u00f6ss\u00e4 on leveimm\u00e4t sel\u00e4t ja vahvimmat k\u00e4sivarret. Joensuun Mets\u00e4ylioppilaat ry j\u00e4rjest\u00e4\u00e4 vappuisin Joensuussa suositun opiskelijoiden kirkkovenesoutumittel\u00f6n. Tapahtuman ideana on soutaa nelj\u00e4ntoista hengen joukkueissa kirkkoveneell\u00e4 noin [&hellip;]","og_url":"https:\/\/jmyo.fi\/en\/vappusoudut\/","og_site_name":"Joensuun Mets\u00e4ylioppilaat ry","article_modified_time":"2022-02-16T19:05:35+00:00","og_image":[{"url":"https:\/\/jmyo.fi\/paasivusto\/wp-content\/uploads\/2021\/05\/Vappusoutu.jpg","type":"","width":"","height":""}],"twitter_card":"summary_large_image","twitter_misc":{"Est. reading time":"2 minutes"},"schema":{"@context":"https:\/\/schema.org","@graph":[{"@type":"WebPage","@id":"https:\/\/jmyo.fi\/vappusoudut\/","url":"https:\/\/jmyo.fi\/vappusoudut\/","name":"Joensuun vappusoudut - Joensuun Mets\u00e4ylioppilaat ry","isPartOf":{"@id":"https:\/\/jmyo.fi\/#website"},"primaryImageOfPage":{"@id":"https:\/\/jmyo.fi\/vappusoudut\/#primaryimage"},"image":{"@id":"https:\/\/jmyo.fi\/vappusoudut\/#primaryimage"},"thumbnailUrl":"https:\/\/jmyo.fi\/paasivusto\/wp-content\/uploads\/2021\/05\/Vappusoutu.jpg","datePublished":"2021-05-19T21:09:59+00:00","dateModified":"2022-02-16T19:05:35+00:00","breadcrumb":{"@id":"https:\/\/jmyo.fi\/vappusoudut\/#breadcrumb"},"inLanguage":"en-US","potentialAction":[{"@type":"ReadAction","target":["https:\/\/jmyo.fi\/vappusoudut\/"]}]},{"@type":"ImageObject","inLanguage":"en-US","@id":"https:\/\/jmyo.fi\/vappusoudut\/#primaryimage","url":"https:\/\/jmyo.fi\/paasivusto\/wp-content\/uploads\/2021\/05\/Vappusoutu.jpg","contentUrl":"https:\/\/jmyo.fi\/paasivusto\/wp-content\/uploads\/2021\/05\/Vappusoutu.jpg"},{"@type":"BreadcrumbList","@id":"https:\/\/jmyo.fi\/vappusoudut\/#breadcrumb","itemListElement":[{"@type":"ListItem","position":1,"name":"Etusivu","item":"https:\/\/jmyo.fi\/"},{"@type":"ListItem","position":2,"name":"Joensuun vappusoudut"}]},{"@type":"WebSite","@id":"https:\/\/jmyo.fi\/#website","url":"https:\/\/jmyo.fi\/","name":"Joensuun Mets\u00e4ylioppilaat ry","description":"Mets\u00e4tieteiden ainej\u00e4rjest\u00f6 vuodesta 1982","publisher":{"@id":"https:\/\/jmyo.fi\/#organization"},"potentialAction":[{"@type":"SearchAction","target":{"@type":"EntryPoint","urlTemplate":"https:\/\/jmyo.fi\/?s={search_term_string}"},"query-input":{"@type":"PropertyValueSpecification","valueRequired":true,"valueName":"search_term_string"}}],"inLanguage":"en-US"},{"@type":"Organization","@id":"https:\/\/jmyo.fi\/#organization","name":"Joensuun Mets\u00e4ylioppilaat ry","url":"https:\/\/jmyo.fi\/","logo":{"@type":"ImageObject","inLanguage":"en-US","@id":"https:\/\/jmyo.fi\/#\/schema\/logo\/image\/","url":"https:\/\/jmyo.fi\/paasivusto\/wp-content\/uploads\/2021\/02\/cropped-cropped-logo_lehti_ympyra.png","contentUrl":"https:\/\/jmyo.fi\/paasivusto\/wp-content\/uploads\/2021\/02\/cropped-cropped-logo_lehti_ympyra.png","width":512,"height":512,"caption":"Joensuun Mets\u00e4ylioppilaat ry"},"image":{"@id":"https:\/\/jmyo.fi\/#\/schema\/logo\/image\/"}}]}},"_links":{"self":[{"href":"https:\/\/jmyo.fi\/en\/wp-json\/wp\/v2\/pages\/530","targetHints":{"allow":["GET"]}}],"collection":[{"href":"https:\/\/jmyo.fi\/en\/wp-json\/wp\/v2\/pages"}],"about":[{"href":"https:\/\/jmyo.fi\/en\/wp-json\/wp\/v2\/types\/page"}],"author":[{"embeddable":true,"href":"https:\/\/jmyo.fi\/en\/wp-json\/wp\/v2\/users\/4"}],"replies":[{"embeddable":true,"href":"https:\/\/jmyo.fi\/en\/wp-json\/wp\/v2\/comments?post=530"}],"version-history":[{"count":0,"href":"https:\/\/jmyo.fi\/en\/wp-json\/wp\/v2\/pages\/530\/revisions"}],"wp:attachment":[{"href":"https:\/\/jmyo.fi\/en\/wp-json\/wp\/v2\/media?parent=530"}],"curies":[{"name":"wp","href":"https:\/\/api.w.org\/{rel}","templated":true}]}}