{"id":520,"date":"2021-05-19T23:01:49","date_gmt":"2021-05-19T21:01:49","guid":{"rendered":"https:\/\/jmyo.fi\/paasivusto\/?page_id=520"},"modified":"2022-02-16T21:04:07","modified_gmt":"2022-02-16T19:04:07","slug":"forstikaste","status":"publish","type":"page","link":"https:\/\/jmyo.fi\/en\/forstikaste\/","title":{"rendered":"Forsti baptism event"},"content":{"rendered":"<div data-elementor-type=\"wp-page\" data-elementor-id=\"520\" class=\"elementor elementor-520\">\n\t\t\t\t\t\t<section class=\"elementor-section elementor-top-section elementor-element elementor-element-14aa334 elementor-section-boxed elementor-section-height-default elementor-section-height-default\" data-id=\"14aa334\" data-element_type=\"section\">\n\t\t\t\t\t\t<div class=\"elementor-container elementor-column-gap-default\">\n\t\t\t\t\t<div class=\"elementor-column elementor-col-100 elementor-top-column elementor-element elementor-element-11ef88c\" data-id=\"11ef88c\" data-element_type=\"column\">\n\t\t\t<div class=\"elementor-widget-wrap elementor-element-populated\">\n\t\t\t\t\t\t<div class=\"elementor-element elementor-element-0179456 elementor-widget elementor-widget-heading\" data-id=\"0179456\" data-element_type=\"widget\" data-widget_type=\"heading.default\">\n\t\t\t\t<div class=\"elementor-widget-container\">\n\t\t\t\t\t<h2 class=\"elementor-heading-title elementor-size-default\">1st of May is a cold ride!<\/h2>\t\t\t\t<\/div>\n\t\t\t\t<\/div>\n\t\t\t\t<div class=\"elementor-element elementor-element-8e28b34 elementor-widget elementor-widget-text-editor\" data-id=\"8e28b34\" data-element_type=\"widget\" data-widget_type=\"text-editor.default\">\n\t\t\t\t<div class=\"elementor-widget-container\">\n\t\t\t\t\t\t\t\t\t<p>Come and see the popular Vappu-event Forstikaste, the baptism of new Forest Sciences students!<\/p><p>Every year near 1st of May the newest students of UEF Forest Sciences gather together to take a nice little swim by swiftly falling off of a log into the Pielisjoki river.<\/p><p>Bonus fun, if the river is still slightly frozen.<\/p>\t\t\t\t\t\t\t\t<\/div>\n\t\t\t\t<\/div>\n\t\t\t\t\t<\/div>\n\t\t<\/div>\n\t\t\t\t\t<\/div>\n\t\t<\/section>\n\t\t\t\t<section class=\"elementor-section elementor-top-section elementor-element elementor-element-fd87a49 elementor-section-boxed elementor-section-height-default elementor-section-height-default\" data-id=\"fd87a49\" data-element_type=\"section\">\n\t\t\t\t\t\t<div class=\"elementor-container elementor-column-gap-default\">\n\t\t\t\t\t<div class=\"elementor-column elementor-col-50 elementor-top-column elementor-element elementor-element-b7d3b0c\" data-id=\"b7d3b0c\" data-element_type=\"column\">\n\t\t\t<div class=\"elementor-widget-wrap elementor-element-populated\">\n\t\t\t\t\t\t<div class=\"elementor-element elementor-element-0bef2e7 elementor-widget elementor-widget-image\" data-id=\"0bef2e7\" data-element_type=\"widget\" data-widget_type=\"image.default\">\n\t\t\t\t<div class=\"elementor-widget-container\">\n\t\t\t\t\t\t\t\t\t\t\t\t\t\t\t<img fetchpriority=\"high\" decoding=\"async\" width=\"609\" height=\"410\" src=\"https:\/\/jmyo.fi\/paasivusto\/wp-content\/uploads\/2021\/05\/gallery.jpg\" class=\"attachment-large size-large wp-image-521\" alt=\"\" srcset=\"https:\/\/jmyo.fi\/paasivusto\/wp-content\/uploads\/2021\/05\/gallery.jpg 609w, https:\/\/jmyo.fi\/paasivusto\/wp-content\/uploads\/2021\/05\/gallery-600x404.jpg 600w\" sizes=\"(max-width: 609px) 100vw, 609px\" \/>\t\t\t\t\t\t\t\t\t\t\t\t\t\t\t<\/div>\n\t\t\t\t<\/div>\n\t\t\t\t\t<\/div>\n\t\t<\/div>\n\t\t\t\t<div class=\"elementor-column elementor-col-50 elementor-top-column elementor-element elementor-element-c7e3551\" data-id=\"c7e3551\" data-element_type=\"column\">\n\t\t\t<div class=\"elementor-widget-wrap elementor-element-populated\">\n\t\t\t\t\t\t<div class=\"elementor-element elementor-element-6ca9cb6 elementor-widget elementor-widget-image\" data-id=\"6ca9cb6\" data-element_type=\"widget\" data-widget_type=\"image.default\">\n\t\t\t\t<div class=\"elementor-widget-container\">\n\t\t\t\t\t\t\t\t\t\t\t\t\t\t\t<img decoding=\"async\" width=\"640\" height=\"427\" src=\"https:\/\/jmyo.fi\/paasivusto\/wp-content\/uploads\/2021\/05\/baa06bf9a7d7c84fbdecd227ef94a60c_XL.jpeg\" class=\"attachment-large size-large wp-image-522\" alt=\"\" srcset=\"https:\/\/jmyo.fi\/paasivusto\/wp-content\/uploads\/2021\/05\/baa06bf9a7d7c84fbdecd227ef94a60c_XL.jpeg 640w, https:\/\/jmyo.fi\/paasivusto\/wp-content\/uploads\/2021\/05\/baa06bf9a7d7c84fbdecd227ef94a60c_XL-600x400.jpeg 600w\" sizes=\"(max-width: 640px) 100vw, 640px\" \/>\t\t\t\t\t\t\t\t\t\t\t\t\t\t\t<\/div>\n\t\t\t\t<\/div>\n\t\t\t\t<div class=\"elementor-element elementor-element-cf9de4b elementor-widget elementor-widget-text-editor\" data-id=\"cf9de4b\" data-element_type=\"widget\" data-widget_type=\"text-editor.default\">\n\t\t\t\t<div class=\"elementor-widget-container\">\n\t\t\t\t\t\t\t\t\t<p>Forstikaste 2015 \u00a9 Karjalainen, Lari Lievonen, 2015.<\/p>\t\t\t\t\t\t\t\t<\/div>\n\t\t\t\t<\/div>\n\t\t\t\t\t<\/div>\n\t\t<\/div>\n\t\t\t\t\t<\/div>\n\t\t<\/section>\n\t\t\t\t<\/div>","protected":false},"excerpt":{"rendered":"<p>Torstien vappu on kylm\u00e4\u00e4 kyyti\u00e4! Ensimm\u00e4isen vuoden It\u00e4-Suomen yliopiston mets\u00e4tieteiden opiskelijat eli torstit, valitsevat keskuudestaan is\u00e4nn\u00e4n ja em\u00e4nn\u00e4n, jotka toimivat kurssin keulakuvana ja aloittavat kastetilaisuuden. Kaste suoritetaan vappuaattona juoksemalla tukkia [&hellip;]<\/p>","protected":false},"author":4,"featured_media":0,"parent":0,"menu_order":12,"comment_status":"closed","ping_status":"closed","template":"","meta":{"_acf_changed":false,"footnotes":""},"class_list":["post-520","page","type-page","status-publish","hentry"],"acf":[],"yoast_head":"<!-- This site is optimized with the Yoast SEO plugin v24.7 - https:\/\/yoast.com\/wordpress\/plugins\/seo\/ -->\n<title>Forstikaste - Joensuun Mets\u00e4ylioppilaat ry<\/title>\n<meta name=\"robots\" content=\"index, follow, max-snippet:-1, max-image-preview:large, max-video-preview:-1\" \/>\n<link rel=\"canonical\" href=\"https:\/\/jmyo.fi\/en\/forstikaste\/\" \/>\n<meta property=\"og:locale\" content=\"en_US\" \/>\n<meta property=\"og:type\" content=\"article\" \/>\n<meta property=\"og:title\" content=\"Forstikaste - Joensuun Mets\u00e4ylioppilaat ry\" \/>\n<meta property=\"og:description\" content=\"Torstien vappu on kylm\u00e4\u00e4 kyyti\u00e4! Ensimm\u00e4isen vuoden It\u00e4-Suomen yliopiston mets\u00e4tieteiden opiskelijat eli torstit, valitsevat keskuudestaan is\u00e4nn\u00e4n ja em\u00e4nn\u00e4n, jotka toimivat kurssin keulakuvana ja aloittavat kastetilaisuuden. Kaste suoritetaan vappuaattona juoksemalla tukkia [&hellip;]\" \/>\n<meta property=\"og:url\" content=\"https:\/\/jmyo.fi\/en\/forstikaste\/\" \/>\n<meta property=\"og:site_name\" content=\"Joensuun Mets\u00e4ylioppilaat ry\" \/>\n<meta property=\"article:modified_time\" content=\"2022-02-16T19:04:07+00:00\" \/>\n<meta property=\"og:image\" content=\"https:\/\/jmyo.fi\/paasivusto\/wp-content\/uploads\/2021\/05\/gallery.jpg\" \/>\n<meta name=\"twitter:card\" content=\"summary_large_image\" \/>\n<meta name=\"twitter:label1\" content=\"Est. reading time\" \/>\n\t<meta name=\"twitter:data1\" content=\"1 minute\" \/>\n<script type=\"application\/ld+json\" class=\"yoast-schema-graph\">{\"@context\":\"https:\/\/schema.org\",\"@graph\":[{\"@type\":\"WebPage\",\"@id\":\"https:\/\/jmyo.fi\/forstikaste\/\",\"url\":\"https:\/\/jmyo.fi\/forstikaste\/\",\"name\":\"Forstikaste - Joensuun Mets\u00e4ylioppilaat ry\",\"isPartOf\":{\"@id\":\"https:\/\/jmyo.fi\/#website\"},\"primaryImageOfPage\":{\"@id\":\"https:\/\/jmyo.fi\/forstikaste\/#primaryimage\"},\"image\":{\"@id\":\"https:\/\/jmyo.fi\/forstikaste\/#primaryimage\"},\"thumbnailUrl\":\"https:\/\/jmyo.fi\/paasivusto\/wp-content\/uploads\/2021\/05\/gallery.jpg\",\"datePublished\":\"2021-05-19T21:01:49+00:00\",\"dateModified\":\"2022-02-16T19:04:07+00:00\",\"breadcrumb\":{\"@id\":\"https:\/\/jmyo.fi\/forstikaste\/#breadcrumb\"},\"inLanguage\":\"en-US\",\"potentialAction\":[{\"@type\":\"ReadAction\",\"target\":[\"https:\/\/jmyo.fi\/forstikaste\/\"]}]},{\"@type\":\"ImageObject\",\"inLanguage\":\"en-US\",\"@id\":\"https:\/\/jmyo.fi\/forstikaste\/#primaryimage\",\"url\":\"https:\/\/jmyo.fi\/paasivusto\/wp-content\/uploads\/2021\/05\/gallery.jpg\",\"contentUrl\":\"https:\/\/jmyo.fi\/paasivusto\/wp-content\/uploads\/2021\/05\/gallery.jpg\"},{\"@type\":\"BreadcrumbList\",\"@id\":\"https:\/\/jmyo.fi\/forstikaste\/#breadcrumb\",\"itemListElement\":[{\"@type\":\"ListItem\",\"position\":1,\"name\":\"Etusivu\",\"item\":\"https:\/\/jmyo.fi\/\"},{\"@type\":\"ListItem\",\"position\":2,\"name\":\"Forstikaste\"}]},{\"@type\":\"WebSite\",\"@id\":\"https:\/\/jmyo.fi\/#website\",\"url\":\"https:\/\/jmyo.fi\/\",\"name\":\"Joensuun Mets\u00e4ylioppilaat ry\",\"description\":\"Mets\u00e4tieteiden ainej\u00e4rjest\u00f6 vuodesta 1982\",\"publisher\":{\"@id\":\"https:\/\/jmyo.fi\/#organization\"},\"potentialAction\":[{\"@type\":\"SearchAction\",\"target\":{\"@type\":\"EntryPoint\",\"urlTemplate\":\"https:\/\/jmyo.fi\/?s={search_term_string}\"},\"query-input\":{\"@type\":\"PropertyValueSpecification\",\"valueRequired\":true,\"valueName\":\"search_term_string\"}}],\"inLanguage\":\"en-US\"},{\"@type\":\"Organization\",\"@id\":\"https:\/\/jmyo.fi\/#organization\",\"name\":\"Joensuun Mets\u00e4ylioppilaat ry\",\"url\":\"https:\/\/jmyo.fi\/\",\"logo\":{\"@type\":\"ImageObject\",\"inLanguage\":\"en-US\",\"@id\":\"https:\/\/jmyo.fi\/#\/schema\/logo\/image\/\",\"url\":\"https:\/\/jmyo.fi\/paasivusto\/wp-content\/uploads\/2021\/02\/cropped-cropped-logo_lehti_ympyra.png\",\"contentUrl\":\"https:\/\/jmyo.fi\/paasivusto\/wp-content\/uploads\/2021\/02\/cropped-cropped-logo_lehti_ympyra.png\",\"width\":512,\"height\":512,\"caption\":\"Joensuun Mets\u00e4ylioppilaat ry\"},\"image\":{\"@id\":\"https:\/\/jmyo.fi\/#\/schema\/logo\/image\/\"}}]}<\/script>\n<!-- \/ Yoast SEO plugin. -->","yoast_head_json":{"title":"Forstikaste - Joensuun Mets\u00e4ylioppilaat ry","robots":{"index":"index","follow":"follow","max-snippet":"max-snippet:-1","max-image-preview":"max-image-preview:large","max-video-preview":"max-video-preview:-1"},"canonical":"https:\/\/jmyo.fi\/en\/forstikaste\/","og_locale":"en_US","og_type":"article","og_title":"Forstikaste - Joensuun Mets\u00e4ylioppilaat ry","og_description":"Torstien vappu on kylm\u00e4\u00e4 kyyti\u00e4! Ensimm\u00e4isen vuoden It\u00e4-Suomen yliopiston mets\u00e4tieteiden opiskelijat eli torstit, valitsevat keskuudestaan is\u00e4nn\u00e4n ja em\u00e4nn\u00e4n, jotka toimivat kurssin keulakuvana ja aloittavat kastetilaisuuden. Kaste suoritetaan vappuaattona juoksemalla tukkia [&hellip;]","og_url":"https:\/\/jmyo.fi\/en\/forstikaste\/","og_site_name":"Joensuun Mets\u00e4ylioppilaat ry","article_modified_time":"2022-02-16T19:04:07+00:00","og_image":[{"url":"https:\/\/jmyo.fi\/paasivusto\/wp-content\/uploads\/2021\/05\/gallery.jpg","type":"","width":"","height":""}],"twitter_card":"summary_large_image","twitter_misc":{"Est. reading time":"1 minute"},"schema":{"@context":"https:\/\/schema.org","@graph":[{"@type":"WebPage","@id":"https:\/\/jmyo.fi\/forstikaste\/","url":"https:\/\/jmyo.fi\/forstikaste\/","name":"Forstikaste - Joensuun Mets\u00e4ylioppilaat ry","isPartOf":{"@id":"https:\/\/jmyo.fi\/#website"},"primaryImageOfPage":{"@id":"https:\/\/jmyo.fi\/forstikaste\/#primaryimage"},"image":{"@id":"https:\/\/jmyo.fi\/forstikaste\/#primaryimage"},"thumbnailUrl":"https:\/\/jmyo.fi\/paasivusto\/wp-content\/uploads\/2021\/05\/gallery.jpg","datePublished":"2021-05-19T21:01:49+00:00","dateModified":"2022-02-16T19:04:07+00:00","breadcrumb":{"@id":"https:\/\/jmyo.fi\/forstikaste\/#breadcrumb"},"inLanguage":"en-US","potentialAction":[{"@type":"ReadAction","target":["https:\/\/jmyo.fi\/forstikaste\/"]}]},{"@type":"ImageObject","inLanguage":"en-US","@id":"https:\/\/jmyo.fi\/forstikaste\/#primaryimage","url":"https:\/\/jmyo.fi\/paasivusto\/wp-content\/uploads\/2021\/05\/gallery.jpg","contentUrl":"https:\/\/jmyo.fi\/paasivusto\/wp-content\/uploads\/2021\/05\/gallery.jpg"},{"@type":"BreadcrumbList","@id":"https:\/\/jmyo.fi\/forstikaste\/#breadcrumb","itemListElement":[{"@type":"ListItem","position":1,"name":"Etusivu","item":"https:\/\/jmyo.fi\/"},{"@type":"ListItem","position":2,"name":"Forstikaste"}]},{"@type":"WebSite","@id":"https:\/\/jmyo.fi\/#website","url":"https:\/\/jmyo.fi\/","name":"Joensuun Mets\u00e4ylioppilaat ry","description":"Mets\u00e4tieteiden ainej\u00e4rjest\u00f6 vuodesta 1982","publisher":{"@id":"https:\/\/jmyo.fi\/#organization"},"potentialAction":[{"@type":"SearchAction","target":{"@type":"EntryPoint","urlTemplate":"https:\/\/jmyo.fi\/?s={search_term_string}"},"query-input":{"@type":"PropertyValueSpecification","valueRequired":true,"valueName":"search_term_string"}}],"inLanguage":"en-US"},{"@type":"Organization","@id":"https:\/\/jmyo.fi\/#organization","name":"Joensuun Mets\u00e4ylioppilaat ry","url":"https:\/\/jmyo.fi\/","logo":{"@type":"ImageObject","inLanguage":"en-US","@id":"https:\/\/jmyo.fi\/#\/schema\/logo\/image\/","url":"https:\/\/jmyo.fi\/paasivusto\/wp-content\/uploads\/2021\/02\/cropped-cropped-logo_lehti_ympyra.png","contentUrl":"https:\/\/jmyo.fi\/paasivusto\/wp-content\/uploads\/2021\/02\/cropped-cropped-logo_lehti_ympyra.png","width":512,"height":512,"caption":"Joensuun Mets\u00e4ylioppilaat ry"},"image":{"@id":"https:\/\/jmyo.fi\/#\/schema\/logo\/image\/"}}]}},"_links":{"self":[{"href":"https:\/\/jmyo.fi\/en\/wp-json\/wp\/v2\/pages\/520","targetHints":{"allow":["GET"]}}],"collection":[{"href":"https:\/\/jmyo.fi\/en\/wp-json\/wp\/v2\/pages"}],"about":[{"href":"https:\/\/jmyo.fi\/en\/wp-json\/wp\/v2\/types\/page"}],"author":[{"embeddable":true,"href":"https:\/\/jmyo.fi\/en\/wp-json\/wp\/v2\/users\/4"}],"replies":[{"embeddable":true,"href":"https:\/\/jmyo.fi\/en\/wp-json\/wp\/v2\/comments?post=520"}],"version-history":[{"count":0,"href":"https:\/\/jmyo.fi\/en\/wp-json\/wp\/v2\/pages\/520\/revisions"}],"wp:attachment":[{"href":"https:\/\/jmyo.fi\/en\/wp-json\/wp\/v2\/media?parent=520"}],"curies":[{"name":"wp","href":"https:\/\/api.w.org\/{rel}","templated":true}]}}