{"id":501,"date":"2021-05-19T22:30:47","date_gmt":"2021-05-19T20:30:47","guid":{"rendered":"https:\/\/jmyo.fi\/paasivusto\/?page_id=501"},"modified":"2025-07-08T17:17:24","modified_gmt":"2025-07-08T14:17:24","slug":"ainejarjesto","status":"publish","type":"page","link":"https:\/\/jmyo.fi\/en\/ainejarjesto\/","title":{"rendered":"Student Association"},"content":{"rendered":"<div data-elementor-type=\"wp-page\" data-elementor-id=\"501\" class=\"elementor elementor-501\">\n\t\t\t\t\t\t<section class=\"elementor-section elementor-top-section elementor-element elementor-element-5be6d2b elementor-section-boxed elementor-section-height-default elementor-section-height-default\" data-id=\"5be6d2b\" data-element_type=\"section\">\n\t\t\t\t\t\t<div class=\"elementor-container elementor-column-gap-default\">\n\t\t\t\t\t<div class=\"elementor-column elementor-col-100 elementor-top-column elementor-element elementor-element-eddf66e\" data-id=\"eddf66e\" data-element_type=\"column\">\n\t\t\t<div class=\"elementor-widget-wrap elementor-element-populated\">\n\t\t\t\t\t\t<div class=\"elementor-element elementor-element-36e4aa3 elementor-widget elementor-widget-text-editor\" data-id=\"36e4aa3\" data-element_type=\"widget\" data-widget_type=\"text-editor.default\">\n\t\t\t\t<div class=\"elementor-widget-container\">\n\t\t\t\t\t\t\t\t\t<p>JMYO organizes different kinds of student events, including sauna evenings and academic \"tableparties\" for its members. We also host outdoor activities like fun olympics, trips to different nature areas, and offer the possibility to join our weekly sports club.<\/p><p>Furthermost, JMYO acts as a bridge between the staff and organization of UEF and its students, us.<\/p><p>We work in collaboration with\u00a0<a href=\"http:\/\/www.ifsa.net\/\">IFSA<\/a>\u00a0(International Forestry Students Association), to which JMYO also belongs to.<\/p>\t\t\t\t\t\t\t\t<\/div>\n\t\t\t\t<\/div>\n\t\t\t\t\t<\/div>\n\t\t<\/div>\n\t\t\t\t\t<\/div>\n\t\t<\/section>\n\t\t\t\t<section class=\"elementor-section elementor-top-section elementor-element elementor-element-a6a5d06 elementor-section-boxed elementor-section-height-default elementor-section-height-default\" data-id=\"a6a5d06\" data-element_type=\"section\">\n\t\t\t\t\t\t<div class=\"elementor-container elementor-column-gap-default\">\n\t\t\t\t\t<div class=\"elementor-column elementor-col-100 elementor-top-column elementor-element elementor-element-08ec517\" data-id=\"08ec517\" data-element_type=\"column\">\n\t\t\t<div class=\"elementor-widget-wrap elementor-element-populated\">\n\t\t\t\t\t\t<div class=\"elementor-element elementor-element-0fea8ff elementor-widget elementor-widget-heading\" data-id=\"0fea8ff\" data-element_type=\"widget\" data-widget_type=\"heading.default\">\n\t\t\t\t<div class=\"elementor-widget-container\">\n\t\t\t\t\t<h1 class=\"elementor-heading-title elementor-size-default\">V\u00e4nk\u00e4ri Magazine<\/h1>\t\t\t\t<\/div>\n\t\t\t\t<\/div>\n\t\t\t\t\t<\/div>\n\t\t<\/div>\n\t\t\t\t\t<\/div>\n\t\t<\/section>\n\t\t\t\t<section class=\"elementor-section elementor-top-section elementor-element elementor-element-cea493a elementor-section-boxed elementor-section-height-default elementor-section-height-default\" data-id=\"cea493a\" data-element_type=\"section\">\n\t\t\t\t\t\t<div class=\"elementor-container elementor-column-gap-default\">\n\t\t\t\t\t<div class=\"elementor-column elementor-col-100 elementor-top-column elementor-element elementor-element-924d7f9\" data-id=\"924d7f9\" data-element_type=\"column\">\n\t\t\t<div class=\"elementor-widget-wrap elementor-element-populated\">\n\t\t\t\t\t\t<div class=\"elementor-element elementor-element-03e92c0 elementor-widget elementor-widget-text-editor\" data-id=\"03e92c0\" data-element_type=\"widget\" data-widget_type=\"text-editor.default\">\n\t\t\t\t<div class=\"elementor-widget-container\">\n\t\t\t\t\t\t\t\t\t<p>V\u00e4nk\u00e4ri is JMYO's own little magazine which is published twice each year. JMYO organizes the publication and is always open to new ideas and articles from its members. The archive of old V\u00e4nk\u00e4ri's can be found in our student association room.<\/p><p>\u00a0<\/p>\t\t\t\t\t\t\t\t<\/div>\n\t\t\t\t<\/div>\n\t\t\t\t\t<\/div>\n\t\t<\/div>\n\t\t\t\t\t<\/div>\n\t\t<\/section>\n\t\t\t\t<section class=\"elementor-section elementor-top-section elementor-element elementor-element-10f0538 elementor-section-boxed elementor-section-height-default elementor-section-height-default\" data-id=\"10f0538\" data-element_type=\"section\">\n\t\t\t\t\t\t<div class=\"elementor-container elementor-column-gap-default\">\n\t\t\t\t\t<div class=\"elementor-column elementor-col-100 elementor-top-column elementor-element elementor-element-2a08ee2\" data-id=\"2a08ee2\" data-element_type=\"column\">\n\t\t\t<div class=\"elementor-widget-wrap elementor-element-populated\">\n\t\t\t\t\t\t<div class=\"elementor-element elementor-element-d0abd28 elementor-widget elementor-widget-heading\" data-id=\"d0abd28\" data-element_type=\"widget\" data-widget_type=\"heading.default\">\n\t\t\t\t<div class=\"elementor-widget-container\">\n\t\t\t\t\t<h2 class=\"elementor-heading-title elementor-size-xl\">Mets\u00e4suunnitelman laadinta<\/h2>\t\t\t\t<\/div>\n\t\t\t\t<\/div>\n\t\t\t\t\t<\/div>\n\t\t<\/div>\n\t\t\t\t\t<\/div>\n\t\t<\/section>\n\t\t\t\t<section class=\"elementor-section elementor-top-section elementor-element elementor-element-1627761 elementor-section-boxed elementor-section-height-default elementor-section-height-default\" data-id=\"1627761\" data-element_type=\"section\">\n\t\t\t\t\t\t<div class=\"elementor-container elementor-column-gap-default\">\n\t\t\t\t\t<div class=\"elementor-column elementor-col-100 elementor-top-column elementor-element elementor-element-e3f7e0e\" data-id=\"e3f7e0e\" data-element_type=\"column\">\n\t\t\t<div class=\"elementor-widget-wrap elementor-element-populated\">\n\t\t\t\t\t\t<div class=\"elementor-element elementor-element-4aace44 elementor-widget elementor-widget-text-editor\" data-id=\"4aace44\" data-element_type=\"widget\" data-widget_type=\"text-editor.default\">\n\t\t\t\t<div class=\"elementor-widget-container\">\n\t\t\t\t\t\t\t\t\t<p style=\"font-weight: 400;\">Osana opintojaan Joensuun mets\u00e4ylioppilaat harjoittelevat mets\u00e4suunnitelman laadintaa. Mets\u00e4suunnitelman laadinta kuuluu osaksi mets\u00e4suunnittelun kurssia, joka j\u00e4rjestet\u00e4\u00e4n joka vuosi syyskuun alussa. Suunnitelman laadinta tarjoaa opiskelijoille hyv\u00e4n kosketuksen tulevaisuuden mahdollisiin ty\u00f6teht\u00e4viin, sek\u00e4 kehitt\u00e4\u00e4 vuorovaikutustaitoja kun suunnitelmat tehd\u00e4\u00e4n yhteisty\u00f6ss\u00e4 varsinaisten mets\u00e4nomistajien kanssa. Etsimme jatkuvasti uusia mets\u00e4tiloja, joilla ei ole viel\u00e4 mets\u00e4suunnitelmaa.<\/p><p>Millaisia tiloja haetaan?<\/p><ul><li>Suunniteltavan tilan tulee olla enint\u00e4\u00e4n noin 100km p\u00e4\u00e4ss\u00e4 Joensuusta<\/li><li>Tilakoolla ei ole merkityst\u00e4. Ota rohkeasti yhteytt\u00e4!\u00a0<\/li><li>Hinta 8\u20ac\/ha<\/li><\/ul><p>Mik\u00e4li sinulla on mets\u00e4tila jolle haluat mets\u00e4suunnitelman ja tukea samalla mets\u00e4alan opiskelijoita, ota meihin rohkeasti yhteytt\u00e4: hallitus@jmyo.fi<\/p><p>\u00a0<\/p>\t\t\t\t\t\t\t\t<\/div>\n\t\t\t\t<\/div>\n\t\t\t\t\t<\/div>\n\t\t<\/div>\n\t\t\t\t\t<\/div>\n\t\t<\/section>\n\t\t\t\t<\/div>","protected":false},"excerpt":{"rendered":"<p>Joensuun Mets\u00e4ylioppilaat ry on It\u00e4-Suomen yliopiston mets\u00e4tieteiden opiskelijoiden ainej\u00e4rjest\u00f6. Se kokoaa yhteen mets\u00e4ymp\u00e4rist\u00f6n hoitoa ja suojelua, mets\u00e4suunnittelua ja -ekonomiaa sek\u00e4 mets\u00e4teknologiaa erikoistumisaloinaan opiskelevat forstit. Joensuun Mets\u00e4ylioppilaat ry on vire\u00e4 \u201dhyv\u00e4n [&hellip;]<\/p>","protected":false},"author":4,"featured_media":0,"parent":0,"menu_order":3,"comment_status":"closed","ping_status":"closed","template":"","meta":{"_acf_changed":false,"footnotes":""},"class_list":["post-501","page","type-page","status-publish","hentry"],"acf":[],"yoast_head":"<!-- This site is optimized with the Yoast SEO plugin v24.7 - https:\/\/yoast.com\/wordpress\/plugins\/seo\/ -->\n<title>Ainej\u00e4rjest\u00f6 - Joensuun Mets\u00e4ylioppilaat ry<\/title>\n<meta name=\"robots\" content=\"index, follow, max-snippet:-1, max-image-preview:large, max-video-preview:-1\" \/>\n<link rel=\"canonical\" href=\"https:\/\/jmyo.fi\/en\/ainejarjesto\/\" \/>\n<meta property=\"og:locale\" content=\"en_US\" \/>\n<meta property=\"og:type\" content=\"article\" \/>\n<meta property=\"og:title\" content=\"Ainej\u00e4rjest\u00f6 - Joensuun Mets\u00e4ylioppilaat ry\" \/>\n<meta property=\"og:description\" content=\"Joensuun Mets\u00e4ylioppilaat ry on It\u00e4-Suomen yliopiston mets\u00e4tieteiden opiskelijoiden ainej\u00e4rjest\u00f6. Se kokoaa yhteen mets\u00e4ymp\u00e4rist\u00f6n hoitoa ja suojelua, mets\u00e4suunnittelua ja -ekonomiaa sek\u00e4 mets\u00e4teknologiaa erikoistumisaloinaan opiskelevat forstit. Joensuun Mets\u00e4ylioppilaat ry on vire\u00e4 \u201dhyv\u00e4n [&hellip;]\" \/>\n<meta property=\"og:url\" content=\"https:\/\/jmyo.fi\/en\/ainejarjesto\/\" \/>\n<meta property=\"og:site_name\" content=\"Joensuun Mets\u00e4ylioppilaat ry\" \/>\n<meta property=\"article:modified_time\" content=\"2025-07-08T14:17:24+00:00\" \/>\n<meta name=\"twitter:card\" content=\"summary_large_image\" \/>\n<meta name=\"twitter:label1\" content=\"Est. reading time\" \/>\n\t<meta name=\"twitter:data1\" content=\"2 minutes\" \/>\n<script type=\"application\/ld+json\" class=\"yoast-schema-graph\">{\"@context\":\"https:\/\/schema.org\",\"@graph\":[{\"@type\":\"WebPage\",\"@id\":\"https:\/\/jmyo.fi\/ainejarjesto\/\",\"url\":\"https:\/\/jmyo.fi\/ainejarjesto\/\",\"name\":\"Ainej\u00e4rjest\u00f6 - Joensuun Mets\u00e4ylioppilaat ry\",\"isPartOf\":{\"@id\":\"https:\/\/jmyo.fi\/#website\"},\"datePublished\":\"2021-05-19T20:30:47+00:00\",\"dateModified\":\"2025-07-08T14:17:24+00:00\",\"breadcrumb\":{\"@id\":\"https:\/\/jmyo.fi\/ainejarjesto\/#breadcrumb\"},\"inLanguage\":\"en-US\",\"potentialAction\":[{\"@type\":\"ReadAction\",\"target\":[\"https:\/\/jmyo.fi\/ainejarjesto\/\"]}]},{\"@type\":\"BreadcrumbList\",\"@id\":\"https:\/\/jmyo.fi\/ainejarjesto\/#breadcrumb\",\"itemListElement\":[{\"@type\":\"ListItem\",\"position\":1,\"name\":\"Etusivu\",\"item\":\"https:\/\/jmyo.fi\/\"},{\"@type\":\"ListItem\",\"position\":2,\"name\":\"Ainej\u00e4rjest\u00f6\"}]},{\"@type\":\"WebSite\",\"@id\":\"https:\/\/jmyo.fi\/#website\",\"url\":\"https:\/\/jmyo.fi\/\",\"name\":\"Joensuun Mets\u00e4ylioppilaat ry\",\"description\":\"Mets\u00e4tieteiden ainej\u00e4rjest\u00f6 vuodesta 1982\",\"publisher\":{\"@id\":\"https:\/\/jmyo.fi\/#organization\"},\"potentialAction\":[{\"@type\":\"SearchAction\",\"target\":{\"@type\":\"EntryPoint\",\"urlTemplate\":\"https:\/\/jmyo.fi\/?s={search_term_string}\"},\"query-input\":{\"@type\":\"PropertyValueSpecification\",\"valueRequired\":true,\"valueName\":\"search_term_string\"}}],\"inLanguage\":\"en-US\"},{\"@type\":\"Organization\",\"@id\":\"https:\/\/jmyo.fi\/#organization\",\"name\":\"Joensuun Mets\u00e4ylioppilaat ry\",\"url\":\"https:\/\/jmyo.fi\/\",\"logo\":{\"@type\":\"ImageObject\",\"inLanguage\":\"en-US\",\"@id\":\"https:\/\/jmyo.fi\/#\/schema\/logo\/image\/\",\"url\":\"https:\/\/jmyo.fi\/paasivusto\/wp-content\/uploads\/2021\/02\/cropped-cropped-logo_lehti_ympyra.png\",\"contentUrl\":\"https:\/\/jmyo.fi\/paasivusto\/wp-content\/uploads\/2021\/02\/cropped-cropped-logo_lehti_ympyra.png\",\"width\":512,\"height\":512,\"caption\":\"Joensuun Mets\u00e4ylioppilaat ry\"},\"image\":{\"@id\":\"https:\/\/jmyo.fi\/#\/schema\/logo\/image\/\"}}]}<\/script>\n<!-- \/ Yoast SEO plugin. -->","yoast_head_json":{"title":"Ainej\u00e4rjest\u00f6 - Joensuun Mets\u00e4ylioppilaat ry","robots":{"index":"index","follow":"follow","max-snippet":"max-snippet:-1","max-image-preview":"max-image-preview:large","max-video-preview":"max-video-preview:-1"},"canonical":"https:\/\/jmyo.fi\/en\/ainejarjesto\/","og_locale":"en_US","og_type":"article","og_title":"Ainej\u00e4rjest\u00f6 - Joensuun Mets\u00e4ylioppilaat ry","og_description":"Joensuun Mets\u00e4ylioppilaat ry on It\u00e4-Suomen yliopiston mets\u00e4tieteiden opiskelijoiden ainej\u00e4rjest\u00f6. Se kokoaa yhteen mets\u00e4ymp\u00e4rist\u00f6n hoitoa ja suojelua, mets\u00e4suunnittelua ja -ekonomiaa sek\u00e4 mets\u00e4teknologiaa erikoistumisaloinaan opiskelevat forstit. Joensuun Mets\u00e4ylioppilaat ry on vire\u00e4 \u201dhyv\u00e4n [&hellip;]","og_url":"https:\/\/jmyo.fi\/en\/ainejarjesto\/","og_site_name":"Joensuun Mets\u00e4ylioppilaat ry","article_modified_time":"2025-07-08T14:17:24+00:00","twitter_card":"summary_large_image","twitter_misc":{"Est. reading time":"2 minutes"},"schema":{"@context":"https:\/\/schema.org","@graph":[{"@type":"WebPage","@id":"https:\/\/jmyo.fi\/ainejarjesto\/","url":"https:\/\/jmyo.fi\/ainejarjesto\/","name":"Ainej\u00e4rjest\u00f6 - Joensuun Mets\u00e4ylioppilaat ry","isPartOf":{"@id":"https:\/\/jmyo.fi\/#website"},"datePublished":"2021-05-19T20:30:47+00:00","dateModified":"2025-07-08T14:17:24+00:00","breadcrumb":{"@id":"https:\/\/jmyo.fi\/ainejarjesto\/#breadcrumb"},"inLanguage":"en-US","potentialAction":[{"@type":"ReadAction","target":["https:\/\/jmyo.fi\/ainejarjesto\/"]}]},{"@type":"BreadcrumbList","@id":"https:\/\/jmyo.fi\/ainejarjesto\/#breadcrumb","itemListElement":[{"@type":"ListItem","position":1,"name":"Etusivu","item":"https:\/\/jmyo.fi\/"},{"@type":"ListItem","position":2,"name":"Ainej\u00e4rjest\u00f6"}]},{"@type":"WebSite","@id":"https:\/\/jmyo.fi\/#website","url":"https:\/\/jmyo.fi\/","name":"Joensuun Mets\u00e4ylioppilaat ry","description":"Mets\u00e4tieteiden ainej\u00e4rjest\u00f6 vuodesta 1982","publisher":{"@id":"https:\/\/jmyo.fi\/#organization"},"potentialAction":[{"@type":"SearchAction","target":{"@type":"EntryPoint","urlTemplate":"https:\/\/jmyo.fi\/?s={search_term_string}"},"query-input":{"@type":"PropertyValueSpecification","valueRequired":true,"valueName":"search_term_string"}}],"inLanguage":"en-US"},{"@type":"Organization","@id":"https:\/\/jmyo.fi\/#organization","name":"Joensuun Mets\u00e4ylioppilaat ry","url":"https:\/\/jmyo.fi\/","logo":{"@type":"ImageObject","inLanguage":"en-US","@id":"https:\/\/jmyo.fi\/#\/schema\/logo\/image\/","url":"https:\/\/jmyo.fi\/paasivusto\/wp-content\/uploads\/2021\/02\/cropped-cropped-logo_lehti_ympyra.png","contentUrl":"https:\/\/jmyo.fi\/paasivusto\/wp-content\/uploads\/2021\/02\/cropped-cropped-logo_lehti_ympyra.png","width":512,"height":512,"caption":"Joensuun Mets\u00e4ylioppilaat ry"},"image":{"@id":"https:\/\/jmyo.fi\/#\/schema\/logo\/image\/"}}]}},"_links":{"self":[{"href":"https:\/\/jmyo.fi\/en\/wp-json\/wp\/v2\/pages\/501","targetHints":{"allow":["GET"]}}],"collection":[{"href":"https:\/\/jmyo.fi\/en\/wp-json\/wp\/v2\/pages"}],"about":[{"href":"https:\/\/jmyo.fi\/en\/wp-json\/wp\/v2\/types\/page"}],"author":[{"embeddable":true,"href":"https:\/\/jmyo.fi\/en\/wp-json\/wp\/v2\/users\/4"}],"replies":[{"embeddable":true,"href":"https:\/\/jmyo.fi\/en\/wp-json\/wp\/v2\/comments?post=501"}],"version-history":[{"count":3,"href":"https:\/\/jmyo.fi\/en\/wp-json\/wp\/v2\/pages\/501\/revisions"}],"predecessor-version":[{"id":120139,"href":"https:\/\/jmyo.fi\/en\/wp-json\/wp\/v2\/pages\/501\/revisions\/120139"}],"wp:attachment":[{"href":"https:\/\/jmyo.fi\/en\/wp-json\/wp\/v2\/media?parent=501"}],"curies":[{"name":"wp","href":"https:\/\/api.w.org\/{rel}","templated":true}]}}