{"id":419,"date":"2021-04-08T18:48:58","date_gmt":"2021-04-08T16:48:58","guid":{"rendered":"https:\/\/jmyo.fi\/paasivusto\/?page_id=419"},"modified":"2024-09-08T16:14:21","modified_gmt":"2024-09-08T13:14:21","slug":"saannot","status":"publish","type":"page","link":"https:\/\/jmyo.fi\/en\/ainejarjesto\/saannot\/","title":{"rendered":"Rules"},"content":{"rendered":"<h2 class=\"wp-block-heading\">1\u00a7 Name and Domicile<\/h2><p>The name of the association is Joensuu Forestry Students' Association (Joensuun Mets\u00e4ylioppilaat ry), and its domicile is Joensuu.<\/p><h2 class=\"wp-block-heading\">\u00a72 Purpose<\/h2><p>The purpose of the association is to develop forestry education and research at the University of Eastern Finland, promote the common interests of forestry students, and support its members' cultural and physical activities related to forestry.<\/p><h2 class=\"wp-block-heading\">\u00a73 Forms of Activity<\/h2><p class=\"has-text-align-left\">To achieve its purpose, the association makes proposals and initiatives, engages in publishing activities, organizes lectures, discussions, study trips, and sports events, and maintains contacts with academic organizations, forestry professionals, and domestic and international organizations related to the field.<\/p><h2 class=\"wp-block-heading\">\u00a74 Language of the Association<\/h2><p>The official language of the association is Finnish.<\/p><h2 class=\"wp-block-heading\">\u00a75 Membership<\/h2><p>The members of the association are regular members and honorary members.<\/p><p>Regular membership is open by paying the membership fee to individuals pursuing a Bachelor\u2019s or Master\u2019s degree in agriculture and forestry with a focus on forestry subjects at the University of Eastern Finland or those who have completed such degrees and continue their studies in the Faculty of Science and Forestry, Department of Forestry. The board may also grant regular membership to other students at the University of Eastern Finland at its discretion. Acquired membership rights are retained until the end of the membership.<\/p><p>Honorary membership can be conferred upon individuals who have significantly contributed to the association\u2019s activities or the development to the field of forestry. There can be up to three honorary members at any one time, and honorary members are exempt from membership fees.<\/p><h2 class=\"wp-block-heading\">\u00a76 Membership Fees<\/h2><p>In addition to the other obligations stipulated in these rules, regular members must pay the membership fee determined at the association\u2019s election meeting. After paying the membership fee, a member obtains the rights to participate in the association\u2019s activities.<\/p><h2 class=\"wp-block-heading\">\u00a77 Approval of Members<\/h2><p>Regular members are approved by the board, while honorary members are approved by a decision-making association meeting, provided that two-thirds (2\/3) of the votes cast support the proposal.<\/p><h2 class=\"wp-block-heading\">\u00a78 Resignation, Expulsion, and Disciplinary Actions<\/h2><p>A member wishing to resign from the association must notify the board or its chairperson in writing or announce their resignation during an association meeting. The association meeting may expel a member who acts contrary to the association\u2019s rules or objectives, harms the association, or fails to pay the due membership fee. <\/p><p>The board oversees the compliance of the rules and is responsible for imposing penalties for violations when necessary.<\/p><p>Possible penalties for rule violations include:<\/p><ul class=\"wp-block-list\"><li>Notice<\/li>\n\n<li>Immediate removal from an event<\/li>\n\n<li>Warning<\/li>\n\n<li>Temporary ban from participating in the association\u2019s activities<\/li>\n\n<li>Indefinite ban from participating in the association\u2019s activities<\/li>\n\n<li>Other appropriate disciplinary action agreed upon by the board and the involved parties<\/li>\n\n<li>Initiation of expulsion proceedings as described in \u00a78.<\/li><\/ul><p>The decision to initiate expulsion proceedings is made at an association meeting, while decisions regarding other disciplinary actions are made by the board to protect individual privacy. Involved parties have the right to be heard in proceedings concerning rule violations.<\/p><h2 class=\"wp-block-heading\">\u00a79 Governing Bodies<\/h2><p>The association\u2019s decision-making power is vested in the association meeting, while executive power is vested in the board.<\/p><p>The board may establish committees from among its members, whose decision-making and financial authority are defined by the board.<\/p><h2 class=\"wp-block-heading\">\u00a710 Association Meetings<\/h2><p>The association\u2019s annual meeting is held before April 10, the election meeting in October, and the autumn meeting by November 30, at times determined by the board. Extraordinary meetings are held as deemed necessary by the board, by decision of the association meeting, or at the written request of at least 1\/10 of the association\u2019s voting members to address a specific issue. Participation in association meetings may be allowed by mail or via telecommunication or other technical means during or before the meeting, as decided by the board or the association meeting. The board must convene the annual meeting, the election meeting, and the autumn meeting at least seven days in advance, and other association meetings at least four days in advance, primarily through the association\u2019s official communication channel and, if necessary, via the association\u2019s notice board. The association meeting is quorate when convened in accordance with the rules. <\/p><p>Decisions at association meetings are made by a simple majority, except for matters specified in \u00a7 7 and 19. Matters that members wish to have addressed at meetings must be submitted to the board in writing at least two weeks prior to the meeting.<\/p><p>At the annual meeting, the following items are addressed:<\/p><ul class=\"wp-block-list\"><li>The board\u2019s report on the association\u2019s activities and finances, along with the auditor\u2019s statement<\/li>\n\n<li>Approval of the previous term\u2019s financial statements<\/li>\n\n<li>Granting discharge from liability<\/li>\n\n<li>Other matters mentioned in the meeting notice<\/li><\/ul><p>At the election meeting, the following items are addressed:<\/p><ul class=\"wp-block-list\"><li>Election of the board chairperson, who is also the association\u2019s chairperson, in accordance with \u00a711<\/li>\n\n<li>Election of five (5) to eleven (11) board members to board positions<\/li>\n\n<li>Election of the Loimu representative for Loimu Students \u2013 Joensuu association's meetings<\/li>\n\n<li>Election of the association\u2019s supervisor for one year at a time<\/li>\n\n<li>Election of one auditor and one deputy auditor for one year at a time<\/li>\n\n<li>Election of other association officials<\/li>\n\n<li>Determination of the membership fee and the remuneration of officials<\/li>\n\n<li>Other matters mentioned in the meeting notice<\/li><\/ul><p>At the autumn meeting, the following items are addressed:<\/p><ul class=\"wp-block-list\"><li>The action plan and budget for the next term<\/li>\n\n<li>Other matters mentioned in the meeting notice<\/li><\/ul><p>The chairperson and other board members assume responsibility for association affairs at the start of the new operational and financial year on January 1.<\/p><h2 class=\"wp-block-heading\">\u00a711 Board<\/h2><p>The association\u2019s affairs are managed and represented by a board elected for one calendar year, consisting of a chairperson and a minimum of five (5) and a maximum of eleven (11) members. <\/p><p>The chairperson and other board members are elected at the association\u2019s election meeting by a simple majority vote. The association meeting may elect a new board member to replace one who has resigned or been expelled at the next association meeting. <\/p><p>Board meetings are convened by the chairperson or, if they are unavailable, by the vice-chairperson. The board is quorate when at least half of the members, including the chairperson or vice-chairperson, are present. Decisions at board meetings are made by a simple majority vote. In the event of a tie, the chairperson\u2019s vote decides, except in elections where a tie is resolved by drawing lots.<\/p><p>The board\u2019s duties include:<\/p><ul class=\"wp-block-list\"><li>Managing the association\u2019s affairs according to the rules and decisions of association meetings<\/li>\n\n<li>Preparing documents for association meetings<\/li>\n\n<li>Maintaining a membership list that includes each member\u2019s full name and domicile<\/li>\n\n<li>Managing the association\u2019s funds, archives, and other assets, and collecting membership fees<\/li><\/ul><p>The board may propose a candidate for the association\u2019s supervisor to the election meeting.<\/p><h2 class=\"wp-block-heading\">\u00a712 Supervisor<\/h2><p>The association has a supervisor who must hold an academic degree in forestry subjects and be employed by the University of Eastern Finland. The supervisor acts as a liaison between the association and the university. The supervisor is elected at the association\u2019s election meeting for one year at a time.<\/p><h2 class=\"wp-block-heading\">\u00a713 Authorized Signatories<\/h2><p>The association\u2019s name is signed by the chairperson, vice-chairperson, or secretary, together with another board member.<\/p><h2 class=\"wp-block-heading\">\u00a714 Auditors<\/h2><p>One auditor and one deputy auditor are elected at the election meeting each year to audit the association\u2019s administration and finances.<\/p><h2 class=\"wp-block-heading\">\u00a715 Operational and Financial term<\/h2><p>The association\u2019s operational and financial term begins on January 1 and ends on December 31. The financial statements and the annual report must be submitted to the auditor at least one month before the annual meeting. The auditor must provide a statement on the financial statements and the annual report at least two weeks before the annual meeting.<\/p><h2 class=\"wp-block-heading\">\u00a716 Association Clubs<\/h2><p>Members may establish unregistered clubs within the association to pursue specialized activities aligned with the association\u2019s purpose, subject to the approval of the association meeting. Each club must have a chairperson, and the club\u2019s rules must be submitted by the founders to the board for approval. Clubs may apply in writing for funding from the association to support their activities. Clubs must report on their activities to the board for inclusion as an appendix in the association\u2019s annual report. <\/p><p>Only association members may belong to a club.<\/p><h2 class=\"wp-block-heading\">\u00a717 Flags and Insignia<\/h2><p>The association\u2019s flag, insignia, honorary badges, and merit badges are regulated separately.<\/p><h2 class=\"wp-block-heading\">\u00a718 Anniversary<\/h2><p>The association celebrates its anniversary on October 12, the date of its founding.<\/p><h2 class=\"wp-block-heading\">\u00a719 Amendments and Dissolution<\/h2><p>These rules may be amended if three-quarters (3\/4) of the votes cast at a quorate association meeting support the proposal. <\/p><p>To dissolve the association, a three-quarters (3\/4) majority vote is required at two consecutive quorate association meetings held at least two weeks apart. If the association is dissolved, its assets shall be used for purposes that support the association\u2019s objectives as determined by the final meeting deciding on the dissolution.<\/p>","protected":false},"excerpt":{"rendered":"<p>1 \u00a7 Nimi ja kotipaikka Yhdistyksen nimi on Joensuun Mets\u00e4ylioppilaat ry ja sen kotipaikka on Joensuu. 2 \u00a7 Tarkoitus Yhdistyksen tarkoituksena on kehitt\u00e4\u00e4 It\u00e4-Suomen yliopistossa mets\u00e4tieteiden opetusta ja tutkimusta, ajaa [&hellip;]<\/p>","protected":false},"author":4,"featured_media":0,"parent":501,"menu_order":5,"comment_status":"closed","ping_status":"closed","template":"","meta":{"_acf_changed":false,"footnotes":""},"class_list":["post-419","page","type-page","status-publish","hentry"],"acf":[],"yoast_head":"<!-- This site is optimized with the Yoast SEO plugin v24.7 - https:\/\/yoast.com\/wordpress\/plugins\/seo\/ -->\n<title>S\u00e4\u00e4nn\u00f6t - Joensuun Mets\u00e4ylioppilaat ry<\/title>\n<meta name=\"robots\" content=\"index, follow, max-snippet:-1, max-image-preview:large, max-video-preview:-1\" \/>\n<link rel=\"canonical\" href=\"https:\/\/jmyo.fi\/en\/ainejarjesto\/saannot\/\" \/>\n<meta property=\"og:locale\" content=\"en_US\" \/>\n<meta property=\"og:type\" content=\"article\" \/>\n<meta property=\"og:title\" content=\"S\u00e4\u00e4nn\u00f6t - Joensuun Mets\u00e4ylioppilaat ry\" \/>\n<meta property=\"og:description\" content=\"1 \u00a7 Nimi ja kotipaikka Yhdistyksen nimi on Joensuun Mets\u00e4ylioppilaat ry ja sen kotipaikka on Joensuu. 2 \u00a7 Tarkoitus Yhdistyksen tarkoituksena on kehitt\u00e4\u00e4 It\u00e4-Suomen yliopistossa mets\u00e4tieteiden opetusta ja tutkimusta, ajaa [&hellip;]\" \/>\n<meta property=\"og:url\" content=\"https:\/\/jmyo.fi\/en\/ainejarjesto\/saannot\/\" \/>\n<meta property=\"og:site_name\" content=\"Joensuun Mets\u00e4ylioppilaat ry\" \/>\n<meta property=\"article:modified_time\" content=\"2024-09-08T13:14:21+00:00\" \/>\n<meta name=\"twitter:card\" content=\"summary_large_image\" \/>\n<meta name=\"twitter:label1\" content=\"Est. reading time\" \/>\n\t<meta name=\"twitter:data1\" content=\"7 minutes\" \/>\n<script type=\"application\/ld+json\" class=\"yoast-schema-graph\">{\"@context\":\"https:\/\/schema.org\",\"@graph\":[{\"@type\":\"WebPage\",\"@id\":\"https:\/\/jmyo.fi\/ainejarjesto\/saannot\/\",\"url\":\"https:\/\/jmyo.fi\/ainejarjesto\/saannot\/\",\"name\":\"S\u00e4\u00e4nn\u00f6t - Joensuun Mets\u00e4ylioppilaat ry\",\"isPartOf\":{\"@id\":\"https:\/\/jmyo.fi\/#website\"},\"datePublished\":\"2021-04-08T16:48:58+00:00\",\"dateModified\":\"2024-09-08T13:14:21+00:00\",\"breadcrumb\":{\"@id\":\"https:\/\/jmyo.fi\/ainejarjesto\/saannot\/#breadcrumb\"},\"inLanguage\":\"en-US\",\"potentialAction\":[{\"@type\":\"ReadAction\",\"target\":[\"https:\/\/jmyo.fi\/ainejarjesto\/saannot\/\"]}]},{\"@type\":\"BreadcrumbList\",\"@id\":\"https:\/\/jmyo.fi\/ainejarjesto\/saannot\/#breadcrumb\",\"itemListElement\":[{\"@type\":\"ListItem\",\"position\":1,\"name\":\"Etusivu\",\"item\":\"https:\/\/jmyo.fi\/\"},{\"@type\":\"ListItem\",\"position\":2,\"name\":\"Ainej\u00e4rjest\u00f6\",\"item\":\"https:\/\/jmyo.fi\/ainejarjesto\/\"},{\"@type\":\"ListItem\",\"position\":3,\"name\":\"S\u00e4\u00e4nn\u00f6t\"}]},{\"@type\":\"WebSite\",\"@id\":\"https:\/\/jmyo.fi\/#website\",\"url\":\"https:\/\/jmyo.fi\/\",\"name\":\"Joensuun Mets\u00e4ylioppilaat ry\",\"description\":\"Mets\u00e4tieteiden ainej\u00e4rjest\u00f6 vuodesta 1982\",\"publisher\":{\"@id\":\"https:\/\/jmyo.fi\/#organization\"},\"potentialAction\":[{\"@type\":\"SearchAction\",\"target\":{\"@type\":\"EntryPoint\",\"urlTemplate\":\"https:\/\/jmyo.fi\/?s={search_term_string}\"},\"query-input\":{\"@type\":\"PropertyValueSpecification\",\"valueRequired\":true,\"valueName\":\"search_term_string\"}}],\"inLanguage\":\"en-US\"},{\"@type\":\"Organization\",\"@id\":\"https:\/\/jmyo.fi\/#organization\",\"name\":\"Joensuun Mets\u00e4ylioppilaat ry\",\"url\":\"https:\/\/jmyo.fi\/\",\"logo\":{\"@type\":\"ImageObject\",\"inLanguage\":\"en-US\",\"@id\":\"https:\/\/jmyo.fi\/#\/schema\/logo\/image\/\",\"url\":\"https:\/\/jmyo.fi\/paasivusto\/wp-content\/uploads\/2021\/02\/cropped-cropped-logo_lehti_ympyra.png\",\"contentUrl\":\"https:\/\/jmyo.fi\/paasivusto\/wp-content\/uploads\/2021\/02\/cropped-cropped-logo_lehti_ympyra.png\",\"width\":512,\"height\":512,\"caption\":\"Joensuun Mets\u00e4ylioppilaat ry\"},\"image\":{\"@id\":\"https:\/\/jmyo.fi\/#\/schema\/logo\/image\/\"}}]}<\/script>\n<!-- \/ Yoast SEO plugin. -->","yoast_head_json":{"title":"S\u00e4\u00e4nn\u00f6t - Joensuun Mets\u00e4ylioppilaat ry","robots":{"index":"index","follow":"follow","max-snippet":"max-snippet:-1","max-image-preview":"max-image-preview:large","max-video-preview":"max-video-preview:-1"},"canonical":"https:\/\/jmyo.fi\/en\/ainejarjesto\/saannot\/","og_locale":"en_US","og_type":"article","og_title":"S\u00e4\u00e4nn\u00f6t - Joensuun Mets\u00e4ylioppilaat ry","og_description":"1 \u00a7 Nimi ja kotipaikka Yhdistyksen nimi on Joensuun Mets\u00e4ylioppilaat ry ja sen kotipaikka on Joensuu. 2 \u00a7 Tarkoitus Yhdistyksen tarkoituksena on kehitt\u00e4\u00e4 It\u00e4-Suomen yliopistossa mets\u00e4tieteiden opetusta ja tutkimusta, ajaa [&hellip;]","og_url":"https:\/\/jmyo.fi\/en\/ainejarjesto\/saannot\/","og_site_name":"Joensuun Mets\u00e4ylioppilaat ry","article_modified_time":"2024-09-08T13:14:21+00:00","twitter_card":"summary_large_image","twitter_misc":{"Est. reading time":"7 minutes"},"schema":{"@context":"https:\/\/schema.org","@graph":[{"@type":"WebPage","@id":"https:\/\/jmyo.fi\/ainejarjesto\/saannot\/","url":"https:\/\/jmyo.fi\/ainejarjesto\/saannot\/","name":"S\u00e4\u00e4nn\u00f6t - Joensuun Mets\u00e4ylioppilaat ry","isPartOf":{"@id":"https:\/\/jmyo.fi\/#website"},"datePublished":"2021-04-08T16:48:58+00:00","dateModified":"2024-09-08T13:14:21+00:00","breadcrumb":{"@id":"https:\/\/jmyo.fi\/ainejarjesto\/saannot\/#breadcrumb"},"inLanguage":"en-US","potentialAction":[{"@type":"ReadAction","target":["https:\/\/jmyo.fi\/ainejarjesto\/saannot\/"]}]},{"@type":"BreadcrumbList","@id":"https:\/\/jmyo.fi\/ainejarjesto\/saannot\/#breadcrumb","itemListElement":[{"@type":"ListItem","position":1,"name":"Etusivu","item":"https:\/\/jmyo.fi\/"},{"@type":"ListItem","position":2,"name":"Ainej\u00e4rjest\u00f6","item":"https:\/\/jmyo.fi\/ainejarjesto\/"},{"@type":"ListItem","position":3,"name":"S\u00e4\u00e4nn\u00f6t"}]},{"@type":"WebSite","@id":"https:\/\/jmyo.fi\/#website","url":"https:\/\/jmyo.fi\/","name":"Joensuun Mets\u00e4ylioppilaat ry","description":"Mets\u00e4tieteiden ainej\u00e4rjest\u00f6 vuodesta 1982","publisher":{"@id":"https:\/\/jmyo.fi\/#organization"},"potentialAction":[{"@type":"SearchAction","target":{"@type":"EntryPoint","urlTemplate":"https:\/\/jmyo.fi\/?s={search_term_string}"},"query-input":{"@type":"PropertyValueSpecification","valueRequired":true,"valueName":"search_term_string"}}],"inLanguage":"en-US"},{"@type":"Organization","@id":"https:\/\/jmyo.fi\/#organization","name":"Joensuun Mets\u00e4ylioppilaat ry","url":"https:\/\/jmyo.fi\/","logo":{"@type":"ImageObject","inLanguage":"en-US","@id":"https:\/\/jmyo.fi\/#\/schema\/logo\/image\/","url":"https:\/\/jmyo.fi\/paasivusto\/wp-content\/uploads\/2021\/02\/cropped-cropped-logo_lehti_ympyra.png","contentUrl":"https:\/\/jmyo.fi\/paasivusto\/wp-content\/uploads\/2021\/02\/cropped-cropped-logo_lehti_ympyra.png","width":512,"height":512,"caption":"Joensuun Mets\u00e4ylioppilaat ry"},"image":{"@id":"https:\/\/jmyo.fi\/#\/schema\/logo\/image\/"}}]}},"_links":{"self":[{"href":"https:\/\/jmyo.fi\/en\/wp-json\/wp\/v2\/pages\/419","targetHints":{"allow":["GET"]}}],"collection":[{"href":"https:\/\/jmyo.fi\/en\/wp-json\/wp\/v2\/pages"}],"about":[{"href":"https:\/\/jmyo.fi\/en\/wp-json\/wp\/v2\/types\/page"}],"author":[{"embeddable":true,"href":"https:\/\/jmyo.fi\/en\/wp-json\/wp\/v2\/users\/4"}],"replies":[{"embeddable":true,"href":"https:\/\/jmyo.fi\/en\/wp-json\/wp\/v2\/comments?post=419"}],"version-history":[{"count":1,"href":"https:\/\/jmyo.fi\/en\/wp-json\/wp\/v2\/pages\/419\/revisions"}],"predecessor-version":[{"id":119727,"href":"https:\/\/jmyo.fi\/en\/wp-json\/wp\/v2\/pages\/419\/revisions\/119727"}],"up":[{"embeddable":true,"href":"https:\/\/jmyo.fi\/en\/wp-json\/wp\/v2\/pages\/501"}],"wp:attachment":[{"href":"https:\/\/jmyo.fi\/en\/wp-json\/wp\/v2\/media?parent=419"}],"curies":[{"name":"wp","href":"https:\/\/api.w.org\/{rel}","templated":true}]}}