{"id":119861,"date":"2025-03-27T10:53:36","date_gmt":"2025-03-27T08:53:36","guid":{"rendered":"https:\/\/jmyo.fi\/?page_id=119861"},"modified":"2025-03-28T18:50:05","modified_gmt":"2025-03-28T16:50:05","slug":"metsasuunnitelman-laadinta","status":"publish","type":"page","link":"https:\/\/jmyo.fi\/en\/ainejarjesto\/metsasuunnitelman-laadinta\/","title":{"rendered":"Mets\u00e4suunnitelman laadinta"},"content":{"rendered":"<div data-elementor-type=\"wp-page\" data-elementor-id=\"119861\" class=\"elementor elementor-119861\">\n\t\t\t\t<section class=\"elementor-section elementor-top-section elementor-element elementor-element-22999425 elementor-section-boxed elementor-section-height-default elementor-section-height-default\" data-id=\"22999425\" data-element_type=\"section\">\n\t\t\t\t\t\t<div class=\"elementor-container elementor-column-gap-default\">\n\t\t\t\t\t<div class=\"elementor-column elementor-col-100 elementor-top-column elementor-element elementor-element-704aa5b2\" data-id=\"704aa5b2\" data-element_type=\"column\">\n\t\t\t<div class=\"elementor-widget-wrap elementor-element-populated\">\n\t\t\t\t\t\t<div class=\"elementor-element elementor-element-6d8317bd elementor-widget elementor-widget-text-editor\" data-id=\"6d8317bd\" data-element_type=\"widget\" data-widget_type=\"text-editor.default\">\n\t\t\t\t<div class=\"elementor-widget-container\">\n\t\t\t\t\t\t\t\t\t<p><\/p>\n<p>Osana opintojaan Joensuun mets\u00e4ylioppilaat harjoittelevat mets\u00e4suunnitelman laadintaa. Mets\u00e4suunnitelman laadinta kuuluu osaksi mets\u00e4suunnittelun kurssia, joka j\u00e4rjestet\u00e4\u00e4n joka vuosi syyskuun alussa.&nbsp;<\/p><p>Suunnitelman laadinta tarjoaa opiskelijoille hyv\u00e4n kosketuksen tulevaisuuden mahdollisiin ty\u00f6teht\u00e4viin, sek\u00e4 kehitt\u00e4\u00e4 vuorovaikutustaitoja kun suunnitelmat tehd\u00e4\u00e4n yhteisty\u00f6ss\u00e4 varsinaisten mets\u00e4nomistajien kanssa. Etsimme jatkuvasti uusia mets\u00e4tiloja, joilla ei ole viel\u00e4 mets\u00e4suunnitelmaa.<\/p>\n<p>Millaisia tiloja haetaan?<\/p>\n<ul class=\"wp-block-list\">\n<li>Suunniteltavan tilan tulee olla enint\u00e4\u00e4n 100km p\u00e4\u00e4ss\u00e4 Joensuusta<\/li>\n<li>Tilakoko mielell\u00e4\u00e4n v\u00e4lilt\u00e4 25-60ha<\/li>\n<li>Alle 10ha tiloille emme valitettavasti tee suunnitelmia<\/li>\n<li>Hinta 9\u20ac\/ha<\/li>\n<\/ul>\n<p>Mik\u00e4li sinulla on mets\u00e4tila jolle haluat mets\u00e4suunnitelman ja tukea samalla mets\u00e4alan opiskelijoita, ota meihin rohkeasti yhteytt\u00e4: hallitus@jmyo.fi<\/p>\n<p><\/p>\t\t\t\t\t\t\t\t<\/div>\n\t\t\t\t<\/div>\n\t\t\t\t\t<\/div>\n\t\t<\/div>\n\t\t\t\t\t<\/div>\n\t\t<\/section>\t\t<\/div>","protected":false},"excerpt":{"rendered":"<p>Osana opintojaan Joensuun mets\u00e4ylioppilaat harjoittelevat mets\u00e4suunnitelman laadintaa. Mets\u00e4suunnitelman laadinta kuuluu osaksi mets\u00e4suunnittelun kurssia, joka j\u00e4rjestet\u00e4\u00e4n joka vuosi syyskuun alussa.&nbsp; Suunnitelman laadinta tarjoaa opiskelijoille hyv\u00e4n kosketuksen tulevaisuuden mahdollisiin ty\u00f6teht\u00e4viin, sek\u00e4 kehitt\u00e4\u00e4 [&hellip;]<\/p>","protected":false},"author":4,"featured_media":0,"parent":501,"menu_order":1,"comment_status":"closed","ping_status":"closed","template":"elementor_header_footer","meta":{"_acf_changed":false,"footnotes":""},"class_list":["post-119861","page","type-page","status-publish","hentry"],"acf":[],"yoast_head":"<!-- This site is optimized with the Yoast SEO plugin v24.7 - https:\/\/yoast.com\/wordpress\/plugins\/seo\/ -->\n<title>Mets\u00e4suunnitelman laadinta - Joensuun Mets\u00e4ylioppilaat ry<\/title>\n<meta name=\"robots\" content=\"index, follow, max-snippet:-1, max-image-preview:large, max-video-preview:-1\" \/>\n<link rel=\"canonical\" href=\"https:\/\/jmyo.fi\/en\/ainejarjesto\/metsasuunnitelman-laadinta\/\" \/>\n<meta property=\"og:locale\" content=\"en_US\" \/>\n<meta property=\"og:type\" content=\"article\" \/>\n<meta property=\"og:title\" content=\"Mets\u00e4suunnitelman laadinta - Joensuun Mets\u00e4ylioppilaat ry\" \/>\n<meta property=\"og:description\" content=\"Osana opintojaan Joensuun mets\u00e4ylioppilaat harjoittelevat mets\u00e4suunnitelman laadintaa. Mets\u00e4suunnitelman laadinta kuuluu osaksi mets\u00e4suunnittelun kurssia, joka j\u00e4rjestet\u00e4\u00e4n joka vuosi syyskuun alussa.&nbsp; Suunnitelman laadinta tarjoaa opiskelijoille hyv\u00e4n kosketuksen tulevaisuuden mahdollisiin ty\u00f6teht\u00e4viin, sek\u00e4 kehitt\u00e4\u00e4 [&hellip;]\" \/>\n<meta property=\"og:url\" content=\"https:\/\/jmyo.fi\/en\/ainejarjesto\/metsasuunnitelman-laadinta\/\" \/>\n<meta property=\"og:site_name\" content=\"Joensuun Mets\u00e4ylioppilaat ry\" \/>\n<meta property=\"article:modified_time\" content=\"2025-03-28T16:50:05+00:00\" \/>\n<meta name=\"twitter:card\" content=\"summary_large_image\" \/>\n<meta name=\"twitter:label1\" content=\"Est. reading time\" \/>\n\t<meta name=\"twitter:data1\" content=\"1 minute\" \/>\n<script type=\"application\/ld+json\" class=\"yoast-schema-graph\">{\"@context\":\"https:\/\/schema.org\",\"@graph\":[{\"@type\":\"WebPage\",\"@id\":\"https:\/\/jmyo.fi\/ainejarjesto\/metsasuunnitelman-laadinta\/\",\"url\":\"https:\/\/jmyo.fi\/ainejarjesto\/metsasuunnitelman-laadinta\/\",\"name\":\"Mets\u00e4suunnitelman laadinta - Joensuun Mets\u00e4ylioppilaat ry\",\"isPartOf\":{\"@id\":\"https:\/\/jmyo.fi\/#website\"},\"datePublished\":\"2025-03-27T08:53:36+00:00\",\"dateModified\":\"2025-03-28T16:50:05+00:00\",\"breadcrumb\":{\"@id\":\"https:\/\/jmyo.fi\/ainejarjesto\/metsasuunnitelman-laadinta\/#breadcrumb\"},\"inLanguage\":\"en-US\",\"potentialAction\":[{\"@type\":\"ReadAction\",\"target\":[\"https:\/\/jmyo.fi\/ainejarjesto\/metsasuunnitelman-laadinta\/\"]}]},{\"@type\":\"BreadcrumbList\",\"@id\":\"https:\/\/jmyo.fi\/ainejarjesto\/metsasuunnitelman-laadinta\/#breadcrumb\",\"itemListElement\":[{\"@type\":\"ListItem\",\"position\":1,\"name\":\"Etusivu\",\"item\":\"https:\/\/jmyo.fi\/\"},{\"@type\":\"ListItem\",\"position\":2,\"name\":\"Ainej\u00e4rjest\u00f6\",\"item\":\"https:\/\/jmyo.fi\/ainejarjesto\/\"},{\"@type\":\"ListItem\",\"position\":3,\"name\":\"Mets\u00e4suunnitelman laadinta\"}]},{\"@type\":\"WebSite\",\"@id\":\"https:\/\/jmyo.fi\/#website\",\"url\":\"https:\/\/jmyo.fi\/\",\"name\":\"Joensuun Mets\u00e4ylioppilaat ry\",\"description\":\"Mets\u00e4tieteiden ainej\u00e4rjest\u00f6 vuodesta 1982\",\"publisher\":{\"@id\":\"https:\/\/jmyo.fi\/#organization\"},\"potentialAction\":[{\"@type\":\"SearchAction\",\"target\":{\"@type\":\"EntryPoint\",\"urlTemplate\":\"https:\/\/jmyo.fi\/?s={search_term_string}\"},\"query-input\":{\"@type\":\"PropertyValueSpecification\",\"valueRequired\":true,\"valueName\":\"search_term_string\"}}],\"inLanguage\":\"en-US\"},{\"@type\":\"Organization\",\"@id\":\"https:\/\/jmyo.fi\/#organization\",\"name\":\"Joensuun Mets\u00e4ylioppilaat ry\",\"url\":\"https:\/\/jmyo.fi\/\",\"logo\":{\"@type\":\"ImageObject\",\"inLanguage\":\"en-US\",\"@id\":\"https:\/\/jmyo.fi\/#\/schema\/logo\/image\/\",\"url\":\"https:\/\/jmyo.fi\/paasivusto\/wp-content\/uploads\/2021\/02\/cropped-cropped-logo_lehti_ympyra.png\",\"contentUrl\":\"https:\/\/jmyo.fi\/paasivusto\/wp-content\/uploads\/2021\/02\/cropped-cropped-logo_lehti_ympyra.png\",\"width\":512,\"height\":512,\"caption\":\"Joensuun Mets\u00e4ylioppilaat ry\"},\"image\":{\"@id\":\"https:\/\/jmyo.fi\/#\/schema\/logo\/image\/\"}}]}<\/script>\n<!-- \/ Yoast SEO plugin. -->","yoast_head_json":{"title":"Mets\u00e4suunnitelman laadinta - Joensuun Mets\u00e4ylioppilaat ry","robots":{"index":"index","follow":"follow","max-snippet":"max-snippet:-1","max-image-preview":"max-image-preview:large","max-video-preview":"max-video-preview:-1"},"canonical":"https:\/\/jmyo.fi\/en\/ainejarjesto\/metsasuunnitelman-laadinta\/","og_locale":"en_US","og_type":"article","og_title":"Mets\u00e4suunnitelman laadinta - Joensuun Mets\u00e4ylioppilaat ry","og_description":"Osana opintojaan Joensuun mets\u00e4ylioppilaat harjoittelevat mets\u00e4suunnitelman laadintaa. Mets\u00e4suunnitelman laadinta kuuluu osaksi mets\u00e4suunnittelun kurssia, joka j\u00e4rjestet\u00e4\u00e4n joka vuosi syyskuun alussa.&nbsp; Suunnitelman laadinta tarjoaa opiskelijoille hyv\u00e4n kosketuksen tulevaisuuden mahdollisiin ty\u00f6teht\u00e4viin, sek\u00e4 kehitt\u00e4\u00e4 [&hellip;]","og_url":"https:\/\/jmyo.fi\/en\/ainejarjesto\/metsasuunnitelman-laadinta\/","og_site_name":"Joensuun Mets\u00e4ylioppilaat ry","article_modified_time":"2025-03-28T16:50:05+00:00","twitter_card":"summary_large_image","twitter_misc":{"Est. reading time":"1 minute"},"schema":{"@context":"https:\/\/schema.org","@graph":[{"@type":"WebPage","@id":"https:\/\/jmyo.fi\/ainejarjesto\/metsasuunnitelman-laadinta\/","url":"https:\/\/jmyo.fi\/ainejarjesto\/metsasuunnitelman-laadinta\/","name":"Mets\u00e4suunnitelman laadinta - Joensuun Mets\u00e4ylioppilaat ry","isPartOf":{"@id":"https:\/\/jmyo.fi\/#website"},"datePublished":"2025-03-27T08:53:36+00:00","dateModified":"2025-03-28T16:50:05+00:00","breadcrumb":{"@id":"https:\/\/jmyo.fi\/ainejarjesto\/metsasuunnitelman-laadinta\/#breadcrumb"},"inLanguage":"en-US","potentialAction":[{"@type":"ReadAction","target":["https:\/\/jmyo.fi\/ainejarjesto\/metsasuunnitelman-laadinta\/"]}]},{"@type":"BreadcrumbList","@id":"https:\/\/jmyo.fi\/ainejarjesto\/metsasuunnitelman-laadinta\/#breadcrumb","itemListElement":[{"@type":"ListItem","position":1,"name":"Etusivu","item":"https:\/\/jmyo.fi\/"},{"@type":"ListItem","position":2,"name":"Ainej\u00e4rjest\u00f6","item":"https:\/\/jmyo.fi\/ainejarjesto\/"},{"@type":"ListItem","position":3,"name":"Mets\u00e4suunnitelman laadinta"}]},{"@type":"WebSite","@id":"https:\/\/jmyo.fi\/#website","url":"https:\/\/jmyo.fi\/","name":"Joensuun Mets\u00e4ylioppilaat ry","description":"Mets\u00e4tieteiden ainej\u00e4rjest\u00f6 vuodesta 1982","publisher":{"@id":"https:\/\/jmyo.fi\/#organization"},"potentialAction":[{"@type":"SearchAction","target":{"@type":"EntryPoint","urlTemplate":"https:\/\/jmyo.fi\/?s={search_term_string}"},"query-input":{"@type":"PropertyValueSpecification","valueRequired":true,"valueName":"search_term_string"}}],"inLanguage":"en-US"},{"@type":"Organization","@id":"https:\/\/jmyo.fi\/#organization","name":"Joensuun Mets\u00e4ylioppilaat ry","url":"https:\/\/jmyo.fi\/","logo":{"@type":"ImageObject","inLanguage":"en-US","@id":"https:\/\/jmyo.fi\/#\/schema\/logo\/image\/","url":"https:\/\/jmyo.fi\/paasivusto\/wp-content\/uploads\/2021\/02\/cropped-cropped-logo_lehti_ympyra.png","contentUrl":"https:\/\/jmyo.fi\/paasivusto\/wp-content\/uploads\/2021\/02\/cropped-cropped-logo_lehti_ympyra.png","width":512,"height":512,"caption":"Joensuun Mets\u00e4ylioppilaat ry"},"image":{"@id":"https:\/\/jmyo.fi\/#\/schema\/logo\/image\/"}}]}},"_links":{"self":[{"href":"https:\/\/jmyo.fi\/en\/wp-json\/wp\/v2\/pages\/119861","targetHints":{"allow":["GET"]}}],"collection":[{"href":"https:\/\/jmyo.fi\/en\/wp-json\/wp\/v2\/pages"}],"about":[{"href":"https:\/\/jmyo.fi\/en\/wp-json\/wp\/v2\/types\/page"}],"author":[{"embeddable":true,"href":"https:\/\/jmyo.fi\/en\/wp-json\/wp\/v2\/users\/4"}],"replies":[{"embeddable":true,"href":"https:\/\/jmyo.fi\/en\/wp-json\/wp\/v2\/comments?post=119861"}],"version-history":[{"count":2,"href":"https:\/\/jmyo.fi\/en\/wp-json\/wp\/v2\/pages\/119861\/revisions"}],"predecessor-version":[{"id":119969,"href":"https:\/\/jmyo.fi\/en\/wp-json\/wp\/v2\/pages\/119861\/revisions\/119969"}],"up":[{"embeddable":true,"href":"https:\/\/jmyo.fi\/en\/wp-json\/wp\/v2\/pages\/501"}],"wp:attachment":[{"href":"https:\/\/jmyo.fi\/en\/wp-json\/wp\/v2\/media?parent=119861"}],"curies":[{"name":"wp","href":"https:\/\/api.w.org\/{rel}","templated":true}]}}