{"id":118959,"date":"2023-01-30T20:49:52","date_gmt":"2023-01-30T18:49:52","guid":{"rendered":"https:\/\/jmyo.fi\/?page_id=118959"},"modified":"2024-01-20T20:41:42","modified_gmt":"2024-01-20T18:41:42","slug":"turvallisemmantilanperiaatteet","status":"publish","type":"page","link":"https:\/\/jmyo.fi\/en\/yhdenvertaisuus\/turvallisemmantilanperiaatteet\/","title":{"rendered":"Safer spaces principles"},"content":{"rendered":"<div data-elementor-type=\"wp-page\" data-elementor-id=\"118959\" class=\"elementor elementor-118959\">\n\t\t\t\t\t\t<section class=\"elementor-section elementor-top-section elementor-element elementor-element-2043219 elementor-section-boxed elementor-section-height-default elementor-section-height-default\" data-id=\"2043219\" data-element_type=\"section\">\n\t\t\t\t\t\t<div class=\"elementor-container elementor-column-gap-default\">\n\t\t\t\t\t<div class=\"elementor-column elementor-col-100 elementor-top-column elementor-element elementor-element-3652f55\" data-id=\"3652f55\" data-element_type=\"column\">\n\t\t\t<div class=\"elementor-widget-wrap elementor-element-populated\">\n\t\t\t\t\t\t<div class=\"elementor-element elementor-element-7ac2c93 elementor-widget elementor-widget-text-editor\" data-id=\"7ac2c93\" data-element_type=\"widget\" data-widget_type=\"text-editor.default\">\n\t\t\t\t<div class=\"elementor-widget-container\">\n\t\t\t\t\t\t\t\t\t<p>Joensuun Mets\u00e4ylioppilaat ry has implemented safer space principles as of January 1, 2023, which must be followed at all events organized by the association.<\/p>\n<p><\/p>\n<ol>\n<li>Don't make assumptions about other people; instead, be open and listen.<\/li>\n<\/ol>\n<ul>\n<li>Avoid assumptions about another person's sexuality, gender, nationality, ethnicity, religion, values, socioeconomic background, health, or other backgrounds.<\/li>\n<li>Give everyone the space to be themselves and understand that you don\u2019t know everything about others' backgrounds.<\/li>\n<li>Everyone has the right to participate in events regardless of their background.<\/li>\n<\/ul>\n<ol start=\"2\">\n<li>Respect others' personal, physical, and mental space.<\/li>\n<\/ol>\n<ul>\n<li>Do not touch anyone without asking for permission, as you cannot know another person's boundaries without asking.<\/li>\n<li>Respect the right to self-determination.<\/li>\n<li>If you are asked to stop, stop. No means no.<\/li>\n<li>Don\u2019t ask personal questions unless you know the person well.<\/li>\n<li>Don\u2019t pressure others into doing things. Also, don\u2019t question others' choices regarding sobriety.<\/li>\n<\/ul>\n<ol start=\"3\">\n<li>Do not speak ill of or criticize others.<\/li>\n<\/ol>\n<ul>\n<li>All forms of discrimination are prohibited at Joensuun Mets\u00e4ylioppilaat\u2019s events.<\/li>\n<li>Everyone has the right to feel safe at Joensuun Mets\u00e4ylioppilaat\u2019s events without discrimination, harassment, or sexual, physical, or verbal abuse.<\/li>\n<\/ul>\n<ol start=\"4\">\n<li>If you have hurt someone, apologize, regardless of whether the hurt was intentional or unintentional.<\/li>\n<\/ol>\n<ol start=\"5\">\n<li>Everyone is responsible for ensuring a safer space.<\/li>\n<\/ol>\n<ul>\n<li>If you notice harassment, support the person being harassed or ask for the harassment contact person to be present. All disruptive behavior must be addressed.<\/li>\n<\/ul>\n<p>At Joensuun Mets\u00e4ylioppilaat\u2019s events, there is always at least one harassment contact person available to report incidents of harassment. The harassment contact person for the event will be announced for each event, and the contact person(s) will be present and ready to act. Any harassment incident brought to the attention of the harassment contact person will always be addressed.<\/p>\n<p>The safer space principles are based on the safer space principles of the UN Association of Finland.<\/p>\t\t\t\t\t\t\t\t<\/div>\n\t\t\t\t<\/div>\n\t\t\t\t\t<\/div>\n\t\t<\/div>\n\t\t\t\t\t<\/div>\n\t\t<\/section>\n\t\t\t\t<\/div>","protected":false},"excerpt":{"rendered":"<p>Joensuun mets\u00e4ylioppilaat ry on 1.1.2023 alkaen ottanut k\u00e4ytt\u00f6\u00f6n turvallisemman tilan periaatteet, joita on noudatettava kaikissa yhdistyksen j\u00e4rjest\u00e4miss\u00e4 tapahtumissa. \u00c4l\u00e4 tee oletuksia toisesta henkil\u00f6st\u00e4, ole mieluummin avoin ja kuuntele. \u00c4l\u00e4 tee [&hellip;]<\/p>","protected":false},"author":4,"featured_media":0,"parent":117493,"menu_order":1,"comment_status":"closed","ping_status":"closed","template":"","meta":{"_acf_changed":false,"footnotes":""},"class_list":["post-118959","page","type-page","status-publish","hentry"],"acf":[],"yoast_head":"<!-- This site is optimized with the Yoast SEO plugin v24.7 - https:\/\/yoast.com\/wordpress\/plugins\/seo\/ -->\n<title>Turvallisemman tilan periaatteet - Joensuun Mets\u00e4ylioppilaat ry<\/title>\n<meta name=\"robots\" content=\"index, follow, max-snippet:-1, max-image-preview:large, max-video-preview:-1\" \/>\n<link rel=\"canonical\" href=\"https:\/\/jmyo.fi\/en\/yhdenvertaisuus\/turvallisemmantilanperiaatteet\/\" \/>\n<meta property=\"og:locale\" content=\"en_US\" \/>\n<meta property=\"og:type\" content=\"article\" \/>\n<meta property=\"og:title\" content=\"Turvallisemman tilan periaatteet - Joensuun Mets\u00e4ylioppilaat ry\" \/>\n<meta property=\"og:description\" content=\"Joensuun mets\u00e4ylioppilaat ry on 1.1.2023 alkaen ottanut k\u00e4ytt\u00f6\u00f6n turvallisemman tilan periaatteet, joita on noudatettava kaikissa yhdistyksen j\u00e4rjest\u00e4miss\u00e4 tapahtumissa. \u00c4l\u00e4 tee oletuksia toisesta henkil\u00f6st\u00e4, ole mieluummin avoin ja kuuntele. \u00c4l\u00e4 tee [&hellip;]\" \/>\n<meta property=\"og:url\" content=\"https:\/\/jmyo.fi\/en\/yhdenvertaisuus\/turvallisemmantilanperiaatteet\/\" \/>\n<meta property=\"og:site_name\" content=\"Joensuun Mets\u00e4ylioppilaat ry\" \/>\n<meta property=\"article:modified_time\" content=\"2024-01-20T18:41:42+00:00\" \/>\n<meta name=\"twitter:card\" content=\"summary_large_image\" \/>\n<meta name=\"twitter:label1\" content=\"Est. reading time\" \/>\n\t<meta name=\"twitter:data1\" content=\"2 minutes\" \/>\n<script type=\"application\/ld+json\" class=\"yoast-schema-graph\">{\"@context\":\"https:\/\/schema.org\",\"@graph\":[{\"@type\":\"WebPage\",\"@id\":\"https:\/\/jmyo.fi\/yhdenvertaisuus\/turvallisemmantilanperiaatteet\/\",\"url\":\"https:\/\/jmyo.fi\/yhdenvertaisuus\/turvallisemmantilanperiaatteet\/\",\"name\":\"Turvallisemman tilan periaatteet - Joensuun Mets\u00e4ylioppilaat ry\",\"isPartOf\":{\"@id\":\"https:\/\/jmyo.fi\/#website\"},\"datePublished\":\"2023-01-30T18:49:52+00:00\",\"dateModified\":\"2024-01-20T18:41:42+00:00\",\"breadcrumb\":{\"@id\":\"https:\/\/jmyo.fi\/yhdenvertaisuus\/turvallisemmantilanperiaatteet\/#breadcrumb\"},\"inLanguage\":\"en-US\",\"potentialAction\":[{\"@type\":\"ReadAction\",\"target\":[\"https:\/\/jmyo.fi\/yhdenvertaisuus\/turvallisemmantilanperiaatteet\/\"]}]},{\"@type\":\"BreadcrumbList\",\"@id\":\"https:\/\/jmyo.fi\/yhdenvertaisuus\/turvallisemmantilanperiaatteet\/#breadcrumb\",\"itemListElement\":[{\"@type\":\"ListItem\",\"position\":1,\"name\":\"Etusivu\",\"item\":\"https:\/\/jmyo.fi\/\"},{\"@type\":\"ListItem\",\"position\":2,\"name\":\"Yhdenvertaisuus\",\"item\":\"https:\/\/jmyo.fi\/yhdenvertaisuus\/\"},{\"@type\":\"ListItem\",\"position\":3,\"name\":\"Turvallisemman tilan periaatteet\"}]},{\"@type\":\"WebSite\",\"@id\":\"https:\/\/jmyo.fi\/#website\",\"url\":\"https:\/\/jmyo.fi\/\",\"name\":\"Joensuun Mets\u00e4ylioppilaat ry\",\"description\":\"Mets\u00e4tieteiden ainej\u00e4rjest\u00f6 vuodesta 1982\",\"publisher\":{\"@id\":\"https:\/\/jmyo.fi\/#organization\"},\"potentialAction\":[{\"@type\":\"SearchAction\",\"target\":{\"@type\":\"EntryPoint\",\"urlTemplate\":\"https:\/\/jmyo.fi\/?s={search_term_string}\"},\"query-input\":{\"@type\":\"PropertyValueSpecification\",\"valueRequired\":true,\"valueName\":\"search_term_string\"}}],\"inLanguage\":\"en-US\"},{\"@type\":\"Organization\",\"@id\":\"https:\/\/jmyo.fi\/#organization\",\"name\":\"Joensuun Mets\u00e4ylioppilaat ry\",\"url\":\"https:\/\/jmyo.fi\/\",\"logo\":{\"@type\":\"ImageObject\",\"inLanguage\":\"en-US\",\"@id\":\"https:\/\/jmyo.fi\/#\/schema\/logo\/image\/\",\"url\":\"https:\/\/jmyo.fi\/paasivusto\/wp-content\/uploads\/2021\/02\/cropped-cropped-logo_lehti_ympyra.png\",\"contentUrl\":\"https:\/\/jmyo.fi\/paasivusto\/wp-content\/uploads\/2021\/02\/cropped-cropped-logo_lehti_ympyra.png\",\"width\":512,\"height\":512,\"caption\":\"Joensuun Mets\u00e4ylioppilaat ry\"},\"image\":{\"@id\":\"https:\/\/jmyo.fi\/#\/schema\/logo\/image\/\"}}]}<\/script>\n<!-- \/ Yoast SEO plugin. -->","yoast_head_json":{"title":"Turvallisemman tilan periaatteet - Joensuun Mets\u00e4ylioppilaat ry","robots":{"index":"index","follow":"follow","max-snippet":"max-snippet:-1","max-image-preview":"max-image-preview:large","max-video-preview":"max-video-preview:-1"},"canonical":"https:\/\/jmyo.fi\/en\/yhdenvertaisuus\/turvallisemmantilanperiaatteet\/","og_locale":"en_US","og_type":"article","og_title":"Turvallisemman tilan periaatteet - Joensuun Mets\u00e4ylioppilaat ry","og_description":"Joensuun mets\u00e4ylioppilaat ry on 1.1.2023 alkaen ottanut k\u00e4ytt\u00f6\u00f6n turvallisemman tilan periaatteet, joita on noudatettava kaikissa yhdistyksen j\u00e4rjest\u00e4miss\u00e4 tapahtumissa. \u00c4l\u00e4 tee oletuksia toisesta henkil\u00f6st\u00e4, ole mieluummin avoin ja kuuntele. \u00c4l\u00e4 tee [&hellip;]","og_url":"https:\/\/jmyo.fi\/en\/yhdenvertaisuus\/turvallisemmantilanperiaatteet\/","og_site_name":"Joensuun Mets\u00e4ylioppilaat ry","article_modified_time":"2024-01-20T18:41:42+00:00","twitter_card":"summary_large_image","twitter_misc":{"Est. reading time":"2 minutes"},"schema":{"@context":"https:\/\/schema.org","@graph":[{"@type":"WebPage","@id":"https:\/\/jmyo.fi\/yhdenvertaisuus\/turvallisemmantilanperiaatteet\/","url":"https:\/\/jmyo.fi\/yhdenvertaisuus\/turvallisemmantilanperiaatteet\/","name":"Turvallisemman tilan periaatteet - Joensuun Mets\u00e4ylioppilaat ry","isPartOf":{"@id":"https:\/\/jmyo.fi\/#website"},"datePublished":"2023-01-30T18:49:52+00:00","dateModified":"2024-01-20T18:41:42+00:00","breadcrumb":{"@id":"https:\/\/jmyo.fi\/yhdenvertaisuus\/turvallisemmantilanperiaatteet\/#breadcrumb"},"inLanguage":"en-US","potentialAction":[{"@type":"ReadAction","target":["https:\/\/jmyo.fi\/yhdenvertaisuus\/turvallisemmantilanperiaatteet\/"]}]},{"@type":"BreadcrumbList","@id":"https:\/\/jmyo.fi\/yhdenvertaisuus\/turvallisemmantilanperiaatteet\/#breadcrumb","itemListElement":[{"@type":"ListItem","position":1,"name":"Etusivu","item":"https:\/\/jmyo.fi\/"},{"@type":"ListItem","position":2,"name":"Yhdenvertaisuus","item":"https:\/\/jmyo.fi\/yhdenvertaisuus\/"},{"@type":"ListItem","position":3,"name":"Turvallisemman tilan periaatteet"}]},{"@type":"WebSite","@id":"https:\/\/jmyo.fi\/#website","url":"https:\/\/jmyo.fi\/","name":"Joensuun Mets\u00e4ylioppilaat ry","description":"Mets\u00e4tieteiden ainej\u00e4rjest\u00f6 vuodesta 1982","publisher":{"@id":"https:\/\/jmyo.fi\/#organization"},"potentialAction":[{"@type":"SearchAction","target":{"@type":"EntryPoint","urlTemplate":"https:\/\/jmyo.fi\/?s={search_term_string}"},"query-input":{"@type":"PropertyValueSpecification","valueRequired":true,"valueName":"search_term_string"}}],"inLanguage":"en-US"},{"@type":"Organization","@id":"https:\/\/jmyo.fi\/#organization","name":"Joensuun Mets\u00e4ylioppilaat ry","url":"https:\/\/jmyo.fi\/","logo":{"@type":"ImageObject","inLanguage":"en-US","@id":"https:\/\/jmyo.fi\/#\/schema\/logo\/image\/","url":"https:\/\/jmyo.fi\/paasivusto\/wp-content\/uploads\/2021\/02\/cropped-cropped-logo_lehti_ympyra.png","contentUrl":"https:\/\/jmyo.fi\/paasivusto\/wp-content\/uploads\/2021\/02\/cropped-cropped-logo_lehti_ympyra.png","width":512,"height":512,"caption":"Joensuun Mets\u00e4ylioppilaat ry"},"image":{"@id":"https:\/\/jmyo.fi\/#\/schema\/logo\/image\/"}}]}},"_links":{"self":[{"href":"https:\/\/jmyo.fi\/en\/wp-json\/wp\/v2\/pages\/118959","targetHints":{"allow":["GET"]}}],"collection":[{"href":"https:\/\/jmyo.fi\/en\/wp-json\/wp\/v2\/pages"}],"about":[{"href":"https:\/\/jmyo.fi\/en\/wp-json\/wp\/v2\/types\/page"}],"author":[{"embeddable":true,"href":"https:\/\/jmyo.fi\/en\/wp-json\/wp\/v2\/users\/4"}],"replies":[{"embeddable":true,"href":"https:\/\/jmyo.fi\/en\/wp-json\/wp\/v2\/comments?post=118959"}],"version-history":[{"count":2,"href":"https:\/\/jmyo.fi\/en\/wp-json\/wp\/v2\/pages\/118959\/revisions"}],"predecessor-version":[{"id":119537,"href":"https:\/\/jmyo.fi\/en\/wp-json\/wp\/v2\/pages\/118959\/revisions\/119537"}],"up":[{"embeddable":true,"href":"https:\/\/jmyo.fi\/en\/wp-json\/wp\/v2\/pages\/117493"}],"wp:attachment":[{"href":"https:\/\/jmyo.fi\/en\/wp-json\/wp\/v2\/media?parent=118959"}],"curies":[{"name":"wp","href":"https:\/\/api.w.org\/{rel}","templated":true}]}}