{"id":117687,"date":"2022-02-08T10:30:10","date_gmt":"2022-02-08T08:30:10","guid":{"rendered":"https:\/\/jmyo.fi\/?page_id=117687"},"modified":"2024-02-07T18:32:45","modified_gmt":"2024-02-07T16:32:45","slug":"yhteistyossa","status":"publish","type":"page","link":"https:\/\/jmyo.fi\/en\/yhteistyossa\/","title":{"rendered":"In cooperation"},"content":{"rendered":"<div data-elementor-type=\"wp-page\" data-elementor-id=\"117687\" class=\"elementor elementor-117687\">\n\t\t\t\t\t\t<section class=\"elementor-section elementor-top-section elementor-element elementor-element-40be80c elementor-section-boxed elementor-section-height-default elementor-section-height-default\" data-id=\"40be80c\" data-element_type=\"section\">\n\t\t\t\t\t\t<div class=\"elementor-container elementor-column-gap-default\">\n\t\t\t\t\t<div class=\"elementor-column elementor-col-33 elementor-top-column elementor-element elementor-element-0b6561b\" data-id=\"0b6561b\" data-element_type=\"column\" data-settings=\"{&quot;background_background&quot;:&quot;classic&quot;}\">\n\t\t\t<div class=\"elementor-widget-wrap elementor-element-populated\">\n\t\t\t\t\t\t<div class=\"elementor-element elementor-element-c320893 elementor-widget elementor-widget-image\" data-id=\"c320893\" data-element_type=\"widget\" data-widget_type=\"image.default\">\n\t\t\t\t<div class=\"elementor-widget-container\">\n\t\t\t\t\t\t\t\t\t\t\t\t\t\t\t\t<a href=\"https:\/\/www.uef.fi\/fi\/\" target=\"_blank\">\n\t\t\t\t\t\t\t<img fetchpriority=\"high\" decoding=\"async\" width=\"800\" height=\"697\" src=\"https:\/\/jmyo.fi\/paasivusto\/wp-content\/uploads\/2022\/02\/UEF-musta-logo-engl-pysty_02.jpg\" class=\"attachment-large size-large wp-image-117689\" alt=\"\" srcset=\"https:\/\/jmyo.fi\/paasivusto\/wp-content\/uploads\/2022\/02\/UEF-musta-logo-engl-pysty_02.jpg 800w, https:\/\/jmyo.fi\/paasivusto\/wp-content\/uploads\/2022\/02\/UEF-musta-logo-engl-pysty_02-768x669.jpg 768w, https:\/\/jmyo.fi\/paasivusto\/wp-content\/uploads\/2022\/02\/UEF-musta-logo-engl-pysty_02-14x12.jpg 14w, https:\/\/jmyo.fi\/paasivusto\/wp-content\/uploads\/2022\/02\/UEF-musta-logo-engl-pysty_02-600x523.jpg 600w\" sizes=\"(max-width: 800px) 100vw, 800px\" \/>\t\t\t\t\t\t\t\t<\/a>\n\t\t\t\t\t\t\t\t\t\t\t\t\t\t\t<\/div>\n\t\t\t\t<\/div>\n\t\t\t\t\t<\/div>\n\t\t<\/div>\n\t\t\t\t<div class=\"elementor-column elementor-col-33 elementor-top-column elementor-element elementor-element-91d961b\" data-id=\"91d961b\" data-element_type=\"column\" data-settings=\"{&quot;background_background&quot;:&quot;classic&quot;}\">\n\t\t\t<div class=\"elementor-widget-wrap elementor-element-populated\">\n\t\t\t\t\t\t<div class=\"elementor-element elementor-element-634ab68 elementor-widget elementor-widget-image\" data-id=\"634ab68\" data-element_type=\"widget\" data-widget_type=\"image.default\">\n\t\t\t\t<div class=\"elementor-widget-container\">\n\t\t\t\t\t\t\t\t\t\t\t\t\t\t\t\t<a href=\"https:\/\/www.mmsaatio.fi\/apurahat\/apurahan-hakijalle\/vinkit-metsaalaa-opiskeleville.html\" target=\"_blank\">\n\t\t\t\t\t\t\t<img decoding=\"async\" width=\"854\" height=\"660\" src=\"https:\/\/jmyo.fi\/paasivusto\/wp-content\/uploads\/2022\/02\/mmsaatio-tunnus.png\" class=\"attachment-large size-large wp-image-117688\" alt=\"\" srcset=\"https:\/\/jmyo.fi\/paasivusto\/wp-content\/uploads\/2022\/02\/mmsaatio-tunnus.png 854w, https:\/\/jmyo.fi\/paasivusto\/wp-content\/uploads\/2022\/02\/mmsaatio-tunnus-768x594.png 768w, https:\/\/jmyo.fi\/paasivusto\/wp-content\/uploads\/2022\/02\/mmsaatio-tunnus-16x12.png 16w, https:\/\/jmyo.fi\/paasivusto\/wp-content\/uploads\/2022\/02\/mmsaatio-tunnus-600x464.png 600w\" sizes=\"(max-width: 854px) 100vw, 854px\" \/>\t\t\t\t\t\t\t\t<\/a>\n\t\t\t\t\t\t\t\t\t\t\t\t\t\t\t<\/div>\n\t\t\t\t<\/div>\n\t\t\t\t\t<\/div>\n\t\t<\/div>\n\t\t\t\t<div class=\"elementor-column elementor-col-33 elementor-top-column elementor-element elementor-element-3a42798\" data-id=\"3a42798\" data-element_type=\"column\" data-settings=\"{&quot;background_background&quot;:&quot;classic&quot;}\">\n\t\t\t<div class=\"elementor-widget-wrap elementor-element-populated\">\n\t\t\t\t\t\t<div class=\"elementor-element elementor-element-ec05cb5 elementor-widget elementor-widget-image\" data-id=\"ec05cb5\" data-element_type=\"widget\" data-widget_type=\"image.default\">\n\t\t\t\t<div class=\"elementor-widget-container\">\n\t\t\t\t\t\t\t\t\t\t\t\t\t\t\t\t<a href=\"https:\/\/www.loimu.fi\/\" target=\"_blank\">\n\t\t\t\t\t\t\t<img decoding=\"async\" width=\"800\" height=\"720\" src=\"https:\/\/jmyo.fi\/paasivusto\/wp-content\/uploads\/2024\/02\/loimu-pysty-MUSTA.png\" class=\"attachment-large size-large wp-image-119629\" alt=\"\" srcset=\"https:\/\/jmyo.fi\/paasivusto\/wp-content\/uploads\/2024\/02\/loimu-pysty-MUSTA.png 800w, https:\/\/jmyo.fi\/paasivusto\/wp-content\/uploads\/2024\/02\/loimu-pysty-MUSTA-768x691.png 768w, https:\/\/jmyo.fi\/paasivusto\/wp-content\/uploads\/2024\/02\/loimu-pysty-MUSTA-13x12.png 13w, https:\/\/jmyo.fi\/paasivusto\/wp-content\/uploads\/2024\/02\/loimu-pysty-MUSTA-600x540.png 600w\" sizes=\"(max-width: 800px) 100vw, 800px\" \/>\t\t\t\t\t\t\t\t<\/a>\n\t\t\t\t\t\t\t\t\t\t\t\t\t\t\t<\/div>\n\t\t\t\t<\/div>\n\t\t\t\t\t<\/div>\n\t\t<\/div>\n\t\t\t\t\t<\/div>\n\t\t<\/section>\n\t\t\t\t<\/div>","protected":false},"excerpt":{"rendered":"","protected":false},"author":4,"featured_media":0,"parent":0,"menu_order":0,"comment_status":"closed","ping_status":"closed","template":"","meta":{"_acf_changed":false,"footnotes":""},"class_list":["post-117687","page","type-page","status-publish","hentry"],"acf":[],"yoast_head":"<!-- This site is optimized with the Yoast SEO plugin v24.7 - https:\/\/yoast.com\/wordpress\/plugins\/seo\/ -->\n<title>Yhteisty\u00f6ss\u00e4 - Joensuun Mets\u00e4ylioppilaat ry<\/title>\n<meta name=\"robots\" content=\"index, follow, max-snippet:-1, max-image-preview:large, max-video-preview:-1\" \/>\n<link rel=\"canonical\" href=\"https:\/\/jmyo.fi\/en\/yhteistyossa\/\" \/>\n<meta property=\"og:locale\" content=\"en_US\" \/>\n<meta property=\"og:type\" content=\"article\" \/>\n<meta property=\"og:title\" content=\"Yhteisty\u00f6ss\u00e4 - Joensuun Mets\u00e4ylioppilaat ry\" \/>\n<meta property=\"og:url\" content=\"https:\/\/jmyo.fi\/en\/yhteistyossa\/\" \/>\n<meta property=\"og:site_name\" content=\"Joensuun Mets\u00e4ylioppilaat ry\" \/>\n<meta property=\"article:modified_time\" content=\"2024-02-07T16:32:45+00:00\" \/>\n<meta property=\"og:image\" content=\"https:\/\/jmyo.fi\/paasivusto\/wp-content\/uploads\/2022\/02\/UEF-musta-logo-engl-pysty_02.jpg\" \/>\n<meta name=\"twitter:card\" content=\"summary_large_image\" \/>\n<meta name=\"twitter:label1\" content=\"Est. reading time\" \/>\n\t<meta name=\"twitter:data1\" content=\"1 minute\" \/>\n<script type=\"application\/ld+json\" class=\"yoast-schema-graph\">{\"@context\":\"https:\/\/schema.org\",\"@graph\":[{\"@type\":\"WebPage\",\"@id\":\"https:\/\/jmyo.fi\/yhteistyossa\/\",\"url\":\"https:\/\/jmyo.fi\/yhteistyossa\/\",\"name\":\"Yhteisty\u00f6ss\u00e4 - Joensuun Mets\u00e4ylioppilaat ry\",\"isPartOf\":{\"@id\":\"https:\/\/jmyo.fi\/#website\"},\"primaryImageOfPage\":{\"@id\":\"https:\/\/jmyo.fi\/yhteistyossa\/#primaryimage\"},\"image\":{\"@id\":\"https:\/\/jmyo.fi\/yhteistyossa\/#primaryimage\"},\"thumbnailUrl\":\"https:\/\/jmyo.fi\/paasivusto\/wp-content\/uploads\/2022\/02\/UEF-musta-logo-engl-pysty_02.jpg\",\"datePublished\":\"2022-02-08T08:30:10+00:00\",\"dateModified\":\"2024-02-07T16:32:45+00:00\",\"breadcrumb\":{\"@id\":\"https:\/\/jmyo.fi\/yhteistyossa\/#breadcrumb\"},\"inLanguage\":\"en-US\",\"potentialAction\":[{\"@type\":\"ReadAction\",\"target\":[\"https:\/\/jmyo.fi\/yhteistyossa\/\"]}]},{\"@type\":\"ImageObject\",\"inLanguage\":\"en-US\",\"@id\":\"https:\/\/jmyo.fi\/yhteistyossa\/#primaryimage\",\"url\":\"https:\/\/jmyo.fi\/paasivusto\/wp-content\/uploads\/2022\/02\/UEF-musta-logo-engl-pysty_02.jpg\",\"contentUrl\":\"https:\/\/jmyo.fi\/paasivusto\/wp-content\/uploads\/2022\/02\/UEF-musta-logo-engl-pysty_02.jpg\"},{\"@type\":\"BreadcrumbList\",\"@id\":\"https:\/\/jmyo.fi\/yhteistyossa\/#breadcrumb\",\"itemListElement\":[{\"@type\":\"ListItem\",\"position\":1,\"name\":\"Etusivu\",\"item\":\"https:\/\/jmyo.fi\/\"},{\"@type\":\"ListItem\",\"position\":2,\"name\":\"Yhteisty\u00f6ss\u00e4\"}]},{\"@type\":\"WebSite\",\"@id\":\"https:\/\/jmyo.fi\/#website\",\"url\":\"https:\/\/jmyo.fi\/\",\"name\":\"Joensuun Mets\u00e4ylioppilaat ry\",\"description\":\"Mets\u00e4tieteiden ainej\u00e4rjest\u00f6 vuodesta 1982\",\"publisher\":{\"@id\":\"https:\/\/jmyo.fi\/#organization\"},\"potentialAction\":[{\"@type\":\"SearchAction\",\"target\":{\"@type\":\"EntryPoint\",\"urlTemplate\":\"https:\/\/jmyo.fi\/?s={search_term_string}\"},\"query-input\":{\"@type\":\"PropertyValueSpecification\",\"valueRequired\":true,\"valueName\":\"search_term_string\"}}],\"inLanguage\":\"en-US\"},{\"@type\":\"Organization\",\"@id\":\"https:\/\/jmyo.fi\/#organization\",\"name\":\"Joensuun Mets\u00e4ylioppilaat ry\",\"url\":\"https:\/\/jmyo.fi\/\",\"logo\":{\"@type\":\"ImageObject\",\"inLanguage\":\"en-US\",\"@id\":\"https:\/\/jmyo.fi\/#\/schema\/logo\/image\/\",\"url\":\"https:\/\/jmyo.fi\/paasivusto\/wp-content\/uploads\/2021\/02\/cropped-cropped-logo_lehti_ympyra.png\",\"contentUrl\":\"https:\/\/jmyo.fi\/paasivusto\/wp-content\/uploads\/2021\/02\/cropped-cropped-logo_lehti_ympyra.png\",\"width\":512,\"height\":512,\"caption\":\"Joensuun Mets\u00e4ylioppilaat ry\"},\"image\":{\"@id\":\"https:\/\/jmyo.fi\/#\/schema\/logo\/image\/\"}}]}<\/script>\n<!-- \/ Yoast SEO plugin. -->","yoast_head_json":{"title":"Yhteisty\u00f6ss\u00e4 - Joensuun Mets\u00e4ylioppilaat ry","robots":{"index":"index","follow":"follow","max-snippet":"max-snippet:-1","max-image-preview":"max-image-preview:large","max-video-preview":"max-video-preview:-1"},"canonical":"https:\/\/jmyo.fi\/en\/yhteistyossa\/","og_locale":"en_US","og_type":"article","og_title":"Yhteisty\u00f6ss\u00e4 - Joensuun Mets\u00e4ylioppilaat ry","og_url":"https:\/\/jmyo.fi\/en\/yhteistyossa\/","og_site_name":"Joensuun Mets\u00e4ylioppilaat ry","article_modified_time":"2024-02-07T16:32:45+00:00","og_image":[{"url":"https:\/\/jmyo.fi\/paasivusto\/wp-content\/uploads\/2022\/02\/UEF-musta-logo-engl-pysty_02.jpg","type":"","width":"","height":""}],"twitter_card":"summary_large_image","twitter_misc":{"Est. reading time":"1 minute"},"schema":{"@context":"https:\/\/schema.org","@graph":[{"@type":"WebPage","@id":"https:\/\/jmyo.fi\/yhteistyossa\/","url":"https:\/\/jmyo.fi\/yhteistyossa\/","name":"Yhteisty\u00f6ss\u00e4 - Joensuun Mets\u00e4ylioppilaat ry","isPartOf":{"@id":"https:\/\/jmyo.fi\/#website"},"primaryImageOfPage":{"@id":"https:\/\/jmyo.fi\/yhteistyossa\/#primaryimage"},"image":{"@id":"https:\/\/jmyo.fi\/yhteistyossa\/#primaryimage"},"thumbnailUrl":"https:\/\/jmyo.fi\/paasivusto\/wp-content\/uploads\/2022\/02\/UEF-musta-logo-engl-pysty_02.jpg","datePublished":"2022-02-08T08:30:10+00:00","dateModified":"2024-02-07T16:32:45+00:00","breadcrumb":{"@id":"https:\/\/jmyo.fi\/yhteistyossa\/#breadcrumb"},"inLanguage":"en-US","potentialAction":[{"@type":"ReadAction","target":["https:\/\/jmyo.fi\/yhteistyossa\/"]}]},{"@type":"ImageObject","inLanguage":"en-US","@id":"https:\/\/jmyo.fi\/yhteistyossa\/#primaryimage","url":"https:\/\/jmyo.fi\/paasivusto\/wp-content\/uploads\/2022\/02\/UEF-musta-logo-engl-pysty_02.jpg","contentUrl":"https:\/\/jmyo.fi\/paasivusto\/wp-content\/uploads\/2022\/02\/UEF-musta-logo-engl-pysty_02.jpg"},{"@type":"BreadcrumbList","@id":"https:\/\/jmyo.fi\/yhteistyossa\/#breadcrumb","itemListElement":[{"@type":"ListItem","position":1,"name":"Etusivu","item":"https:\/\/jmyo.fi\/"},{"@type":"ListItem","position":2,"name":"Yhteisty\u00f6ss\u00e4"}]},{"@type":"WebSite","@id":"https:\/\/jmyo.fi\/#website","url":"https:\/\/jmyo.fi\/","name":"Joensuun Mets\u00e4ylioppilaat ry","description":"Mets\u00e4tieteiden ainej\u00e4rjest\u00f6 vuodesta 1982","publisher":{"@id":"https:\/\/jmyo.fi\/#organization"},"potentialAction":[{"@type":"SearchAction","target":{"@type":"EntryPoint","urlTemplate":"https:\/\/jmyo.fi\/?s={search_term_string}"},"query-input":{"@type":"PropertyValueSpecification","valueRequired":true,"valueName":"search_term_string"}}],"inLanguage":"en-US"},{"@type":"Organization","@id":"https:\/\/jmyo.fi\/#organization","name":"Joensuun Mets\u00e4ylioppilaat ry","url":"https:\/\/jmyo.fi\/","logo":{"@type":"ImageObject","inLanguage":"en-US","@id":"https:\/\/jmyo.fi\/#\/schema\/logo\/image\/","url":"https:\/\/jmyo.fi\/paasivusto\/wp-content\/uploads\/2021\/02\/cropped-cropped-logo_lehti_ympyra.png","contentUrl":"https:\/\/jmyo.fi\/paasivusto\/wp-content\/uploads\/2021\/02\/cropped-cropped-logo_lehti_ympyra.png","width":512,"height":512,"caption":"Joensuun Mets\u00e4ylioppilaat ry"},"image":{"@id":"https:\/\/jmyo.fi\/#\/schema\/logo\/image\/"}}]}},"_links":{"self":[{"href":"https:\/\/jmyo.fi\/en\/wp-json\/wp\/v2\/pages\/117687","targetHints":{"allow":["GET"]}}],"collection":[{"href":"https:\/\/jmyo.fi\/en\/wp-json\/wp\/v2\/pages"}],"about":[{"href":"https:\/\/jmyo.fi\/en\/wp-json\/wp\/v2\/types\/page"}],"author":[{"embeddable":true,"href":"https:\/\/jmyo.fi\/en\/wp-json\/wp\/v2\/users\/4"}],"replies":[{"embeddable":true,"href":"https:\/\/jmyo.fi\/en\/wp-json\/wp\/v2\/comments?post=117687"}],"version-history":[{"count":2,"href":"https:\/\/jmyo.fi\/en\/wp-json\/wp\/v2\/pages\/117687\/revisions"}],"predecessor-version":[{"id":119632,"href":"https:\/\/jmyo.fi\/en\/wp-json\/wp\/v2\/pages\/117687\/revisions\/119632"}],"wp:attachment":[{"href":"https:\/\/jmyo.fi\/en\/wp-json\/wp\/v2\/media?parent=117687"}],"curies":[{"name":"wp","href":"https:\/\/api.w.org\/{rel}","templated":true}]}}