{"id":117493,"date":"2021-11-28T15:51:10","date_gmt":"2021-11-28T13:51:10","guid":{"rendered":"https:\/\/jmyo.fi\/?page_id=117493"},"modified":"2022-01-19T11:51:31","modified_gmt":"2022-01-19T09:51:31","slug":"yhdenvertaisuus","status":"publish","type":"page","link":"https:\/\/jmyo.fi\/en\/yhdenvertaisuus\/","title":{"rendered":"Equality"},"content":{"rendered":"<h2 class=\"wp-block-heading\">Equality plan<\/h2><h3 class=\"wp-block-heading\">Table of contents<\/h3><p>1. The plan basis<br>2. Discrimination<br>3. Harassment<br>4. Meetings and activity of JMYO<br>5. Events<\/p><h3 class=\"wp-block-heading\">1. The plan basis<\/h3><p>There are many kinds of individuals with different backgrounds studying forestry. Joensuun Mets\u00e4ylioppilaat ry does not tolerate anyone getting discriminated by members of subject association nor anyone else during their studies. The aim of this equality plan is to disclose student association\u2019s official opinion towards any discriminatory and inappropriate actions.<\/p><p>The fundament behind this equality plan is the non-discrimination act (1325\/2014), which obligates to improve equality and to prevent discrimination according to 1 \u00a7. Joensuun Mets\u00e4ylioppilaat ry perceives its every member and other persons as equal individuals regardless of their age, origin, nationality, religion, belief, opinion, political actions, health, sexuality, or any other feature related to the person.<\/p><h3 class=\"wp-block-heading\">2. Discrimination<\/h3><p>Joensuun Mets\u00e4ylioppilaat aspire to improve equality and consequently to prevent any kind of discrimination. The background or any other feature of an individual must not be seen as a restriction to attend an event, for example. Act of Equality between Women and Men (609\/1986) outlaws any direct and indirect discrimination based on gender, which also includes sexual harassment.<\/p><p>In order that equality actualises must every student respect other students in his\/her own actions and treat them equally.<\/p><h3 class=\"wp-block-heading\">3. Harassment<\/h3><p>Joensuun Mets\u00e4ylioppilaat has zero tolerance towards any harassment and every harassment case is treated with seriousness. There is a confidential counsellor designated within the students association who can be contacted regarding harassment cases (contact details are on the student associations website). The promotion of interests of the student association serves as the confidential counsellor within the students association per se. Confidential counsellor offers support and advice for a person who has experienced harassment. All contacts are confidential and the confidential counsellor has an absolute confidentiality.<\/p><p>Victims of harassment can also contact the confidential counsellor of The Student Union of the University of Eastern Finland (ISYY), which operates at the Joensuu campus.<\/p><h3 class=\"wp-block-heading\">4. Meetings and activity of JMYO<\/h3><p>Actions of JMYO must be completely accessible. The aim is to have open and transparent actions within the board of JMYO.<\/p><p>Meetings will be organized in accessible spaces and they are open to every member of the student association. To make sure that everyone willing can access the meetings regardless of their location, meetings are pursued to be held with a remote access, if possible. Every member of Joensuun Mets\u00e4ylioppilaat has the right to apply for board consequently a chance to affect the decisions within the students association.<\/p><h3 class=\"wp-block-heading\">5. Events<\/h3><p>Events are meant for every member of the student association. Events are organized by head(s) of events. Following issues should be mentioned when advertising upcoming events:<\/p><p>- What happens?<br>- Where?<br>- When?<br>- Whom is this event addressed to?<br>- Is there an entrance fee?<\/p><p>Event advertisements should be clear and comprehensible and also written in Finnish and English.<br>The event organizers (heads of events or other persons in charge) must take into account equal treatment of every participant, for example, during the event planning. The background of an individual must not be seen as a restriction to attend an event per se.<\/p><p>Based on The Equality Plan (2018) of The Student Union of the University of Eastern Finland (ISYY).<\/p><p>Joensuu 13th of October 2021.<\/p><p>Hanna Siiskonen<br>Promotion of interests<\/p><p><a href=\"https:\/\/jmyo.fi\/paasivusto\/wp-content\/uploads\/2021\/11\/Yhdenvertaisuussuunnitelma_JMYO.pdf\" target=\"_blank\" rel=\"noreferrer noopener\">Yhdenvertaisuussuunnitelma_JMYO<\/a><\/p>","protected":false},"excerpt":{"rendered":"<p>Yhdenvertaisuussuunnitelma Sis\u00e4llys 1. Suunnitelman perusta2. Syrjint\u00e43. H\u00e4irint\u00e44. Yhdistyksen kokoukset ja hallitustoiminta5. Tapahtumat 1. Suunnitelman perusta Mets\u00e4nhoitajaksi opiskelee monenlaisia henkil\u00f6it\u00e4 erilaisista taustoista. Joensuun Mets\u00e4ylioppilaat ei suvaitse, ett\u00e4 kukaan tuleva mets\u00e4nhoitaja kokee [&hellip;]<\/p>","protected":false},"author":4,"featured_media":0,"parent":0,"menu_order":0,"comment_status":"closed","ping_status":"closed","template":"","meta":{"_acf_changed":false,"footnotes":""},"class_list":["post-117493","page","type-page","status-publish","hentry"],"acf":[],"yoast_head":"<!-- This site is optimized with the Yoast SEO plugin v24.7 - https:\/\/yoast.com\/wordpress\/plugins\/seo\/ -->\n<title>Yhdenvertaisuus - Joensuun Mets\u00e4ylioppilaat ry<\/title>\n<meta name=\"robots\" content=\"index, follow, max-snippet:-1, max-image-preview:large, max-video-preview:-1\" \/>\n<link rel=\"canonical\" href=\"https:\/\/jmyo.fi\/en\/yhdenvertaisuus\/\" \/>\n<meta property=\"og:locale\" content=\"en_US\" \/>\n<meta property=\"og:type\" content=\"article\" \/>\n<meta property=\"og:title\" content=\"Yhdenvertaisuus - Joensuun Mets\u00e4ylioppilaat ry\" \/>\n<meta property=\"og:description\" content=\"Yhdenvertaisuussuunnitelma Sis\u00e4llys 1. Suunnitelman perusta2. Syrjint\u00e43. H\u00e4irint\u00e44. Yhdistyksen kokoukset ja hallitustoiminta5. Tapahtumat 1. Suunnitelman perusta Mets\u00e4nhoitajaksi opiskelee monenlaisia henkil\u00f6it\u00e4 erilaisista taustoista. Joensuun Mets\u00e4ylioppilaat ei suvaitse, ett\u00e4 kukaan tuleva mets\u00e4nhoitaja kokee [&hellip;]\" \/>\n<meta property=\"og:url\" content=\"https:\/\/jmyo.fi\/en\/yhdenvertaisuus\/\" \/>\n<meta property=\"og:site_name\" content=\"Joensuun Mets\u00e4ylioppilaat ry\" \/>\n<meta property=\"article:modified_time\" content=\"2022-01-19T09:51:31+00:00\" \/>\n<meta name=\"twitter:card\" content=\"summary_large_image\" \/>\n<meta name=\"twitter:label1\" content=\"Est. reading time\" \/>\n\t<meta name=\"twitter:data1\" content=\"3 minutes\" \/>\n<script type=\"application\/ld+json\" class=\"yoast-schema-graph\">{\"@context\":\"https:\/\/schema.org\",\"@graph\":[{\"@type\":\"WebPage\",\"@id\":\"https:\/\/jmyo.fi\/yhdenvertaisuus\/\",\"url\":\"https:\/\/jmyo.fi\/yhdenvertaisuus\/\",\"name\":\"Yhdenvertaisuus - Joensuun Mets\u00e4ylioppilaat ry\",\"isPartOf\":{\"@id\":\"https:\/\/jmyo.fi\/#website\"},\"datePublished\":\"2021-11-28T13:51:10+00:00\",\"dateModified\":\"2022-01-19T09:51:31+00:00\",\"breadcrumb\":{\"@id\":\"https:\/\/jmyo.fi\/yhdenvertaisuus\/#breadcrumb\"},\"inLanguage\":\"en-US\",\"potentialAction\":[{\"@type\":\"ReadAction\",\"target\":[\"https:\/\/jmyo.fi\/yhdenvertaisuus\/\"]}]},{\"@type\":\"BreadcrumbList\",\"@id\":\"https:\/\/jmyo.fi\/yhdenvertaisuus\/#breadcrumb\",\"itemListElement\":[{\"@type\":\"ListItem\",\"position\":1,\"name\":\"Etusivu\",\"item\":\"https:\/\/jmyo.fi\/\"},{\"@type\":\"ListItem\",\"position\":2,\"name\":\"Yhdenvertaisuus\"}]},{\"@type\":\"WebSite\",\"@id\":\"https:\/\/jmyo.fi\/#website\",\"url\":\"https:\/\/jmyo.fi\/\",\"name\":\"Joensuun Mets\u00e4ylioppilaat ry\",\"description\":\"Mets\u00e4tieteiden ainej\u00e4rjest\u00f6 vuodesta 1982\",\"publisher\":{\"@id\":\"https:\/\/jmyo.fi\/#organization\"},\"potentialAction\":[{\"@type\":\"SearchAction\",\"target\":{\"@type\":\"EntryPoint\",\"urlTemplate\":\"https:\/\/jmyo.fi\/?s={search_term_string}\"},\"query-input\":{\"@type\":\"PropertyValueSpecification\",\"valueRequired\":true,\"valueName\":\"search_term_string\"}}],\"inLanguage\":\"en-US\"},{\"@type\":\"Organization\",\"@id\":\"https:\/\/jmyo.fi\/#organization\",\"name\":\"Joensuun Mets\u00e4ylioppilaat ry\",\"url\":\"https:\/\/jmyo.fi\/\",\"logo\":{\"@type\":\"ImageObject\",\"inLanguage\":\"en-US\",\"@id\":\"https:\/\/jmyo.fi\/#\/schema\/logo\/image\/\",\"url\":\"https:\/\/jmyo.fi\/paasivusto\/wp-content\/uploads\/2021\/02\/cropped-cropped-logo_lehti_ympyra.png\",\"contentUrl\":\"https:\/\/jmyo.fi\/paasivusto\/wp-content\/uploads\/2021\/02\/cropped-cropped-logo_lehti_ympyra.png\",\"width\":512,\"height\":512,\"caption\":\"Joensuun Mets\u00e4ylioppilaat ry\"},\"image\":{\"@id\":\"https:\/\/jmyo.fi\/#\/schema\/logo\/image\/\"}}]}<\/script>\n<!-- \/ Yoast SEO plugin. -->","yoast_head_json":{"title":"Yhdenvertaisuus - Joensuun Mets\u00e4ylioppilaat ry","robots":{"index":"index","follow":"follow","max-snippet":"max-snippet:-1","max-image-preview":"max-image-preview:large","max-video-preview":"max-video-preview:-1"},"canonical":"https:\/\/jmyo.fi\/en\/yhdenvertaisuus\/","og_locale":"en_US","og_type":"article","og_title":"Yhdenvertaisuus - Joensuun Mets\u00e4ylioppilaat ry","og_description":"Yhdenvertaisuussuunnitelma Sis\u00e4llys 1. Suunnitelman perusta2. Syrjint\u00e43. H\u00e4irint\u00e44. Yhdistyksen kokoukset ja hallitustoiminta5. Tapahtumat 1. Suunnitelman perusta Mets\u00e4nhoitajaksi opiskelee monenlaisia henkil\u00f6it\u00e4 erilaisista taustoista. Joensuun Mets\u00e4ylioppilaat ei suvaitse, ett\u00e4 kukaan tuleva mets\u00e4nhoitaja kokee [&hellip;]","og_url":"https:\/\/jmyo.fi\/en\/yhdenvertaisuus\/","og_site_name":"Joensuun Mets\u00e4ylioppilaat ry","article_modified_time":"2022-01-19T09:51:31+00:00","twitter_card":"summary_large_image","twitter_misc":{"Est. reading time":"3 minutes"},"schema":{"@context":"https:\/\/schema.org","@graph":[{"@type":"WebPage","@id":"https:\/\/jmyo.fi\/yhdenvertaisuus\/","url":"https:\/\/jmyo.fi\/yhdenvertaisuus\/","name":"Yhdenvertaisuus - Joensuun Mets\u00e4ylioppilaat ry","isPartOf":{"@id":"https:\/\/jmyo.fi\/#website"},"datePublished":"2021-11-28T13:51:10+00:00","dateModified":"2022-01-19T09:51:31+00:00","breadcrumb":{"@id":"https:\/\/jmyo.fi\/yhdenvertaisuus\/#breadcrumb"},"inLanguage":"en-US","potentialAction":[{"@type":"ReadAction","target":["https:\/\/jmyo.fi\/yhdenvertaisuus\/"]}]},{"@type":"BreadcrumbList","@id":"https:\/\/jmyo.fi\/yhdenvertaisuus\/#breadcrumb","itemListElement":[{"@type":"ListItem","position":1,"name":"Etusivu","item":"https:\/\/jmyo.fi\/"},{"@type":"ListItem","position":2,"name":"Yhdenvertaisuus"}]},{"@type":"WebSite","@id":"https:\/\/jmyo.fi\/#website","url":"https:\/\/jmyo.fi\/","name":"Joensuun Mets\u00e4ylioppilaat ry","description":"Mets\u00e4tieteiden ainej\u00e4rjest\u00f6 vuodesta 1982","publisher":{"@id":"https:\/\/jmyo.fi\/#organization"},"potentialAction":[{"@type":"SearchAction","target":{"@type":"EntryPoint","urlTemplate":"https:\/\/jmyo.fi\/?s={search_term_string}"},"query-input":{"@type":"PropertyValueSpecification","valueRequired":true,"valueName":"search_term_string"}}],"inLanguage":"en-US"},{"@type":"Organization","@id":"https:\/\/jmyo.fi\/#organization","name":"Joensuun Mets\u00e4ylioppilaat ry","url":"https:\/\/jmyo.fi\/","logo":{"@type":"ImageObject","inLanguage":"en-US","@id":"https:\/\/jmyo.fi\/#\/schema\/logo\/image\/","url":"https:\/\/jmyo.fi\/paasivusto\/wp-content\/uploads\/2021\/02\/cropped-cropped-logo_lehti_ympyra.png","contentUrl":"https:\/\/jmyo.fi\/paasivusto\/wp-content\/uploads\/2021\/02\/cropped-cropped-logo_lehti_ympyra.png","width":512,"height":512,"caption":"Joensuun Mets\u00e4ylioppilaat ry"},"image":{"@id":"https:\/\/jmyo.fi\/#\/schema\/logo\/image\/"}}]}},"_links":{"self":[{"href":"https:\/\/jmyo.fi\/en\/wp-json\/wp\/v2\/pages\/117493","targetHints":{"allow":["GET"]}}],"collection":[{"href":"https:\/\/jmyo.fi\/en\/wp-json\/wp\/v2\/pages"}],"about":[{"href":"https:\/\/jmyo.fi\/en\/wp-json\/wp\/v2\/types\/page"}],"author":[{"embeddable":true,"href":"https:\/\/jmyo.fi\/en\/wp-json\/wp\/v2\/users\/4"}],"replies":[{"embeddable":true,"href":"https:\/\/jmyo.fi\/en\/wp-json\/wp\/v2\/comments?post=117493"}],"version-history":[{"count":0,"href":"https:\/\/jmyo.fi\/en\/wp-json\/wp\/v2\/pages\/117493\/revisions"}],"wp:attachment":[{"href":"https:\/\/jmyo.fi\/en\/wp-json\/wp\/v2\/media?parent=117493"}],"curies":[{"name":"wp","href":"https:\/\/api.w.org\/{rel}","templated":true}]}}