{"id":116970,"date":"2021-09-10T14:50:18","date_gmt":"2021-09-10T11:50:18","guid":{"rendered":"https:\/\/jmyo.fi\/?page_id=116970"},"modified":"2024-08-29T19:59:57","modified_gmt":"2024-08-29T16:59:57","slug":"laskuta","status":"publish","type":"page","link":"https:\/\/jmyo.fi\/en\/laskuta\/","title":{"rendered":"Invoice the student association"},"content":{"rendered":"<p>From this page you will find the needed forms to invoice association approved expenses. The first form is meant for expenses based on receipts. The second form is meant for kilometer allowence and per diem allowance. The instructions for filling the forms are included within.<\/p>\n<p class=\"translation-block\">The invoice forms are fillable PDF-files, which are easiest to fill using a separe PDF-reader program. <strong>The forms are not to be changed to other formats<\/strong> , because the layouts will not remain original.<\/p>\n<p><strong><strong>The address for the forms is via email<\/strong> talousvastaava(at)jmyo.fi<\/strong>. Uusi osoite on talousvastaava(at)jmyo.fi<\/p>\n<h2><\/h2>\n<h2>1. Invoice form for receipt bases expenses<\/h2>\n<p><a role=\"button\" href=\"https:\/\/jmyo.fi\/paasivusto\/wp-content\/uploads\/2021\/11\/JMYO_laskulomake.pdf\" target=\"_blank\" rel=\"noopener\"><br \/>\nJMYO laskulomake<br \/>\n<\/a><\/p>\n<h2><\/h2>\n<h2>2. Invoice form for kilometer and per diem allowances<\/h2>\n<p>Amount of allowances in 2024<\/p>\n<p class=\"translation-block\">Kilometer allowance: 0,57 \u20ac\/km<br>\nHalf of per diem allowance: 24 \u20ac\/day<\/p>\n<p><a role=\"button\" href=\"https:\/\/jmyo.fi\/paasivusto\/wp-content\/uploads\/2021\/11\/JMYO_laskulomake_kilometrikorvaukset_paivarahat.pdf\" target=\"_blank\" rel=\"noopener\"><br \/>\nJMYO laskulomake kilometrikorvaukset p\u00e4iv\u00e4rahat<br \/>\n<\/a><\/p>","protected":false},"excerpt":{"rendered":"<p>L\u00f6yd\u00e4t t\u00e4lt\u00e4 sivulta laskulomakkeet, joilla voit laskuttaa ainej\u00e4rjest\u00f6n hyv\u00e4ksymi\u00e4 kuluja. Ensimm\u00e4inen lomake on tarkoitettu kuittiin perustuvien kulujen laskuttamiseen. Toinen lomake on tarkoitettu kilometrikorvausten ja p\u00e4iv\u00e4rahojen laskuttamiseen. Lomakkeiden t\u00e4ytt\u00f6ohjeet ovat mukana [&hellip;]<\/p>","protected":false},"author":4,"featured_media":0,"parent":0,"menu_order":0,"comment_status":"closed","ping_status":"closed","template":"","meta":{"_acf_changed":false,"footnotes":""},"class_list":["post-116970","page","type-page","status-publish","hentry"],"acf":[],"yoast_head":"<!-- This site is optimized with the Yoast SEO plugin v24.7 - https:\/\/yoast.com\/wordpress\/plugins\/seo\/ -->\n<title>Laskuta ainej\u00e4rjest\u00f6\u00e4 - Joensuun Mets\u00e4ylioppilaat ry<\/title>\n<meta name=\"robots\" content=\"index, follow, max-snippet:-1, max-image-preview:large, max-video-preview:-1\" \/>\n<link rel=\"canonical\" href=\"https:\/\/jmyo.fi\/en\/laskuta\/\" \/>\n<meta property=\"og:locale\" content=\"en_US\" \/>\n<meta property=\"og:type\" content=\"article\" \/>\n<meta property=\"og:title\" content=\"Laskuta ainej\u00e4rjest\u00f6\u00e4 - Joensuun Mets\u00e4ylioppilaat ry\" \/>\n<meta property=\"og:description\" content=\"L\u00f6yd\u00e4t t\u00e4lt\u00e4 sivulta laskulomakkeet, joilla voit laskuttaa ainej\u00e4rjest\u00f6n hyv\u00e4ksymi\u00e4 kuluja. Ensimm\u00e4inen lomake on tarkoitettu kuittiin perustuvien kulujen laskuttamiseen. Toinen lomake on tarkoitettu kilometrikorvausten ja p\u00e4iv\u00e4rahojen laskuttamiseen. Lomakkeiden t\u00e4ytt\u00f6ohjeet ovat mukana [&hellip;]\" \/>\n<meta property=\"og:url\" content=\"https:\/\/jmyo.fi\/en\/laskuta\/\" \/>\n<meta property=\"og:site_name\" content=\"Joensuun Mets\u00e4ylioppilaat ry\" \/>\n<meta property=\"article:modified_time\" content=\"2024-08-29T16:59:57+00:00\" \/>\n<meta name=\"twitter:card\" content=\"summary_large_image\" \/>\n<meta name=\"twitter:label1\" content=\"Est. reading time\" \/>\n\t<meta name=\"twitter:data1\" content=\"1 minute\" \/>\n<script type=\"application\/ld+json\" class=\"yoast-schema-graph\">{\"@context\":\"https:\/\/schema.org\",\"@graph\":[{\"@type\":\"WebPage\",\"@id\":\"https:\/\/jmyo.fi\/laskuta\/\",\"url\":\"https:\/\/jmyo.fi\/laskuta\/\",\"name\":\"Laskuta ainej\u00e4rjest\u00f6\u00e4 - Joensuun Mets\u00e4ylioppilaat ry\",\"isPartOf\":{\"@id\":\"https:\/\/jmyo.fi\/#website\"},\"datePublished\":\"2021-09-10T11:50:18+00:00\",\"dateModified\":\"2024-08-29T16:59:57+00:00\",\"breadcrumb\":{\"@id\":\"https:\/\/jmyo.fi\/laskuta\/#breadcrumb\"},\"inLanguage\":\"en-US\",\"potentialAction\":[{\"@type\":\"ReadAction\",\"target\":[\"https:\/\/jmyo.fi\/laskuta\/\"]}]},{\"@type\":\"BreadcrumbList\",\"@id\":\"https:\/\/jmyo.fi\/laskuta\/#breadcrumb\",\"itemListElement\":[{\"@type\":\"ListItem\",\"position\":1,\"name\":\"Etusivu\",\"item\":\"https:\/\/jmyo.fi\/\"},{\"@type\":\"ListItem\",\"position\":2,\"name\":\"Laskuta ainej\u00e4rjest\u00f6\u00e4\"}]},{\"@type\":\"WebSite\",\"@id\":\"https:\/\/jmyo.fi\/#website\",\"url\":\"https:\/\/jmyo.fi\/\",\"name\":\"Joensuun Mets\u00e4ylioppilaat ry\",\"description\":\"Mets\u00e4tieteiden ainej\u00e4rjest\u00f6 vuodesta 1982\",\"publisher\":{\"@id\":\"https:\/\/jmyo.fi\/#organization\"},\"potentialAction\":[{\"@type\":\"SearchAction\",\"target\":{\"@type\":\"EntryPoint\",\"urlTemplate\":\"https:\/\/jmyo.fi\/?s={search_term_string}\"},\"query-input\":{\"@type\":\"PropertyValueSpecification\",\"valueRequired\":true,\"valueName\":\"search_term_string\"}}],\"inLanguage\":\"en-US\"},{\"@type\":\"Organization\",\"@id\":\"https:\/\/jmyo.fi\/#organization\",\"name\":\"Joensuun Mets\u00e4ylioppilaat ry\",\"url\":\"https:\/\/jmyo.fi\/\",\"logo\":{\"@type\":\"ImageObject\",\"inLanguage\":\"en-US\",\"@id\":\"https:\/\/jmyo.fi\/#\/schema\/logo\/image\/\",\"url\":\"https:\/\/jmyo.fi\/paasivusto\/wp-content\/uploads\/2021\/02\/cropped-cropped-logo_lehti_ympyra.png\",\"contentUrl\":\"https:\/\/jmyo.fi\/paasivusto\/wp-content\/uploads\/2021\/02\/cropped-cropped-logo_lehti_ympyra.png\",\"width\":512,\"height\":512,\"caption\":\"Joensuun Mets\u00e4ylioppilaat ry\"},\"image\":{\"@id\":\"https:\/\/jmyo.fi\/#\/schema\/logo\/image\/\"}}]}<\/script>\n<!-- \/ Yoast SEO plugin. -->","yoast_head_json":{"title":"Laskuta ainej\u00e4rjest\u00f6\u00e4 - Joensuun Mets\u00e4ylioppilaat ry","robots":{"index":"index","follow":"follow","max-snippet":"max-snippet:-1","max-image-preview":"max-image-preview:large","max-video-preview":"max-video-preview:-1"},"canonical":"https:\/\/jmyo.fi\/en\/laskuta\/","og_locale":"en_US","og_type":"article","og_title":"Laskuta ainej\u00e4rjest\u00f6\u00e4 - Joensuun Mets\u00e4ylioppilaat ry","og_description":"L\u00f6yd\u00e4t t\u00e4lt\u00e4 sivulta laskulomakkeet, joilla voit laskuttaa ainej\u00e4rjest\u00f6n hyv\u00e4ksymi\u00e4 kuluja. Ensimm\u00e4inen lomake on tarkoitettu kuittiin perustuvien kulujen laskuttamiseen. Toinen lomake on tarkoitettu kilometrikorvausten ja p\u00e4iv\u00e4rahojen laskuttamiseen. Lomakkeiden t\u00e4ytt\u00f6ohjeet ovat mukana [&hellip;]","og_url":"https:\/\/jmyo.fi\/en\/laskuta\/","og_site_name":"Joensuun Mets\u00e4ylioppilaat ry","article_modified_time":"2024-08-29T16:59:57+00:00","twitter_card":"summary_large_image","twitter_misc":{"Est. reading time":"1 minute"},"schema":{"@context":"https:\/\/schema.org","@graph":[{"@type":"WebPage","@id":"https:\/\/jmyo.fi\/laskuta\/","url":"https:\/\/jmyo.fi\/laskuta\/","name":"Laskuta ainej\u00e4rjest\u00f6\u00e4 - Joensuun Mets\u00e4ylioppilaat ry","isPartOf":{"@id":"https:\/\/jmyo.fi\/#website"},"datePublished":"2021-09-10T11:50:18+00:00","dateModified":"2024-08-29T16:59:57+00:00","breadcrumb":{"@id":"https:\/\/jmyo.fi\/laskuta\/#breadcrumb"},"inLanguage":"en-US","potentialAction":[{"@type":"ReadAction","target":["https:\/\/jmyo.fi\/laskuta\/"]}]},{"@type":"BreadcrumbList","@id":"https:\/\/jmyo.fi\/laskuta\/#breadcrumb","itemListElement":[{"@type":"ListItem","position":1,"name":"Etusivu","item":"https:\/\/jmyo.fi\/"},{"@type":"ListItem","position":2,"name":"Laskuta ainej\u00e4rjest\u00f6\u00e4"}]},{"@type":"WebSite","@id":"https:\/\/jmyo.fi\/#website","url":"https:\/\/jmyo.fi\/","name":"Joensuun Mets\u00e4ylioppilaat ry","description":"Mets\u00e4tieteiden ainej\u00e4rjest\u00f6 vuodesta 1982","publisher":{"@id":"https:\/\/jmyo.fi\/#organization"},"potentialAction":[{"@type":"SearchAction","target":{"@type":"EntryPoint","urlTemplate":"https:\/\/jmyo.fi\/?s={search_term_string}"},"query-input":{"@type":"PropertyValueSpecification","valueRequired":true,"valueName":"search_term_string"}}],"inLanguage":"en-US"},{"@type":"Organization","@id":"https:\/\/jmyo.fi\/#organization","name":"Joensuun Mets\u00e4ylioppilaat ry","url":"https:\/\/jmyo.fi\/","logo":{"@type":"ImageObject","inLanguage":"en-US","@id":"https:\/\/jmyo.fi\/#\/schema\/logo\/image\/","url":"https:\/\/jmyo.fi\/paasivusto\/wp-content\/uploads\/2021\/02\/cropped-cropped-logo_lehti_ympyra.png","contentUrl":"https:\/\/jmyo.fi\/paasivusto\/wp-content\/uploads\/2021\/02\/cropped-cropped-logo_lehti_ympyra.png","width":512,"height":512,"caption":"Joensuun Mets\u00e4ylioppilaat ry"},"image":{"@id":"https:\/\/jmyo.fi\/#\/schema\/logo\/image\/"}}]}},"_links":{"self":[{"href":"https:\/\/jmyo.fi\/en\/wp-json\/wp\/v2\/pages\/116970","targetHints":{"allow":["GET"]}}],"collection":[{"href":"https:\/\/jmyo.fi\/en\/wp-json\/wp\/v2\/pages"}],"about":[{"href":"https:\/\/jmyo.fi\/en\/wp-json\/wp\/v2\/types\/page"}],"author":[{"embeddable":true,"href":"https:\/\/jmyo.fi\/en\/wp-json\/wp\/v2\/users\/4"}],"replies":[{"embeddable":true,"href":"https:\/\/jmyo.fi\/en\/wp-json\/wp\/v2\/comments?post=116970"}],"version-history":[{"count":3,"href":"https:\/\/jmyo.fi\/en\/wp-json\/wp\/v2\/pages\/116970\/revisions"}],"predecessor-version":[{"id":119690,"href":"https:\/\/jmyo.fi\/en\/wp-json\/wp\/v2\/pages\/116970\/revisions\/119690"}],"wp:attachment":[{"href":"https:\/\/jmyo.fi\/en\/wp-json\/wp\/v2\/media?parent=116970"}],"curies":[{"name":"wp","href":"https:\/\/api.w.org\/{rel}","templated":true}]}}