{"id":116622,"date":"2021-07-29T19:16:56","date_gmt":"2021-07-29T16:16:56","guid":{"rendered":"https:\/\/jmyo.fi\/paasivusto\/?page_id=116622"},"modified":"2025-03-28T08:00:56","modified_gmt":"2025-03-28T06:00:56","slug":"torstille","status":"publish","type":"page","link":"https:\/\/jmyo.fi\/en\/ainejarjesto\/torstille\/","title":{"rendered":"Info for a freshman"},"content":{"rendered":"<div data-elementor-type=\"wp-page\" data-elementor-id=\"116622\" class=\"elementor elementor-116622\">\n\t\t\t\t<section class=\"elementor-section elementor-top-section elementor-element elementor-element-582eeb91 elementor-section-boxed elementor-section-height-default elementor-section-height-default\" data-id=\"582eeb91\" data-element_type=\"section\">\n\t\t\t\t\t\t<div class=\"elementor-container elementor-column-gap-default\">\n\t\t\t\t\t<div class=\"elementor-column elementor-col-100 elementor-top-column elementor-element elementor-element-7b9648fb\" data-id=\"7b9648fb\" data-element_type=\"column\">\n\t\t\t<div class=\"elementor-widget-wrap elementor-element-populated\">\n\t\t\t\t\t\t<div class=\"elementor-element elementor-element-adae190 elementor-widget elementor-widget-text-editor\" data-id=\"adae190\" data-element_type=\"widget\" data-widget_type=\"text-editor.default\">\n\t\t\t\t<div class=\"elementor-widget-container\"><p>Welcome to studying forestry and becoming part of the forestry student community! As a new student, you can join our student organization if you wish and get involved in other activities organized by it. But what exactly is a student organization? This following text will answer that question. We will also explain the roles of the board, why you should consider applying to join the board, and why becoming a member of the student organization is worthwhile.<\/p><p>Joensuu Forestry Students' Association (JMYO) is the organization for forestry students at the University of Eastern Finland. The association's purpose is to develop forestry education and research at the university, promote the common interests of forestry students, and support its members' engagement in forestry, culture, and physical activities.<\/p><p>The board is responsible for managing the association\u2019s affairs, preparing documents for meetings, maintaining a membership list, and managing the association's finances and archives. The board\u2019s activities include making various proposals and initiatives, publishing the \"V\u00e4nk\u00e4ri\" magazine twice a year, and organizing sporting events, discussion sessions, and study trips. Additionally, the board maintains contact with academic and other similar organizations, as well as forestry professional circles. Decisions are made during board meetings. Overall, the board functions as a team, where each member's responsibilities align with their designated areas.<\/p><p>You should consider applying to join our student organization\u2019s board because there is sure to be a role that suits your interests and skills (such as chairperson, vice-chairperson, secretary, finances, communications, event coordinator, international coordinator, sports coordinator, advocacy officer, V\u00e4nk\u00e4ri editor-in-chief, or Joensuu representative of Loimu students). By joining the board, you will have the opportunity to influence decisions, develop your own skills, and add some variety to your study routine. Moreover, board activities provide excellent networking opportunities.<\/p><p>It is worth joining our student organization because, as a member, you can participate in the events we organize and benefit from other membership perks. The membership fee is 20 \u20ac upon joining and is valid for the entire duration of your studies.<\/p><p>See you at upcoming events!<\/p><\/div>\n\t\t\t\t<\/div>\n\t\t\t\t\t<\/div>\n\t\t<\/div>\n\t\t\t\t\t<\/div>\n\t\t<\/section>\n\t\t\t\t<section class=\"elementor-section elementor-top-section elementor-element elementor-element-894513a elementor-section-boxed elementor-section-height-default elementor-section-height-default\" data-id=\"894513a\" data-element_type=\"section\">\n\t\t\t\t\t\t<div class=\"elementor-container elementor-column-gap-default\">\n\t\t\t\t\t<div class=\"elementor-column elementor-col-100 elementor-top-column elementor-element elementor-element-bcc5b7e\" data-id=\"bcc5b7e\" data-element_type=\"column\">\n\t\t\t<div class=\"elementor-widget-wrap elementor-element-populated\">\n\t\t\t\t\t\t<div class=\"elementor-element elementor-element-c558ab1 elementor-widget elementor-widget-heading\" data-id=\"c558ab1\" data-element_type=\"widget\" data-widget_type=\"heading.default\">\n\t\t\t\t<div class=\"elementor-widget-container\">\n\t\t\t\t\t<h2 class=\"elementor-heading-title elementor-size-default\">Seuraa meit\u00e4<\/h2>\t\t\t\t<\/div>\n\t\t\t\t<\/div>\n\t\t\t\t\t<\/div>\n\t\t<\/div>\n\t\t\t\t\t<\/div>\n\t\t<\/section>\n\t\t\t\t<section class=\"elementor-section elementor-top-section elementor-element elementor-element-71fcd07 elementor-section-boxed elementor-section-height-default elementor-section-height-default\" data-id=\"71fcd07\" data-element_type=\"section\">\n\t\t\t\t\t\t<div class=\"elementor-container elementor-column-gap-default\">\n\t\t\t\t\t<div class=\"elementor-column elementor-col-100 elementor-top-column elementor-element elementor-element-db61dad\" data-id=\"db61dad\" data-element_type=\"column\">\n\t\t\t<div class=\"elementor-widget-wrap elementor-element-populated\">\n\t\t\t\t\t\t<div class=\"elementor-element elementor-element-203dcd1 elementor-widget elementor-widget-text-editor\" data-id=\"203dcd1\" data-element_type=\"widget\" data-widget_type=\"text-editor.default\">\n\t\t\t\t<div class=\"elementor-widget-container\">\n\t\t\t\t\t\t\t\t\t<p><a href=\"https:\/\/www.instagram.com\/joensuunmetsaylioppilaat\/\" target=\"_blank\" rel=\"noopener\">Instagram<\/a><\/p>\n<p>Facebook:\u00a0<a href=\"https:\/\/www.facebook.com\/JMYOry\">https:\/\/www.facebook.com\/JMYOry<\/a>\u00a0<\/p>\n<p>Facebook-group <a href=\"https:\/\/www.facebook.com\/groups\/124933850920586\/\">https:\/\/www.facebook.com\/groups\/124933850920586\/<\/a><\/p>\n<p>Viva Engage: <a href=\"https:\/\/www.yammer.com\/uef.fi\/#\/threads\/inGroup?type=in_group&amp;feedId=9672389&amp;view=all\" target=\"_blank\" rel=\"noopener\">Joensuun Mets\u00e4ylioppilaat -ryhm\u00e4<\/a><\/p>\t\t\t\t\t\t\t\t<\/div>\n\t\t\t\t<\/div>\n\t\t\t\t\t<\/div>\n\t\t<\/div>\n\t\t\t\t\t<\/div>\n\t\t<\/section>\t\t<\/div>","protected":false},"excerpt":{"rendered":"<p>Tervetuloa opiskelemaan mets\u00e4tieteit\u00e4 ja osaksi mets\u00e4tieteiden opiskelijayhteis\u00f6\u00e4! Uutena opiskelijana voit halutessasi liitty\u00e4 ainej\u00e4rjest\u00e4mme j\u00e4seneksi ja l\u00e4hte\u00e4 mukaan muuhun ainej\u00e4rjest\u00f6toimintaan. Mutta mik\u00e4 ihmeen ainej\u00e4rjest\u00f6? T\u00e4h\u00e4n kysymykseen vastaamme sinulle t\u00e4ss\u00e4 tekstiss\u00e4. Lis\u00e4ksi [&hellip;]<\/p>","protected":false},"author":4,"featured_media":0,"parent":501,"menu_order":0,"comment_status":"closed","ping_status":"closed","template":"","meta":{"_acf_changed":false,"footnotes":""},"class_list":["post-116622","page","type-page","status-publish","hentry"],"acf":[],"yoast_head":"<!-- This site is optimized with the Yoast SEO plugin v24.7 - https:\/\/yoast.com\/wordpress\/plugins\/seo\/ -->\n<title>Torstille - Joensuun Mets\u00e4ylioppilaat ry<\/title>\n<meta name=\"robots\" content=\"index, follow, max-snippet:-1, max-image-preview:large, max-video-preview:-1\" \/>\n<link rel=\"canonical\" href=\"https:\/\/jmyo.fi\/en\/ainejarjesto\/torstille\/\" \/>\n<meta property=\"og:locale\" content=\"en_US\" \/>\n<meta property=\"og:type\" content=\"article\" \/>\n<meta property=\"og:title\" content=\"Torstille - Joensuun Mets\u00e4ylioppilaat ry\" \/>\n<meta property=\"og:description\" content=\"Tervetuloa opiskelemaan mets\u00e4tieteit\u00e4 ja osaksi mets\u00e4tieteiden opiskelijayhteis\u00f6\u00e4! Uutena opiskelijana voit halutessasi liitty\u00e4 ainej\u00e4rjest\u00e4mme j\u00e4seneksi ja l\u00e4hte\u00e4 mukaan muuhun ainej\u00e4rjest\u00f6toimintaan. Mutta mik\u00e4 ihmeen ainej\u00e4rjest\u00f6? T\u00e4h\u00e4n kysymykseen vastaamme sinulle t\u00e4ss\u00e4 tekstiss\u00e4. Lis\u00e4ksi [&hellip;]\" \/>\n<meta property=\"og:url\" content=\"https:\/\/jmyo.fi\/en\/ainejarjesto\/torstille\/\" \/>\n<meta property=\"og:site_name\" content=\"Joensuun Mets\u00e4ylioppilaat ry\" \/>\n<meta property=\"article:modified_time\" content=\"2025-03-28T06:00:56+00:00\" \/>\n<meta name=\"twitter:card\" content=\"summary_large_image\" \/>\n<meta name=\"twitter:label1\" content=\"Est. reading time\" \/>\n\t<meta name=\"twitter:data1\" content=\"2 minutes\" \/>\n<script type=\"application\/ld+json\" class=\"yoast-schema-graph\">{\"@context\":\"https:\/\/schema.org\",\"@graph\":[{\"@type\":\"WebPage\",\"@id\":\"https:\/\/jmyo.fi\/ainejarjesto\/torstille\/\",\"url\":\"https:\/\/jmyo.fi\/ainejarjesto\/torstille\/\",\"name\":\"Torstille - Joensuun Mets\u00e4ylioppilaat ry\",\"isPartOf\":{\"@id\":\"https:\/\/jmyo.fi\/#website\"},\"datePublished\":\"2021-07-29T16:16:56+00:00\",\"dateModified\":\"2025-03-28T06:00:56+00:00\",\"breadcrumb\":{\"@id\":\"https:\/\/jmyo.fi\/ainejarjesto\/torstille\/#breadcrumb\"},\"inLanguage\":\"en-US\",\"potentialAction\":[{\"@type\":\"ReadAction\",\"target\":[\"https:\/\/jmyo.fi\/ainejarjesto\/torstille\/\"]}]},{\"@type\":\"BreadcrumbList\",\"@id\":\"https:\/\/jmyo.fi\/ainejarjesto\/torstille\/#breadcrumb\",\"itemListElement\":[{\"@type\":\"ListItem\",\"position\":1,\"name\":\"Etusivu\",\"item\":\"https:\/\/jmyo.fi\/\"},{\"@type\":\"ListItem\",\"position\":2,\"name\":\"Ainej\u00e4rjest\u00f6\",\"item\":\"https:\/\/jmyo.fi\/ainejarjesto\/\"},{\"@type\":\"ListItem\",\"position\":3,\"name\":\"Torstille\"}]},{\"@type\":\"WebSite\",\"@id\":\"https:\/\/jmyo.fi\/#website\",\"url\":\"https:\/\/jmyo.fi\/\",\"name\":\"Joensuun Mets\u00e4ylioppilaat ry\",\"description\":\"Mets\u00e4tieteiden ainej\u00e4rjest\u00f6 vuodesta 1982\",\"publisher\":{\"@id\":\"https:\/\/jmyo.fi\/#organization\"},\"potentialAction\":[{\"@type\":\"SearchAction\",\"target\":{\"@type\":\"EntryPoint\",\"urlTemplate\":\"https:\/\/jmyo.fi\/?s={search_term_string}\"},\"query-input\":{\"@type\":\"PropertyValueSpecification\",\"valueRequired\":true,\"valueName\":\"search_term_string\"}}],\"inLanguage\":\"en-US\"},{\"@type\":\"Organization\",\"@id\":\"https:\/\/jmyo.fi\/#organization\",\"name\":\"Joensuun Mets\u00e4ylioppilaat ry\",\"url\":\"https:\/\/jmyo.fi\/\",\"logo\":{\"@type\":\"ImageObject\",\"inLanguage\":\"en-US\",\"@id\":\"https:\/\/jmyo.fi\/#\/schema\/logo\/image\/\",\"url\":\"https:\/\/jmyo.fi\/paasivusto\/wp-content\/uploads\/2021\/02\/cropped-cropped-logo_lehti_ympyra.png\",\"contentUrl\":\"https:\/\/jmyo.fi\/paasivusto\/wp-content\/uploads\/2021\/02\/cropped-cropped-logo_lehti_ympyra.png\",\"width\":512,\"height\":512,\"caption\":\"Joensuun Mets\u00e4ylioppilaat ry\"},\"image\":{\"@id\":\"https:\/\/jmyo.fi\/#\/schema\/logo\/image\/\"}}]}<\/script>\n<!-- \/ Yoast SEO plugin. -->","yoast_head_json":{"title":"Torstille - Joensuun Mets\u00e4ylioppilaat ry","robots":{"index":"index","follow":"follow","max-snippet":"max-snippet:-1","max-image-preview":"max-image-preview:large","max-video-preview":"max-video-preview:-1"},"canonical":"https:\/\/jmyo.fi\/en\/ainejarjesto\/torstille\/","og_locale":"en_US","og_type":"article","og_title":"Torstille - Joensuun Mets\u00e4ylioppilaat ry","og_description":"Tervetuloa opiskelemaan mets\u00e4tieteit\u00e4 ja osaksi mets\u00e4tieteiden opiskelijayhteis\u00f6\u00e4! Uutena opiskelijana voit halutessasi liitty\u00e4 ainej\u00e4rjest\u00e4mme j\u00e4seneksi ja l\u00e4hte\u00e4 mukaan muuhun ainej\u00e4rjest\u00f6toimintaan. Mutta mik\u00e4 ihmeen ainej\u00e4rjest\u00f6? T\u00e4h\u00e4n kysymykseen vastaamme sinulle t\u00e4ss\u00e4 tekstiss\u00e4. Lis\u00e4ksi [&hellip;]","og_url":"https:\/\/jmyo.fi\/en\/ainejarjesto\/torstille\/","og_site_name":"Joensuun Mets\u00e4ylioppilaat ry","article_modified_time":"2025-03-28T06:00:56+00:00","twitter_card":"summary_large_image","twitter_misc":{"Est. reading time":"2 minutes"},"schema":{"@context":"https:\/\/schema.org","@graph":[{"@type":"WebPage","@id":"https:\/\/jmyo.fi\/ainejarjesto\/torstille\/","url":"https:\/\/jmyo.fi\/ainejarjesto\/torstille\/","name":"Torstille - Joensuun Mets\u00e4ylioppilaat ry","isPartOf":{"@id":"https:\/\/jmyo.fi\/#website"},"datePublished":"2021-07-29T16:16:56+00:00","dateModified":"2025-03-28T06:00:56+00:00","breadcrumb":{"@id":"https:\/\/jmyo.fi\/ainejarjesto\/torstille\/#breadcrumb"},"inLanguage":"en-US","potentialAction":[{"@type":"ReadAction","target":["https:\/\/jmyo.fi\/ainejarjesto\/torstille\/"]}]},{"@type":"BreadcrumbList","@id":"https:\/\/jmyo.fi\/ainejarjesto\/torstille\/#breadcrumb","itemListElement":[{"@type":"ListItem","position":1,"name":"Etusivu","item":"https:\/\/jmyo.fi\/"},{"@type":"ListItem","position":2,"name":"Ainej\u00e4rjest\u00f6","item":"https:\/\/jmyo.fi\/ainejarjesto\/"},{"@type":"ListItem","position":3,"name":"Torstille"}]},{"@type":"WebSite","@id":"https:\/\/jmyo.fi\/#website","url":"https:\/\/jmyo.fi\/","name":"Joensuun Mets\u00e4ylioppilaat ry","description":"Mets\u00e4tieteiden ainej\u00e4rjest\u00f6 vuodesta 1982","publisher":{"@id":"https:\/\/jmyo.fi\/#organization"},"potentialAction":[{"@type":"SearchAction","target":{"@type":"EntryPoint","urlTemplate":"https:\/\/jmyo.fi\/?s={search_term_string}"},"query-input":{"@type":"PropertyValueSpecification","valueRequired":true,"valueName":"search_term_string"}}],"inLanguage":"en-US"},{"@type":"Organization","@id":"https:\/\/jmyo.fi\/#organization","name":"Joensuun Mets\u00e4ylioppilaat ry","url":"https:\/\/jmyo.fi\/","logo":{"@type":"ImageObject","inLanguage":"en-US","@id":"https:\/\/jmyo.fi\/#\/schema\/logo\/image\/","url":"https:\/\/jmyo.fi\/paasivusto\/wp-content\/uploads\/2021\/02\/cropped-cropped-logo_lehti_ympyra.png","contentUrl":"https:\/\/jmyo.fi\/paasivusto\/wp-content\/uploads\/2021\/02\/cropped-cropped-logo_lehti_ympyra.png","width":512,"height":512,"caption":"Joensuun Mets\u00e4ylioppilaat ry"},"image":{"@id":"https:\/\/jmyo.fi\/#\/schema\/logo\/image\/"}}]}},"_links":{"self":[{"href":"https:\/\/jmyo.fi\/en\/wp-json\/wp\/v2\/pages\/116622","targetHints":{"allow":["GET"]}}],"collection":[{"href":"https:\/\/jmyo.fi\/en\/wp-json\/wp\/v2\/pages"}],"about":[{"href":"https:\/\/jmyo.fi\/en\/wp-json\/wp\/v2\/types\/page"}],"author":[{"embeddable":true,"href":"https:\/\/jmyo.fi\/en\/wp-json\/wp\/v2\/users\/4"}],"replies":[{"embeddable":true,"href":"https:\/\/jmyo.fi\/en\/wp-json\/wp\/v2\/comments?post=116622"}],"version-history":[{"count":3,"href":"https:\/\/jmyo.fi\/en\/wp-json\/wp\/v2\/pages\/116622\/revisions"}],"predecessor-version":[{"id":119888,"href":"https:\/\/jmyo.fi\/en\/wp-json\/wp\/v2\/pages\/116622\/revisions\/119888"}],"up":[{"embeddable":true,"href":"https:\/\/jmyo.fi\/en\/wp-json\/wp\/v2\/pages\/501"}],"wp:attachment":[{"href":"https:\/\/jmyo.fi\/en\/wp-json\/wp\/v2\/media?parent=116622"}],"curies":[{"name":"wp","href":"https:\/\/api.w.org\/{rel}","templated":true}]}}